{"id":62291,"date":"2025-02-06T05:17:33","date_gmt":"2025-02-06T05:17:33","guid":{"rendered":"https:\/\/e.kosmolat.eu\/product\/green-sharmacy-bamboo-niacinamide-face-night-cream-50ml\/"},"modified":"2026-05-08T21:16:18","modified_gmt":"2026-05-08T21:16:18","slug":"gp-bambuss-niacinamids-nakts-sejas-krems-50-ml","status":"publish","type":"product","link":"https:\/\/e.kosmolat.eu\/lt\/produktas\/gp-bambuss-niacinamids-nakts-sejas-krems-50-ml\/","title":{"rendered":"GREEN PHARMACY Kremas veidui Naktinis. Bamboo + Niacinamide, 50 ml"},"content":{"rendered":"<p>\u0160ios serijos produkt\u0173 naudojimas pad\u0117s subalansuoti \u012fvairius mi\u0161rios odos poreikius, suteiks mati\u0161kumo ir dr\u0117kinimo efekt\u0105, taip pat suteiks odai sveik\u0105 i\u0161vaizd\u0105.<\/p>\n<p>Aktyv\u016bs ingredientai:<br \/>\n\u2022 Niacinamidas (vitaminas B3\/PP) normalizuoja riebal\u0173 sekrecij\u0105, lygina od\u0105, padeda suma\u017einti por\u0173 atsiradim\u0105, i\u0161lygina odos atspalv\u012f, apsaugo nuo pigmentacijos ir netobulum\u0173 susidarymo.<br \/>\n\u2022 Fermentuotas bambuk\u0173 ekstraktas i\u0161laiko ger\u0105 odos b\u016bkl\u0119, j\u0105 mink\u0161tina ir lygina. Padeda i\u0161laikyti dr\u0117gm\u0119 odoje ir gerina elastingum\u0105. Fermentacijos procesas daro visas naudingas bambuko med\u017eiagas lengviau prieinamas odai, u\u017etikrina greit\u0105 atsinaujinim\u0105 ir maitinim\u0105. Jis ne tik detoksikuoja, bet ir jaunina bei dr\u0117kina od\u0105.<\/p>\n<p>Naktinis kremas ramina ir atkuria od\u0105 miego ir poilsio metu, ma\u017eina por\u0173 atsiradim\u0105 ir apsaugo nuo netobulum\u0173 atsiradimo.<\/p>\n<p>Savyb\u0117s:<br \/>\n\u2022 dr\u0117kinimas;<br \/>\n\u2022 atsigavimas;<br \/>\n\u2022 odos maitinimas;<br \/>\n\u2022 apsauga nuo sen\u0117jimo po\u017eymi\u0173;<br \/>\n\u2022 rauk\u0161li\u0173 matomumo ma\u017einimas;<br \/>\n\u2022 odos elastingumo didinimas;<br \/>\n\u2022 raminantis.<\/p>\n<p>Naudojimas: nedidel\u012f kiek\u012f kremo u\u017etepkite ant veido odos. Naudokite prie\u0161 nakt\u012f.<\/p>\n<p>Atsargumo priemon\u0117s: galimas padid\u0117j\u0119s individualus jautrumas atskiriems komponentams.<\/p>\n<p>Laikyti nuo +5\u00b0C iki +25\u00b0C temperat\u016broje.<\/p>\n<p>Geriausias: 30 m\u0117nesi\u0173 nuo pagaminimo datos.<\/p>\n","protected":false},"excerpt":{"rendered":"<p>\u0160ios serijos produkt\u0173 naudojimas pad\u0117s subalansuoti \u012fvairius mi\u0161rios odos poreikius, suteiks mati\u0161kumo ir dr\u0117kinimo efekt\u0105, taip pat suteiks odai sveik\u0105 i\u0161vaizd\u0105. Aktyv\u016bs ingredientai: \u2022 Niacinamidas (vitaminas B3\/PP) normalizuoja riebal\u0173 sekrecij\u0105, lygina od\u0105, padeda suma\u017einti por\u0173 atsiradim\u0105, i\u0161lygina odos atspalv\u012f, apsaugo nuo pigmentacijos ir netobulum\u0173 susidarymo. \u2022 Fermentuotas bambuk\u0173 ekstraktas i\u0161laiko ger\u0105 odos b\u016bkl\u0119, j\u0105 mink\u0161tina [&#8230;]\n","protected":false},"featured_media":93130,"template":"","meta":[],"product_cat":[1322],"product_tag":[],"class_list":{"0":"post-62291","1":"product","2":"type-product","3":"status-publish","4":"has-post-thumbnail","6":"product_brand-elfa_ua-lt","7":"product_cat-veido-kremai","9":"first","10":"instock","11":"sale","12":"taxable","13":"shipping-taxable","14":"product-type-simple"},"_links":{"self":[{"href":"https:\/\/e.kosmolat.eu\/lt\/wp-json\/wp\/v2\/product\/62291","targetHints":{"allow":["GET"]}}],"collection":[{"href":"https:\/\/e.kosmolat.eu\/lt\/wp-json\/wp\/v2\/product"}],"about":[{"href":"https:\/\/e.kosmolat.eu\/lt\/wp-json\/wp\/v2\/types\/product"}],"wp:featuredmedia":[{"embeddable":true,"href":"https:\/\/e.kosmolat.eu\/lt\/wp-json\/wp\/v2\/media\/93130"}],"wp:attachment":[{"href":"https:\/\/e.kosmolat.eu\/lt\/wp-json\/wp\/v2\/media?parent=62291"}],"wp:term":[{"taxonomy":"product_cat","embeddable":true,"href":"https:\/\/e.kosmolat.eu\/lt\/wp-json\/wp\/v2\/product_cat?post=62291"},{"taxonomy":"product_tag","embeddable":true,"href":"https:\/\/e.kosmolat.eu\/lt\/wp-json\/wp\/v2\/product_tag?post=62291"}],"curies":[{"name":"wp","href":"https:\/\/api.w.org\/{rel}","templated":true}]}}