{"id":62275,"date":"2025-02-06T05:06:11","date_gmt":"2025-02-06T05:06:11","guid":{"rendered":"https:\/\/e.kosmolat.eu\/product\/green-sharmacy-bamboo-niacinamide-face-foam-150ml\/"},"modified":"2026-04-10T06:28:30","modified_gmt":"2026-04-10T06:28:30","slug":"gp-bambuss-niacinamids-sejas-mazg-putas-150-ml","status":"publish","type":"product","link":"https:\/\/e.kosmolat.eu\/lt\/produktas\/gp-bambuss-niacinamids-sejas-mazg-putas-150-ml\/","title":{"rendered":"GREEN PHARMACY Putos veidui prausti. Bamboo + Niacinamide, 150 ml"},"content":{"rendered":"<p>Nuvalo veid\u0105, pa\u0161alina sebumo ir makia\u017eo pertekli\u0173, ma\u017eina por\u0173 matomum\u0105, odos netobulumus ir blizges\u012f T zonoje.<\/p>\n<p>Naudojimas: sukamaisiais, lengvais masa\u017euojamaisiais judesiais paskirstykite putas ant dr\u0117gno veido. Nuplaukite vandeniu.<\/p>\n<p>Atsargumo priemon\u0117s: galimas padid\u0117j\u0119s individualus jautrumas atskiriems komponentams.<\/p>\n<p>Laikyti nuo +5\u00b0C iki +25\u00b0C temperat\u016broje.<\/p>\n<p>Geriausias: 30 m\u0117nesi\u0173 nuo pagaminimo datos.<\/p>\n","protected":false},"excerpt":{"rendered":"<p>Nuvalo veid\u0105, pa\u0161alina sebumo ir makia\u017eo pertekli\u0173, ma\u017eina por\u0173 matomum\u0105, odos netobulumus ir blizges\u012f T zonoje. Naudojimas: sukamaisiais, lengvais masa\u017euojamaisiais judesiais paskirstykite putas ant dr\u0117gno veido. Nuplaukite vandeniu. Atsargumo priemon\u0117s: galimas padid\u0117j\u0119s individualus jautrumas atskiriems komponentams. Laikyti nuo +5\u00b0C iki +25\u00b0C temperat\u016broje. Geriausias: 30 m\u0117nesi\u0173 nuo pagaminimo datos.<\/p>\n","protected":false},"featured_media":93134,"template":"","meta":[],"product_cat":[1835],"product_tag":[],"class_list":{"0":"post-62275","1":"product","2":"type-product","3":"status-publish","4":"has-post-thumbnail","6":"product_brand-elfa_ua-lt","7":"product_cat-prausimosi-putos","9":"first","10":"instock","11":"taxable","12":"shipping-taxable","13":"product-type-simple"},"_links":{"self":[{"href":"https:\/\/e.kosmolat.eu\/lt\/wp-json\/wp\/v2\/product\/62275","targetHints":{"allow":["GET"]}}],"collection":[{"href":"https:\/\/e.kosmolat.eu\/lt\/wp-json\/wp\/v2\/product"}],"about":[{"href":"https:\/\/e.kosmolat.eu\/lt\/wp-json\/wp\/v2\/types\/product"}],"wp:featuredmedia":[{"embeddable":true,"href":"https:\/\/e.kosmolat.eu\/lt\/wp-json\/wp\/v2\/media\/93134"}],"wp:attachment":[{"href":"https:\/\/e.kosmolat.eu\/lt\/wp-json\/wp\/v2\/media?parent=62275"}],"wp:term":[{"taxonomy":"product_cat","embeddable":true,"href":"https:\/\/e.kosmolat.eu\/lt\/wp-json\/wp\/v2\/product_cat?post=62275"},{"taxonomy":"product_tag","embeddable":true,"href":"https:\/\/e.kosmolat.eu\/lt\/wp-json\/wp\/v2\/product_tag?post=62275"}],"curies":[{"name":"wp","href":"https:\/\/api.w.org\/{rel}","templated":true}]}}