{"id":62258,"date":"2025-02-05T05:02:52","date_gmt":"2025-02-05T05:02:52","guid":{"rendered":"https:\/\/e.kosmolat.eu\/product\/gp-kaktuss-skvalans-sejas-mazg-putas-150-ml\/"},"modified":"2026-04-08T06:32:23","modified_gmt":"2026-04-08T06:32:23","slug":"gp-kaktuss-skvalans-sejas-mazg-putas-150-ml","status":"publish","type":"product","link":"https:\/\/e.kosmolat.eu\/lt\/produktas\/gp-kaktuss-skvalans-sejas-mazg-putas-150-ml\/","title":{"rendered":"GREEN PHARMACY Prausimosi putos veidui Kaktusas + skvalanas, 150 ml"},"content":{"rendered":"<p>Putos puikiai valo od\u0105, paruo\u0161damos j\u0105 v\u0117lesn\u0117ms prie\u017ei\u016bros proced\u016broms. Patogus naudoti. Vegani\u0161kas produktas.<\/p>\n<p>Naudojimas: sukamaisiais, lengvais masa\u017euojamaisiais judesiais paskirstykite putas ant dr\u0117gno veido. Nuplaukite vandeniu.<\/p>\n<p>Atsargumo priemon\u0117s: galimas padid\u0117j\u0119s individualus jautrumas atskiriems komponentams.<br \/>\nLaikyti nuo +5\u00b0C iki +25\u00b0C temperat\u016broje.<\/p>\n<p>Geriausias: 30 m\u0117nesi\u0173 nuo pagaminimo datos.<\/p>\n","protected":false},"excerpt":{"rendered":"<p>Putos puikiai valo od\u0105, paruo\u0161damos j\u0105 v\u0117lesn\u0117ms prie\u017ei\u016bros proced\u016broms. Patogus naudoti. Vegani\u0161kas produktas. Naudojimas: sukamaisiais, lengvais masa\u017euojamaisiais judesiais paskirstykite putas ant dr\u0117gno veido. Nuplaukite vandeniu. Atsargumo priemon\u0117s: galimas padid\u0117j\u0119s individualus jautrumas atskiriems komponentams. Laikyti nuo +5\u00b0C iki +25\u00b0C temperat\u016broje. Geriausias: 30 m\u0117nesi\u0173 nuo pagaminimo datos.<\/p>\n","protected":false},"featured_media":93158,"template":"","meta":[],"product_cat":[1835],"product_tag":[],"class_list":{"0":"post-62258","1":"product","2":"type-product","3":"status-publish","4":"has-post-thumbnail","6":"product_brand-elfa_ua-lt","7":"product_cat-prausimosi-putos","9":"first","10":"instock","11":"taxable","12":"shipping-taxable","13":"product-type-simple"},"_links":{"self":[{"href":"https:\/\/e.kosmolat.eu\/lt\/wp-json\/wp\/v2\/product\/62258","targetHints":{"allow":["GET"]}}],"collection":[{"href":"https:\/\/e.kosmolat.eu\/lt\/wp-json\/wp\/v2\/product"}],"about":[{"href":"https:\/\/e.kosmolat.eu\/lt\/wp-json\/wp\/v2\/types\/product"}],"wp:featuredmedia":[{"embeddable":true,"href":"https:\/\/e.kosmolat.eu\/lt\/wp-json\/wp\/v2\/media\/93158"}],"wp:attachment":[{"href":"https:\/\/e.kosmolat.eu\/lt\/wp-json\/wp\/v2\/media?parent=62258"}],"wp:term":[{"taxonomy":"product_cat","embeddable":true,"href":"https:\/\/e.kosmolat.eu\/lt\/wp-json\/wp\/v2\/product_cat?post=62258"},{"taxonomy":"product_tag","embeddable":true,"href":"https:\/\/e.kosmolat.eu\/lt\/wp-json\/wp\/v2\/product_tag?post=62258"}],"curies":[{"name":"wp","href":"https:\/\/api.w.org\/{rel}","templated":true}]}}