{"id":62250,"date":"2025-02-05T05:02:37","date_gmt":"2025-02-05T05:02:37","guid":{"rendered":"https:\/\/e.kosmolat.eu\/product\/gp-kaktuss-skvalans-micelarais-ud-200-ml\/"},"modified":"2026-04-08T11:13:29","modified_gmt":"2026-04-08T11:13:29","slug":"gp-kaktuss-skvalans-micelarais-ud-200-ml","status":"publish","type":"product","link":"https:\/\/e.kosmolat.eu\/lt\/produktas\/gp-kaktuss-skvalans-micelarais-ud-200-ml\/","title":{"rendered":"GREEN PHARMACY Micelinis vanduo  Kaktusas + skvalanas, 200 ml"},"content":{"rendered":"<p>Micelinis vanduo turi lengv\u0105 formul\u0119 be aliejaus, kuri padeda efektyviai pa\u0161alinti ne\u0161varumus, makia\u017e\u0105 ir riebal\u0173 pertekli\u0173. Idealiai tinka sausai, dehidratuotai odai. Vegani\u0161kas produktas.<\/p>\n<p>Naudojimas: nedidel\u012f kiek\u012f micelinio vandens u\u017etepkite ant vatos diskelio. \u0160velniai pa\u0161alinkite ne\u0161varumus nuo veido, srities aplink akis ir l\u016bpas. Skalauti nereikia<\/p>\n<p>Atsargumo priemon\u0117s: galimas padid\u0117j\u0119s individualus jautrumas atskiriems komponentams.<br \/>\nLaikyti nuo +5\u00b0C iki +25\u00b0C temperat\u016broje.<\/p>\n<p>Geriausias: 30 m\u0117nesi\u0173 nuo pagaminimo datos.<\/p>\n","protected":false},"excerpt":{"rendered":"<p>Micelinis vanduo turi lengv\u0105 formul\u0119 be aliejaus, kuri padeda efektyviai pa\u0161alinti ne\u0161varumus, makia\u017e\u0105 ir riebal\u0173 pertekli\u0173. Idealiai tinka sausai, dehidratuotai odai. Vegani\u0161kas produktas. Naudojimas: nedidel\u012f kiek\u012f micelinio vandens u\u017etepkite ant vatos diskelio. \u0160velniai pa\u0161alinkite ne\u0161varumus nuo veido, srities aplink akis ir l\u016bpas. Skalauti nereikia Atsargumo priemon\u0117s: galimas padid\u0117j\u0119s individualus jautrumas atskiriems komponentams. Laikyti nuo +5\u00b0C [&#8230;]\n","protected":false},"featured_media":93150,"template":"","meta":[],"product_cat":[1570],"product_tag":[],"class_list":{"0":"post-62250","1":"product","2":"type-product","3":"status-publish","4":"has-post-thumbnail","6":"product_brand-elfa_ua-lt","7":"product_cat-micelinis-vanduo","9":"first","10":"instock","11":"taxable","12":"shipping-taxable","13":"product-type-simple"},"_links":{"self":[{"href":"https:\/\/e.kosmolat.eu\/lt\/wp-json\/wp\/v2\/product\/62250","targetHints":{"allow":["GET"]}}],"collection":[{"href":"https:\/\/e.kosmolat.eu\/lt\/wp-json\/wp\/v2\/product"}],"about":[{"href":"https:\/\/e.kosmolat.eu\/lt\/wp-json\/wp\/v2\/types\/product"}],"wp:featuredmedia":[{"embeddable":true,"href":"https:\/\/e.kosmolat.eu\/lt\/wp-json\/wp\/v2\/media\/93150"}],"wp:attachment":[{"href":"https:\/\/e.kosmolat.eu\/lt\/wp-json\/wp\/v2\/media?parent=62250"}],"wp:term":[{"taxonomy":"product_cat","embeddable":true,"href":"https:\/\/e.kosmolat.eu\/lt\/wp-json\/wp\/v2\/product_cat?post=62250"},{"taxonomy":"product_tag","embeddable":true,"href":"https:\/\/e.kosmolat.eu\/lt\/wp-json\/wp\/v2\/product_tag?post=62250"}],"curies":[{"name":"wp","href":"https:\/\/api.w.org\/{rel}","templated":true}]}}