{"id":62242,"date":"2025-02-05T05:02:18","date_gmt":"2025-02-05T05:02:18","guid":{"rendered":"https:\/\/e.kosmolat.eu\/product\/gp-kaktuss-skvalans-dienas-sejas-krems-50-ml\/"},"modified":"2026-04-15T11:53:46","modified_gmt":"2026-04-15T11:53:46","slug":"gp-kaktuss-skvalans-dienas-sejas-krems-50-ml","status":"publish","type":"product","link":"https:\/\/e.kosmolat.eu\/lt\/produktas\/gp-kaktuss-skvalans-dienas-sejas-krems-50-ml\/","title":{"rendered":"GREEN PHARMACY Kremas veidui Dieninis Kaktusas + skvalanas, 50 ml"},"content":{"rendered":"<p>\u0160ios serijos produkt\u0173 naudojimas pad\u0117s efektyviai susidoroti su sausa oda, u\u017etikrins jos atstatym\u0105, dr\u0117kinim\u0105 ir raminim\u0105.<\/p>\n<p>\u2022 Kaktus\u0173 ekstraktas (Opuntia Ficus-Indica ekstraktas) yra idealus ingredientas tiek sausai, tiek riebiai odai. Jis intensyviai dr\u0117kina ir tonizuoja od\u0105. D\u0117l didelio vitamin\u0173 ir mineral\u0173 kiekio ekstraktas prisotina od\u0105 dr\u0117gme, daro j\u0105 elasting\u0105 ir suteikia spindesio.<br \/>\n\u2022 Skvalanas \u2013 augalinis komponentas, gaunamas i\u0161 alyvuogi\u0173 aliejaus, kuris kompleksi\u0161kai veikia od\u0105: dr\u0117kina ir neleid\u017eia prarasti dr\u0117gm\u0117s pertekliaus. Daro od\u0105 \u0161velni\u0105 ir elasting\u0105.<\/p>\n<p>Savyb\u0117s:<br \/>\n\u2022 dr\u0117kinimas;<br \/>\n\u2022 sveika ir \u0161vytinti oda;<br \/>\n\u2022 i\u0161saus\u0117jimo problem\u0173 \u0161alinimas;<br \/>\n\u2022 rauk\u0161li\u0173 matomumo ma\u017einimas;<br \/>\n\u2022 raminantis poveikis;<br \/>\n\u2022 suvienodina odos atspalv\u012f;<br \/>\n\u2022 padid\u0117j\u0119s elastingumas;<br \/>\n\u2022 tinka kaip makia\u017eo pagrindas.<\/p>\n<p>Naudojimas: nedidel\u012f kiek\u012f kremo tepkite ant veido odos vis\u0105 dien\u0105.Atsargumo priemon\u0117s: galimas padid\u0117j\u0119s individualus jautrumas atskiriems komponentams.<\/p>\n<p>Laikyti nuo +5\u00b0C iki +25\u00b0C temperat\u016broje.<\/p>\n<p>Geriausias: 30 m\u0117nesi\u0173 nuo pagaminimo datos.<\/p>\n","protected":false},"excerpt":{"rendered":"<p>\u0160ios serijos produkt\u0173 naudojimas pad\u0117s efektyviai susidoroti su sausa oda, u\u017etikrins jos atstatym\u0105, dr\u0117kinim\u0105 ir raminim\u0105. \u2022 Kaktus\u0173 ekstraktas (Opuntia Ficus-Indica ekstraktas) yra idealus ingredientas tiek sausai, tiek riebiai odai. Jis intensyviai dr\u0117kina ir tonizuoja od\u0105. D\u0117l didelio vitamin\u0173 ir mineral\u0173 kiekio ekstraktas prisotina od\u0105 dr\u0117gme, daro j\u0105 elasting\u0105 ir suteikia spindesio. \u2022 Skvalanas \u2013 [&#8230;]\n","protected":false},"featured_media":93142,"template":"","meta":[],"product_cat":[1322],"product_tag":[],"class_list":{"0":"post-62242","1":"product","2":"type-product","3":"status-publish","4":"has-post-thumbnail","6":"product_brand-elfa_ua-lt","7":"product_cat-veido-kremai","9":"first","10":"instock","11":"taxable","12":"shipping-taxable","13":"product-type-simple"},"_links":{"self":[{"href":"https:\/\/e.kosmolat.eu\/lt\/wp-json\/wp\/v2\/product\/62242","targetHints":{"allow":["GET"]}}],"collection":[{"href":"https:\/\/e.kosmolat.eu\/lt\/wp-json\/wp\/v2\/product"}],"about":[{"href":"https:\/\/e.kosmolat.eu\/lt\/wp-json\/wp\/v2\/types\/product"}],"wp:featuredmedia":[{"embeddable":true,"href":"https:\/\/e.kosmolat.eu\/lt\/wp-json\/wp\/v2\/media\/93142"}],"wp:attachment":[{"href":"https:\/\/e.kosmolat.eu\/lt\/wp-json\/wp\/v2\/media?parent=62242"}],"wp:term":[{"taxonomy":"product_cat","embeddable":true,"href":"https:\/\/e.kosmolat.eu\/lt\/wp-json\/wp\/v2\/product_cat?post=62242"},{"taxonomy":"product_tag","embeddable":true,"href":"https:\/\/e.kosmolat.eu\/lt\/wp-json\/wp\/v2\/product_tag?post=62242"}],"curies":[{"name":"wp","href":"https:\/\/api.w.org\/{rel}","templated":true}]}}