{"id":62238,"date":"2025-02-04T11:53:23","date_gmt":"2025-02-04T11:53:23","guid":{"rendered":"https:\/\/e.kosmolat.eu\/?post_type=product&#038;p=62238"},"modified":"2026-04-23T09:12:41","modified_gmt":"2026-04-23T09:12:41","slug":"shik-renais-tualetes-kremziepes-roze-125-g","status":"publish","type":"product","link":"https:\/\/e.kosmolat.eu\/lt\/produktas\/shik-renais-tualetes-kremziepes-roze-125-g\/","title":{"rendered":"SHIK RENAISSANCE Tualetinis muilas-kremas Ro\u017e\u0117, 125 g"},"content":{"rendered":"<p>D\u016bminis ro\u017ei\u0173 kvapas su vanil\u0117s prieskoniais.<\/p>\n<p>Saugojimas: laikyti sausose, u\u017edengtose, gerai v\u0117dinamose patalpose.<\/p>\n<p>Atsargumo priemon\u0117s: Patekus \u012f akis, kruop\u0161\u010diai nuplaukite tekan\u010diu vandeniu.<\/p>\n<p>Tinkamumo laikas: 5 metai nuo pagaminimo datos.<\/p>\n","protected":false},"excerpt":{"rendered":"<p>D\u016bminis ro\u017ei\u0173 kvapas su vanil\u0117s prieskoniais. Saugojimas: laikyti sausose, u\u017edengtose, gerai v\u0117dinamose patalpose. Atsargumo priemon\u0117s: Patekus \u012f akis, kruop\u0161\u010diai nuplaukite tekan\u010diu vandeniu. Tinkamumo laikas: 5 metai nuo pagaminimo datos.<\/p>\n","protected":false},"featured_media":98510,"template":"","meta":[],"product_cat":[2181],"product_tag":[],"class_list":{"0":"post-62238","1":"product","2":"type-product","3":"status-publish","4":"has-post-thumbnail","6":"product_brand-slobozanskij-milovar_ua-lt","7":"product_cat-bez-kategorijas-lt","9":"first","10":"instock","11":"taxable","12":"shipping-taxable","13":"product-type-simple"},"_links":{"self":[{"href":"https:\/\/e.kosmolat.eu\/lt\/wp-json\/wp\/v2\/product\/62238","targetHints":{"allow":["GET"]}}],"collection":[{"href":"https:\/\/e.kosmolat.eu\/lt\/wp-json\/wp\/v2\/product"}],"about":[{"href":"https:\/\/e.kosmolat.eu\/lt\/wp-json\/wp\/v2\/types\/product"}],"wp:featuredmedia":[{"embeddable":true,"href":"https:\/\/e.kosmolat.eu\/lt\/wp-json\/wp\/v2\/media\/98510"}],"wp:attachment":[{"href":"https:\/\/e.kosmolat.eu\/lt\/wp-json\/wp\/v2\/media?parent=62238"}],"wp:term":[{"taxonomy":"product_cat","embeddable":true,"href":"https:\/\/e.kosmolat.eu\/lt\/wp-json\/wp\/v2\/product_cat?post=62238"},{"taxonomy":"product_tag","embeddable":true,"href":"https:\/\/e.kosmolat.eu\/lt\/wp-json\/wp\/v2\/product_tag?post=62238"}],"curies":[{"name":"wp","href":"https:\/\/api.w.org\/{rel}","templated":true}]}}