{"id":62218,"date":"2025-02-04T07:20:23","date_gmt":"2025-02-04T07:20:23","guid":{"rendered":"https:\/\/e.kosmolat.eu\/product\/dsc-collagen-pretgrumbu-serums-adai-ap-ac-50-ml\/"},"modified":"2026-04-23T09:32:40","modified_gmt":"2026-04-23T09:32:40","slug":"dsc-collagen-pretgrumbu-sejas-serums-ar-kolag-un-naves-jur-miner-50-ml","status":"publish","type":"product","link":"https:\/\/e.kosmolat.eu\/lt\/produktas\/dsc-collagen-pretgrumbu-sejas-serums-ar-kolag-un-naves-jur-miner-50-ml\/","title":{"rendered":"DEAD SEA COLLECTION Collagen Veido serumas nuo rauk\u0161li\u0173 su kolagenu ir Negyvosios j\u016bros mineralais,"},"content":{"rendered":"<p>Turtinga ir intensyvi kolageno serumo formul\u0117 skatina \u0161io strukt\u016brinio baltymo, atsakingo u\u017e odos jaunyst\u0119 ir elastingum\u0105, gamyb\u0105, taip pat padeda kovoti su smulkiomis rauk\u0161lel\u0117mis. Serume esantys Negyvosios j\u016bros mineralai ir kolagenas padeda odai atrodyti jaunai ir lygiai.<\/p>\n<p>Naudojimas: tepkite kiekvien\u0105 ryt\u0105 ir vakar\u0105 prie\u0161 dienin\u012f ir naktin\u012f krem\u0105, \u0161velniai \u012fmasa\u017euokite \u012f od\u0105.<\/p>\n<p>Sud\u0117tyje yra vitamino A. Prie\u0161 naudojim\u0105 b\u016btina atsi\u017evelgti \u012f paros norm\u0105.<\/p>\n","protected":false},"excerpt":{"rendered":"<p>Turtinga ir intensyvi kolageno serumo formul\u0117 skatina \u0161io strukt\u016brinio baltymo, atsakingo u\u017e odos jaunyst\u0119 ir elastingum\u0105, gamyb\u0105, taip pat padeda kovoti su smulkiomis rauk\u0161lel\u0117mis. Serume esantys Negyvosios j\u016bros mineralai ir kolagenas padeda odai atrodyti jaunai ir lygiai. Naudojimas: tepkite kiekvien\u0105 ryt\u0105 ir vakar\u0105 prie\u0161 dienin\u012f ir naktin\u012f krem\u0105, \u0161velniai \u012fmasa\u017euokite \u012f od\u0105. Sud\u0117tyje yra vitamino [&#8230;]\n","protected":false},"featured_media":93114,"template":"","meta":[],"product_cat":[1327],"product_tag":[],"class_list":{"0":"post-62218","1":"product","2":"type-product","3":"status-publish","4":"has-post-thumbnail","6":"product_brand-dead-sea_il-lt","7":"product_cat-serumai","9":"first","10":"instock","11":"taxable","12":"shipping-taxable","13":"product-type-simple"},"_links":{"self":[{"href":"https:\/\/e.kosmolat.eu\/lt\/wp-json\/wp\/v2\/product\/62218","targetHints":{"allow":["GET"]}}],"collection":[{"href":"https:\/\/e.kosmolat.eu\/lt\/wp-json\/wp\/v2\/product"}],"about":[{"href":"https:\/\/e.kosmolat.eu\/lt\/wp-json\/wp\/v2\/types\/product"}],"wp:featuredmedia":[{"embeddable":true,"href":"https:\/\/e.kosmolat.eu\/lt\/wp-json\/wp\/v2\/media\/93114"}],"wp:attachment":[{"href":"https:\/\/e.kosmolat.eu\/lt\/wp-json\/wp\/v2\/media?parent=62218"}],"wp:term":[{"taxonomy":"product_cat","embeddable":true,"href":"https:\/\/e.kosmolat.eu\/lt\/wp-json\/wp\/v2\/product_cat?post=62218"},{"taxonomy":"product_tag","embeddable":true,"href":"https:\/\/e.kosmolat.eu\/lt\/wp-json\/wp\/v2\/product_tag?post=62218"}],"curies":[{"name":"wp","href":"https:\/\/api.w.org\/{rel}","templated":true}]}}