{"id":62214,"date":"2025-02-03T14:36:44","date_gmt":"2025-02-03T14:36:44","guid":{"rendered":"https:\/\/e.kosmolat.eu\/product\/dsc-vitamin-c-dienas-sejas-kr-50-ml\/"},"modified":"2026-04-23T08:28:30","modified_gmt":"2026-04-23T08:28:30","slug":"dsc-vitamin-c-vitamin-c-mitr-un-izgaism-dienas-sejas-kr-ar-c-vit-50-ml","status":"publish","type":"product","link":"https:\/\/e.kosmolat.eu\/lt\/produktas\/dsc-vitamin-c-vitamin-c-mitr-un-izgaism-dienas-sejas-kr-ar-c-vit-50-ml\/","title":{"rendered":"DEAD SEA COLLECTION Vitamin C Dr\u0117kinamasis ir \u0161viesinantis dieninis veido kremas su vitaminu C ir Ne"},"content":{"rendered":"<p>Pa\u017eangi formul\u0117 padeda dr\u0117kinti od\u0105. Kremo sud\u0117tyje yra verting\u0173 Negyvosios j\u016bros mineral\u0173 ir vitamino C, kurie tonizuoja od\u0105 ir prisotina j\u0105 b\u016btinais dr\u0117kinamaisiais komponentais. Naudojant kasdien, kremas padeda padidinti elastingum\u0105 ir pagerinti bendr\u0105 odos tonus\u0105.<\/p>\n<p>Naudojimas: Naudokite kiekvien\u0105 ryt\u0105 ir vis\u0105 dien\u0105 pagal poreik\u012f. \u012emasa\u017euokite krem\u0105 \u012f od\u0105 auk\u0161tyn nukreiptais judesiais. Tik i\u0161oriniam naudojimui. Vengti patekimo \u012f akis. Atid\u017eiai laikykit\u0117s naudojimo instrukcij\u0173. Netepkite ant pa\u017eeistos ar sudirgusios odos.<\/p>\n","protected":false},"excerpt":{"rendered":"<p>Pa\u017eangi formul\u0117 padeda dr\u0117kinti od\u0105. Kremo sud\u0117tyje yra verting\u0173 Negyvosios j\u016bros mineral\u0173 ir vitamino C, kurie tonizuoja od\u0105 ir prisotina j\u0105 b\u016btinais dr\u0117kinamaisiais komponentais. Naudojant kasdien, kremas padeda padidinti elastingum\u0105 ir pagerinti bendr\u0105 odos tonus\u0105. Naudojimas: Naudokite kiekvien\u0105 ryt\u0105 ir vis\u0105 dien\u0105 pagal poreik\u012f. \u012emasa\u017euokite krem\u0105 \u012f od\u0105 auk\u0161tyn nukreiptais judesiais. Tik i\u0161oriniam naudojimui. Vengti [&#8230;]\n","protected":false},"featured_media":93070,"template":"","meta":[],"product_cat":[1322],"product_tag":[],"class_list":{"0":"post-62214","1":"product","2":"type-product","3":"status-publish","4":"has-post-thumbnail","6":"product_brand-dead-sea_il-lt","7":"product_cat-veido-kremai","9":"first","10":"instock","11":"taxable","12":"shipping-taxable","13":"product-type-simple"},"_links":{"self":[{"href":"https:\/\/e.kosmolat.eu\/lt\/wp-json\/wp\/v2\/product\/62214","targetHints":{"allow":["GET"]}}],"collection":[{"href":"https:\/\/e.kosmolat.eu\/lt\/wp-json\/wp\/v2\/product"}],"about":[{"href":"https:\/\/e.kosmolat.eu\/lt\/wp-json\/wp\/v2\/types\/product"}],"wp:featuredmedia":[{"embeddable":true,"href":"https:\/\/e.kosmolat.eu\/lt\/wp-json\/wp\/v2\/media\/93070"}],"wp:attachment":[{"href":"https:\/\/e.kosmolat.eu\/lt\/wp-json\/wp\/v2\/media?parent=62214"}],"wp:term":[{"taxonomy":"product_cat","embeddable":true,"href":"https:\/\/e.kosmolat.eu\/lt\/wp-json\/wp\/v2\/product_cat?post=62214"},{"taxonomy":"product_tag","embeddable":true,"href":"https:\/\/e.kosmolat.eu\/lt\/wp-json\/wp\/v2\/product_tag?post=62214"}],"curies":[{"name":"wp","href":"https:\/\/api.w.org\/{rel}","templated":true}]}}