{"id":62210,"date":"2025-02-03T11:06:29","date_gmt":"2025-02-03T11:06:29","guid":{"rendered":"https:\/\/e.kosmolat.eu\/product\/dsc-24k-gold-collagen-dienas-sejas-kr-50-ml\/"},"modified":"2026-04-23T13:13:00","modified_gmt":"2026-04-23T13:13:00","slug":"dsc-24k-gold-collagen-atjaunin-un-atjaun-dienas-sejas-kr-ar-24k-zeltu-un-kolag-50-ml","status":"publish","type":"product","link":"https:\/\/e.kosmolat.eu\/lt\/produktas\/dsc-24k-gold-collagen-atjaunin-un-atjaun-dienas-sejas-kr-ar-24k-zeltu-un-kolag-50-ml\/","title":{"rendered":"DEAD SEA COLLECTION 24K Gold + Collagen + Kolagenas Atjauninantis ir atkuriantis dieninis veido krem"},"content":{"rendered":"<p>\u0160iame dr\u0117kinamajame kreme yra 24 karat\u0173 aukso, kolageno ir Negyvosios j\u016bros mineral\u0173. Dr\u0117kina saus\u0105 ir dehidratuot\u0105 od\u0105, padeda atkurti stangrum\u0105 ir elastingum\u0105. Oda tampa pastebimai labiau dr\u0117kinama, atnaujinta ir elastingesn\u0117. D\u0117l to oda \u012fgauna jaunatvi\u0161k\u0105 ir gaivi\u0105 i\u0161vaizd\u0105.<\/p>\n<p>Naudojimas: Masa\u017euojan\u010diais judesiais tolygiai paskirstykite ant veido ir kaklo plonu kremo sluoksniu. Naudokite kiekvien\u0105 ryt\u0105 ir vis\u0105 dien\u0105 pagal poreik\u012f. Tik i\u0161oriniam naudojimui. Vengti patekimo \u012f akis. Atid\u017eiai laikykit\u0117s naudojimo instrukcij\u0173. Netepkite ant pa\u017eeistos ar sudirgusios odos.<\/p>\n","protected":false},"excerpt":{"rendered":"<p>\u0160iame dr\u0117kinamajame kreme yra 24 karat\u0173 aukso, kolageno ir Negyvosios j\u016bros mineral\u0173. Dr\u0117kina saus\u0105 ir dehidratuot\u0105 od\u0105, padeda atkurti stangrum\u0105 ir elastingum\u0105. Oda tampa pastebimai labiau dr\u0117kinama, atnaujinta ir elastingesn\u0117. D\u0117l to oda \u012fgauna jaunatvi\u0161k\u0105 ir gaivi\u0105 i\u0161vaizd\u0105. Naudojimas: Masa\u017euojan\u010diais judesiais tolygiai paskirstykite ant veido ir kaklo plonu kremo sluoksniu. Naudokite kiekvien\u0105 ryt\u0105 ir vis\u0105 [&#8230;]\n","protected":false},"featured_media":93074,"template":"","meta":[],"product_cat":[1322],"product_tag":[],"class_list":{"0":"post-62210","1":"product","2":"type-product","3":"status-publish","4":"has-post-thumbnail","6":"product_brand-dead-sea_il-lt","7":"product_cat-veido-kremai","9":"first","10":"instock","11":"taxable","12":"shipping-taxable","13":"product-type-simple"},"_links":{"self":[{"href":"https:\/\/e.kosmolat.eu\/lt\/wp-json\/wp\/v2\/product\/62210","targetHints":{"allow":["GET"]}}],"collection":[{"href":"https:\/\/e.kosmolat.eu\/lt\/wp-json\/wp\/v2\/product"}],"about":[{"href":"https:\/\/e.kosmolat.eu\/lt\/wp-json\/wp\/v2\/types\/product"}],"wp:featuredmedia":[{"embeddable":true,"href":"https:\/\/e.kosmolat.eu\/lt\/wp-json\/wp\/v2\/media\/93074"}],"wp:attachment":[{"href":"https:\/\/e.kosmolat.eu\/lt\/wp-json\/wp\/v2\/media?parent=62210"}],"wp:term":[{"taxonomy":"product_cat","embeddable":true,"href":"https:\/\/e.kosmolat.eu\/lt\/wp-json\/wp\/v2\/product_cat?post=62210"},{"taxonomy":"product_tag","embeddable":true,"href":"https:\/\/e.kosmolat.eu\/lt\/wp-json\/wp\/v2\/product_tag?post=62210"}],"curies":[{"name":"wp","href":"https:\/\/api.w.org\/{rel}","templated":true}]}}