{"id":62206,"date":"2025-02-03T10:06:29","date_gmt":"2025-02-03T10:06:29","guid":{"rendered":"https:\/\/e.kosmolat.eu\/product\/skin-care-collagen-mitrin-un-barojos-kr-sejai-kaklam-un-rokam-500-ml\/"},"modified":"2026-04-22T11:41:05","modified_gmt":"2026-04-22T11:41:05","slug":"skin-care-collagen-mitrin-un-barojos-kr-sejai-kaklam-un-rokam-ar-kolag-500-ml","status":"publish","type":"product","link":"https:\/\/e.kosmolat.eu\/lt\/produktas\/skin-care-collagen-mitrin-un-barojos-kr-sejai-kaklam-un-rokam-ar-kolag-500-ml\/","title":{"rendered":"SKIN CARE Collagen Dr\u0117kinamasis ir maitinamasis veido, kaklo ir rank\u0173 kremas su kolagenu, 500 ml"},"content":{"rendered":"<p>\u0160velnus ir lengvai \u012fsigeriantis kremas, praturtintas kolagenu, pad\u0117s dr\u0117kinti ir maitinti od\u0105, daro od\u0105 \u0161velni\u0105 ir lygi\u0105.<\/p>\n<p>Naudojimas: U\u017etepkite pakankam\u0105 kiek\u012f kremo ant \u0161varios veido, kaklo ar rank\u0173 odos.  \u0160velniai \u012fmasa\u017euokite sukamaisiais judesiais, kol visi\u0161kai \u012fsigers.<\/p>\n","protected":false},"excerpt":{"rendered":"<p>\u0160velnus ir lengvai \u012fsigeriantis kremas, praturtintas kolagenu, pad\u0117s dr\u0117kinti ir maitinti od\u0105, daro od\u0105 \u0161velni\u0105 ir lygi\u0105. Naudojimas: U\u017etepkite pakankam\u0105 kiek\u012f kremo ant \u0161varios veido, kaklo ar rank\u0173 odos. \u0160velniai \u012fmasa\u017euokite sukamaisiais judesiais, kol visi\u0161kai \u012fsigers.<\/p>\n","protected":false},"featured_media":93078,"template":"","meta":[],"product_cat":[2181],"product_tag":[],"class_list":{"0":"post-62206","1":"product","2":"type-product","3":"status-publish","4":"has-post-thumbnail","6":"product_brand-dead-sea_il-lt","7":"product_cat-bez-kategorijas-lt","9":"first","10":"instock","11":"taxable","12":"shipping-taxable","13":"product-type-simple"},"_links":{"self":[{"href":"https:\/\/e.kosmolat.eu\/lt\/wp-json\/wp\/v2\/product\/62206","targetHints":{"allow":["GET"]}}],"collection":[{"href":"https:\/\/e.kosmolat.eu\/lt\/wp-json\/wp\/v2\/product"}],"about":[{"href":"https:\/\/e.kosmolat.eu\/lt\/wp-json\/wp\/v2\/types\/product"}],"wp:featuredmedia":[{"embeddable":true,"href":"https:\/\/e.kosmolat.eu\/lt\/wp-json\/wp\/v2\/media\/93078"}],"wp:attachment":[{"href":"https:\/\/e.kosmolat.eu\/lt\/wp-json\/wp\/v2\/media?parent=62206"}],"wp:term":[{"taxonomy":"product_cat","embeddable":true,"href":"https:\/\/e.kosmolat.eu\/lt\/wp-json\/wp\/v2\/product_cat?post=62206"},{"taxonomy":"product_tag","embeddable":true,"href":"https:\/\/e.kosmolat.eu\/lt\/wp-json\/wp\/v2\/product_tag?post=62206"}],"curies":[{"name":"wp","href":"https:\/\/api.w.org\/{rel}","templated":true}]}}