{"id":62189,"date":"2025-02-02T09:51:22","date_gmt":"2025-02-02T09:51:22","guid":{"rendered":"https:\/\/e.kosmolat.eu\/product\/green-sharmacy-bakuchiol-postbiotics-face-day-cream-50ml\/"},"modified":"2026-05-08T21:17:05","modified_gmt":"2026-05-08T21:17:05","slug":"gp-bakuciols-postbiotikas-dienas-sejas-krems-50-ml","status":"publish","type":"product","link":"https:\/\/e.kosmolat.eu\/lt\/produktas\/gp-bakuciols-postbiotikas-dienas-sejas-krems-50-ml\/","title":{"rendered":"GREEN PHARMACY Dieninis veido kremas Bakuchiol + postbiotics, 50 ml"},"content":{"rendered":"<p>\u0160ios serijos produkt\u0173 naudojimas padeda pagerinti odos b\u016bkl\u0119, suteikia glotninimo ir dr\u0117kinimo efekt\u0105, taip pat atkuria odos elastingum\u0105.<\/p>\n<p>Aktyv\u016bs ingredientai:<br \/>\n\u2022 Postbiotikas (Duoferm Kombu) \u2013 fermentuotas juodosios arbatos ekstraktas, kuriame gausu organini\u0173 r\u016bg\u0161\u010di\u0173 ir vitamin\u0173. Kombucha sud\u0117tyje yra nat\u016brali\u0173 r\u016bg\u0161\u010di\u0173, toki\u0173 kaip acto ir gliukono r\u016bg\u0161tys, kurios \u0161velniai nu\u0161vei\u010dia od\u0105, skatina l\u0105steli\u0173 atsinaujinim\u0105 ir suma\u017einti smulki\u0173 rauk\u0161li\u0173 atsiradim\u0105. Kombu\u010doje esantys antioksidantai, tokie kaip vitaminas C, apsaugo od\u0105 nuo laisv\u0173j\u0173 radikal\u0173 ir UV spinduli\u0173 poveikio, u\u017ekerta keli\u0105 ankstyvam sen\u0117jimui ir padeda i\u0161laikyti jaunatvi\u0161k\u0105 i\u0161vaizd\u0105. Kombucha yra daug vitamin\u0173 ir mineral\u0173, kurie dr\u0117kina od\u0105 ir palaiko jos nat\u016bral\u0173 apsaugin\u012f barjer\u0105. D\u0117l to oda tampa elastinga ir \u0161vytinti.<br \/>\n\u2022 Bakuchiol \u2013 Psoralea corylifolia ekstraktas, nat\u016brali alternatyva retinoliui. Tai daugiafunkcinis ingredientas, skirtas \u012fvairioms odos prie\u017ei\u016bros reikm\u0117ms:<br \/>\n\u2022 su matomais sen\u0117jimo po\u017eymiais, kai jau atsirado rauk\u0161li\u0173 ir smulki\u0173 rauk\u0161li\u0173;<br \/>\n\u2022 stangrumo ir elastingumo praradimas;<br \/>\n\u2022 su polinkiu \u012f netobulum\u0105, pilk\u0161v\u0105 ir negyvybing\u0105 veido spalv\u0105. <\/p>\n<p>Dieninis kremas sukuria apsaugin\u012f odos barjer\u0105, kuris padeda i\u0161vengti i\u0161orini\u0173 agresori\u0173 poveikio. L\u0117tina sen\u0117jimo proces\u0105, daro od\u0105 elastingesn\u0119, lygina rauk\u0161les ir j\u0105 dr\u0117kina.<\/p>\n<p>Savyb\u0117s:<br \/>\n\u2022 apsauga nuo sen\u0117jimo po\u017eymi\u0173;<br \/>\n\u2022 rauk\u0161li\u0173 matomumo ma\u017einimas;<br \/>\n\u2022 odos elastingumo didinimas;<br \/>\n\u2022 intensyvus dr\u0117kinimas;<br \/>\n\u2022 i\u0161saus\u0117jimo ir pleiskanojimo prevencija;<br \/>\n\u2022 od\u0105 raminantis poveikis.<br \/>\nNaudojimas: nedidel\u012f kiek\u012f kremo tepkite ant veido odos vis\u0105 dien\u0105.<\/p>\n<p>Atsargumo priemon\u0117s: galimas padid\u0117j\u0119s individualus jautrumas atskiriems komponentams.<\/p>\n<p>Laikyti nuo +5\u00b0C iki +25\u00b0C temperat\u016broje.<\/p>\n<p>Geriausias: 30 m\u0117nesi\u0173 nuo pagaminimo datos.<\/p>\n","protected":false},"excerpt":{"rendered":"<p>\u0160ios serijos produkt\u0173 naudojimas padeda pagerinti odos b\u016bkl\u0119, suteikia glotninimo ir dr\u0117kinimo efekt\u0105, taip pat atkuria odos elastingum\u0105. Aktyv\u016bs ingredientai: \u2022 Postbiotikas (Duoferm Kombu) \u2013 fermentuotas juodosios arbatos ekstraktas, kuriame gausu organini\u0173 r\u016bg\u0161\u010di\u0173 ir vitamin\u0173. Kombucha sud\u0117tyje yra nat\u016brali\u0173 r\u016bg\u0161\u010di\u0173, toki\u0173 kaip acto ir gliukono r\u016bg\u0161tys, kurios \u0161velniai nu\u0161vei\u010dia od\u0105, skatina l\u0105steli\u0173 atsinaujinim\u0105 ir suma\u017einti [&#8230;]\n","protected":false},"featured_media":93170,"template":"","meta":[],"product_cat":[1322],"product_tag":[],"class_list":{"0":"post-62189","1":"product","2":"type-product","3":"status-publish","4":"has-post-thumbnail","6":"product_brand-elfa_ua-lt","7":"product_cat-veido-kremai","9":"first","10":"instock","11":"sale","12":"taxable","13":"shipping-taxable","14":"product-type-simple"},"_links":{"self":[{"href":"https:\/\/e.kosmolat.eu\/lt\/wp-json\/wp\/v2\/product\/62189","targetHints":{"allow":["GET"]}}],"collection":[{"href":"https:\/\/e.kosmolat.eu\/lt\/wp-json\/wp\/v2\/product"}],"about":[{"href":"https:\/\/e.kosmolat.eu\/lt\/wp-json\/wp\/v2\/types\/product"}],"wp:featuredmedia":[{"embeddable":true,"href":"https:\/\/e.kosmolat.eu\/lt\/wp-json\/wp\/v2\/media\/93170"}],"wp:attachment":[{"href":"https:\/\/e.kosmolat.eu\/lt\/wp-json\/wp\/v2\/media?parent=62189"}],"wp:term":[{"taxonomy":"product_cat","embeddable":true,"href":"https:\/\/e.kosmolat.eu\/lt\/wp-json\/wp\/v2\/product_cat?post=62189"},{"taxonomy":"product_tag","embeddable":true,"href":"https:\/\/e.kosmolat.eu\/lt\/wp-json\/wp\/v2\/product_tag?post=62189"}],"curies":[{"name":"wp","href":"https:\/\/api.w.org\/{rel}","templated":true}]}}