{"id":62181,"date":"2025-02-02T09:51:02","date_gmt":"2025-02-02T09:51:02","guid":{"rendered":"https:\/\/e.kosmolat.eu\/product\/green-sharmacy-bakuchiol-postbiotics-wash-face-gel-200ml\/"},"modified":"2026-04-21T10:13:46","modified_gmt":"2026-04-21T10:13:46","slug":"gp-bakuciols-postbiotikas-sejas-mazg-zeleja-200-ml","status":"publish","type":"product","link":"https:\/\/e.kosmolat.eu\/lt\/produktas\/gp-bakuciols-postbiotikas-sejas-mazg-zeleja-200-ml\/","title":{"rendered":"GREEN PHARMACY Prausimosi gelis Bakuchiol + postbiotics, 200 ml"},"content":{"rendered":"<p>Prausimosi gelis padeda i\u0161valyti od\u0105 nuo ne\u0161varum\u0173 ir makia\u017eo. D\u0117l specialiai sukurtos formul\u0117s jis nesukelia sausumo ir palaiko nat\u016bral\u0173 apsaugin\u012f odos barjer\u0105. <\/p>\n<p>Naudojimas: Tepkite gel\u012f ant dr\u0117gnos odos sukamaisiais, lengvais masa\u017eo judesiais. Nuplaukite vandeniu. Naudokite 2 kartus per dien\u0105.<\/p>\n<p>Atsargumo priemon\u0117s: galimas padid\u0117j\u0119s individualus jautrumas atskiriems komponentams.<\/p>\n<p>Laikyti nuo +5\u00b0C iki +25\u00b0C temperat\u016broje.<\/p>\n<p>Geriausias: 30 m\u0117nesi\u0173 nuo pagaminimo datos.<\/p>\n","protected":false},"excerpt":{"rendered":"<p>Prausimosi gelis padeda i\u0161valyti od\u0105 nuo ne\u0161varum\u0173 ir makia\u017eo. D\u0117l specialiai sukurtos formul\u0117s jis nesukelia sausumo ir palaiko nat\u016bral\u0173 apsaugin\u012f odos barjer\u0105. Naudojimas: Tepkite gel\u012f ant dr\u0117gnos odos sukamaisiais, lengvais masa\u017eo judesiais. Nuplaukite vandeniu. Naudokite 2 kartus per dien\u0105. Atsargumo priemon\u0117s: galimas padid\u0117j\u0119s individualus jautrumas atskiriems komponentams. Laikyti nuo +5\u00b0C iki +25\u00b0C temperat\u016broje. Geriausias: 30 [&#8230;]\n","protected":false},"featured_media":93166,"template":"","meta":[],"product_cat":[2181],"product_tag":[],"class_list":{"0":"post-62181","1":"product","2":"type-product","3":"status-publish","4":"has-post-thumbnail","6":"product_brand-elfa_ua-lt","7":"product_cat-bez-kategorijas-lt","9":"first","10":"instock","11":"taxable","12":"shipping-taxable","13":"product-type-simple"},"_links":{"self":[{"href":"https:\/\/e.kosmolat.eu\/lt\/wp-json\/wp\/v2\/product\/62181","targetHints":{"allow":["GET"]}}],"collection":[{"href":"https:\/\/e.kosmolat.eu\/lt\/wp-json\/wp\/v2\/product"}],"about":[{"href":"https:\/\/e.kosmolat.eu\/lt\/wp-json\/wp\/v2\/types\/product"}],"wp:featuredmedia":[{"embeddable":true,"href":"https:\/\/e.kosmolat.eu\/lt\/wp-json\/wp\/v2\/media\/93166"}],"wp:attachment":[{"href":"https:\/\/e.kosmolat.eu\/lt\/wp-json\/wp\/v2\/media?parent=62181"}],"wp:term":[{"taxonomy":"product_cat","embeddable":true,"href":"https:\/\/e.kosmolat.eu\/lt\/wp-json\/wp\/v2\/product_cat?post=62181"},{"taxonomy":"product_tag","embeddable":true,"href":"https:\/\/e.kosmolat.eu\/lt\/wp-json\/wp\/v2\/product_tag?post=62181"}],"curies":[{"name":"wp","href":"https:\/\/api.w.org\/{rel}","templated":true}]}}