{"id":62157,"date":"2025-02-02T09:49:49","date_gmt":"2025-02-02T09:49:49","guid":{"rendered":"https:\/\/e.kosmolat.eu\/product\/green-sharmacy-bakuchiol-postbiotics-micellar-water-200ml\/"},"modified":"2026-04-22T07:23:00","modified_gmt":"2026-04-22T07:23:00","slug":"gp-bakuciols-postbiotikas-micelarais-udens-200-ml","status":"publish","type":"product","link":"https:\/\/e.kosmolat.eu\/lt\/produktas\/gp-bakuciols-postbiotikas-micelarais-udens-200-ml\/","title":{"rendered":"GREEN PHARMACY Micelinis vanduo Bakuchiol + postbiotikai, 200 ml"},"content":{"rendered":"<p>Micelinis vanduo yra \u0161velnus ir efektyvus veido valiklis. Jame yra miceli\u0173 \u2013 mikroskopini\u0173 molekuli\u0173, kurios pritraukia ne\u0161varumus ir makia\u017e\u0105, padeda juos pa\u0161alinti i\u0161 odos nenaudojant vandens. Tinka visiems odos tipams.<\/p>\n<p>Naudojimas: nedidel\u012f kiek\u012f micelinio vandens u\u017etepkite ant vatos diskelio. \u0160velniai pa\u0161alinkite ne\u0161varumus nuo veido, srities aplink akis ir l\u016bpas. Skalauti nereikia.<\/p>\n<p>Atsargumo priemon\u0117s: galimas padid\u0117j\u0119s individualus jautrumas atskiriems komponentams.<\/p>\n<p>Laikyti nuo +5\u00b0C iki +25\u00b0C temperat\u016broje.<\/p>\n<p>Geriausias: 30 m\u0117nesi\u0173 nuo pagaminimo datos.<\/p>\n","protected":false},"excerpt":{"rendered":"<p>Micelinis vanduo yra \u0161velnus ir efektyvus veido valiklis. Jame yra miceli\u0173 \u2013 mikroskopini\u0173 molekuli\u0173, kurios pritraukia ne\u0161varumus ir makia\u017e\u0105, padeda juos pa\u0161alinti i\u0161 odos nenaudojant vandens. Tinka visiems odos tipams. Naudojimas: nedidel\u012f kiek\u012f micelinio vandens u\u017etepkite ant vatos diskelio. \u0160velniai pa\u0161alinkite ne\u0161varumus nuo veido, srities aplink akis ir l\u016bpas. Skalauti nereikia. Atsargumo priemon\u0117s: galimas padid\u0117j\u0119s [&#8230;]\n","protected":false},"featured_media":93102,"template":"","meta":[],"product_cat":[2181],"product_tag":[],"class_list":{"0":"post-62157","1":"product","2":"type-product","3":"status-publish","4":"has-post-thumbnail","6":"product_brand-elfa_ua-lt","7":"product_cat-bez-kategorijas-lt","9":"first","10":"instock","11":"taxable","12":"shipping-taxable","13":"product-type-simple"},"_links":{"self":[{"href":"https:\/\/e.kosmolat.eu\/lt\/wp-json\/wp\/v2\/product\/62157","targetHints":{"allow":["GET"]}}],"collection":[{"href":"https:\/\/e.kosmolat.eu\/lt\/wp-json\/wp\/v2\/product"}],"about":[{"href":"https:\/\/e.kosmolat.eu\/lt\/wp-json\/wp\/v2\/types\/product"}],"wp:featuredmedia":[{"embeddable":true,"href":"https:\/\/e.kosmolat.eu\/lt\/wp-json\/wp\/v2\/media\/93102"}],"wp:attachment":[{"href":"https:\/\/e.kosmolat.eu\/lt\/wp-json\/wp\/v2\/media?parent=62157"}],"wp:term":[{"taxonomy":"product_cat","embeddable":true,"href":"https:\/\/e.kosmolat.eu\/lt\/wp-json\/wp\/v2\/product_cat?post=62157"},{"taxonomy":"product_tag","embeddable":true,"href":"https:\/\/e.kosmolat.eu\/lt\/wp-json\/wp\/v2\/product_tag?post=62157"}],"curies":[{"name":"wp","href":"https:\/\/api.w.org\/{rel}","templated":true}]}}