{"id":62139,"date":"2025-01-31T05:03:50","date_gmt":"2025-01-31T05:03:50","guid":{"rendered":"https:\/\/e.kosmolat.eu\/product\/gp-damaskas-roze-keramidi-nakts-sejas-krems-50-ml\/"},"modified":"2026-05-08T21:15:48","modified_gmt":"2026-05-08T21:15:48","slug":"gp-damaskas-roze-keramidi-nakts-sejas-krems-50-ml","status":"publish","type":"product","link":"https:\/\/e.kosmolat.eu\/lt\/produktas\/gp-damaskas-roze-keramidi-nakts-sejas-krems-50-ml\/","title":{"rendered":"GREEN PHARMACY Naktinis veido kremas Damasko ro\u017e\u0117 + keramidai, 50 ml"},"content":{"rendered":"<p>\u0160ios serijos produkt\u0173 naudojimas padeda maitinti ir dr\u0117kinti od\u0105, j\u0105 atjauninti.<\/p>\n<p>Aktyv\u016bs ingredientai:<br \/>\n\u2022 Damasko ro\u017ei\u0173 ekstraktas saugo od\u0105 nuo neigiamo streso poveikio ir atkuria jos stangrum\u0105 bei elastingum\u0105. Idealiai tinka brand\u017eiai, sausai ir jautriai odai.<br \/>\n\u2022 Keramid\u0173 mi\u0161inys (Ceramide NP, Ceramide AP, Ceramide EOP) stiprina jo hidrolipidin\u0119 mantij\u0105, suteikia intensyvios mitybos ir spindesio.<\/p>\n<p>Dieninio kremo naudojimas pad\u0117s pamaitinti, dr\u0117kinti od\u0105 ir pagerinti jos b\u016bkl\u0119. Kremas jaunina, didina odos elastingum\u0105 ir padeda pa\u0161alinti tempimo jausm\u0105.<\/p>\n<p>Savyb\u0117s:<br \/>\n\u2022 atgaivinimas;<br \/>\n\u2022 odos elastingumo ir stangrumo didinimas;<br \/>\n\u2022 intensyvus dr\u0117kinimas;<br \/>\n\u2022 mink\u0161tinimas ir i\u0161lyginimas;<br \/>\n\u2022 raminantis poveikis;<br \/>\n\u2022 sveika ir \u0161vytinti i\u0161vaizda.<\/p>\n<p>Naudojimas: nedidel\u012f kiek\u012f kremo u\u017etepkite ant veido odos. Naudokite nakt\u012f.<\/p>\n<p>Atsargumo priemon\u0117s:<br \/>\nPatekus \u012f akis, praplauti vandeniu. <\/p>\n<p>Galimas padid\u0117j\u0119s individualus jautrumas atskiriems komponentams.<\/p>\n<p>Geriausias: 30 m\u0117nesi\u0173 nuo pagaminimo datos. <\/p>\n<p>Laikyti nuo +5\u00b0C iki +25\u00b0C temperat\u016broje.<\/p>\n","protected":false},"excerpt":{"rendered":"<p>\u0160ios serijos produkt\u0173 naudojimas padeda maitinti ir dr\u0117kinti od\u0105, j\u0105 atjauninti. Aktyv\u016bs ingredientai: \u2022 Damasko ro\u017ei\u0173 ekstraktas saugo od\u0105 nuo neigiamo streso poveikio ir atkuria jos stangrum\u0105 bei elastingum\u0105. Idealiai tinka brand\u017eiai, sausai ir jautriai odai. \u2022 Keramid\u0173 mi\u0161inys (Ceramide NP, Ceramide AP, Ceramide EOP) stiprina jo hidrolipidin\u0119 mantij\u0105, suteikia intensyvios mitybos ir spindesio. Dieninio [&#8230;]\n","protected":false},"featured_media":93098,"template":"","meta":[],"product_cat":[1322],"product_tag":[],"class_list":{"0":"post-62139","1":"product","2":"type-product","3":"status-publish","4":"has-post-thumbnail","6":"product_brand-elfa_ua-lt","7":"product_cat-veido-kremai","9":"first","10":"instock","11":"taxable","12":"shipping-taxable","13":"product-type-simple"},"_links":{"self":[{"href":"https:\/\/e.kosmolat.eu\/lt\/wp-json\/wp\/v2\/product\/62139","targetHints":{"allow":["GET"]}}],"collection":[{"href":"https:\/\/e.kosmolat.eu\/lt\/wp-json\/wp\/v2\/product"}],"about":[{"href":"https:\/\/e.kosmolat.eu\/lt\/wp-json\/wp\/v2\/types\/product"}],"wp:featuredmedia":[{"embeddable":true,"href":"https:\/\/e.kosmolat.eu\/lt\/wp-json\/wp\/v2\/media\/93098"}],"wp:attachment":[{"href":"https:\/\/e.kosmolat.eu\/lt\/wp-json\/wp\/v2\/media?parent=62139"}],"wp:term":[{"taxonomy":"product_cat","embeddable":true,"href":"https:\/\/e.kosmolat.eu\/lt\/wp-json\/wp\/v2\/product_cat?post=62139"},{"taxonomy":"product_tag","embeddable":true,"href":"https:\/\/e.kosmolat.eu\/lt\/wp-json\/wp\/v2\/product_tag?post=62139"}],"curies":[{"name":"wp","href":"https:\/\/api.w.org\/{rel}","templated":true}]}}