{"id":62131,"date":"2025-01-31T05:03:34","date_gmt":"2025-01-31T05:03:34","guid":{"rendered":"https:\/\/e.kosmolat.eu\/product\/gp-damaskas-roze-keramidi-micelarais-udens-200-ml\/"},"modified":"2026-04-16T06:34:44","modified_gmt":"2026-04-16T06:34:44","slug":"gp-damaskas-roze-keramidi-micelarais-udens-200-ml","status":"publish","type":"product","link":"https:\/\/e.kosmolat.eu\/lt\/produktas\/gp-damaskas-roze-keramidi-micelarais-udens-200-ml\/","title":{"rendered":"GREEN PHARMACY Micelinis vanduo Damasko ro\u017e\u0117 + keramidai, 200 ml"},"content":{"rendered":"<p>Veiksmingai pa\u0161alina ne\u0161varumus, makia\u017e\u0105 ir riebal\u0173 pertekli\u0173. Tinka visiems odos tipams. Vegani\u0161kas produktas.<\/p>\n<p>Naudojimas: nedidel\u012f kiek\u012f micelinio vandens u\u017etepkite ant vatos diskelio. \u0160velniai pa\u0161alinkite ne\u0161varumus nuo veido, srities aplink akis ir l\u016bpas. Skalauti nereikia.<\/p>\n<p>Atsargumo priemon\u0117s: Patekus \u012f akis, praplauti vandeniu. Galimas padid\u0117j\u0119s individualus jautrumas atskiriems komponentams.<\/p>\n<p>Geriausias: 30 m\u0117nesi\u0173 nuo pagaminimo datos.<\/p>\n<p>Laikyti nuo +5\u00b0C iki +25\u00b0C temperat\u016broje.<\/p>\n","protected":false},"excerpt":{"rendered":"<p>Veiksmingai pa\u0161alina ne\u0161varumus, makia\u017e\u0105 ir riebal\u0173 pertekli\u0173. Tinka visiems odos tipams. Vegani\u0161kas produktas. Naudojimas: nedidel\u012f kiek\u012f micelinio vandens u\u017etepkite ant vatos diskelio. \u0160velniai pa\u0161alinkite ne\u0161varumus nuo veido, srities aplink akis ir l\u016bpas. Skalauti nereikia. Atsargumo priemon\u0117s: Patekus \u012f akis, praplauti vandeniu. Galimas padid\u0117j\u0119s individualus jautrumas atskiriems komponentams. Geriausias: 30 m\u0117nesi\u0173 nuo pagaminimo datos. Laikyti nuo [&#8230;]\n","protected":false},"featured_media":93094,"template":"","meta":[],"product_cat":[2181],"product_tag":[],"class_list":{"0":"post-62131","1":"product","2":"type-product","3":"status-publish","4":"has-post-thumbnail","6":"product_brand-elfa_ua-lt","7":"product_cat-bez-kategorijas-lt","9":"first","10":"instock","11":"taxable","12":"shipping-taxable","13":"product-type-simple"},"_links":{"self":[{"href":"https:\/\/e.kosmolat.eu\/lt\/wp-json\/wp\/v2\/product\/62131","targetHints":{"allow":["GET"]}}],"collection":[{"href":"https:\/\/e.kosmolat.eu\/lt\/wp-json\/wp\/v2\/product"}],"about":[{"href":"https:\/\/e.kosmolat.eu\/lt\/wp-json\/wp\/v2\/types\/product"}],"wp:featuredmedia":[{"embeddable":true,"href":"https:\/\/e.kosmolat.eu\/lt\/wp-json\/wp\/v2\/media\/93094"}],"wp:attachment":[{"href":"https:\/\/e.kosmolat.eu\/lt\/wp-json\/wp\/v2\/media?parent=62131"}],"wp:term":[{"taxonomy":"product_cat","embeddable":true,"href":"https:\/\/e.kosmolat.eu\/lt\/wp-json\/wp\/v2\/product_cat?post=62131"},{"taxonomy":"product_tag","embeddable":true,"href":"https:\/\/e.kosmolat.eu\/lt\/wp-json\/wp\/v2\/product_tag?post=62131"}],"curies":[{"name":"wp","href":"https:\/\/api.w.org\/{rel}","templated":true}]}}