{"id":62123,"date":"2025-01-31T05:03:17","date_gmt":"2025-01-31T05:03:17","guid":{"rendered":"https:\/\/e.kosmolat.eu\/product\/gp-damaskas-roze-keramidi-krems-adai-ap-ac-15-ml\/"},"modified":"2026-04-22T13:12:31","modified_gmt":"2026-04-22T13:12:31","slug":"gp-damaskas-roze-keramidi-krems-adai-ap-ac-15-ml","status":"publish","type":"product","link":"https:\/\/e.kosmolat.eu\/lt\/produktas\/gp-damaskas-roze-keramidi-krems-adai-ap-ac-15-ml\/","title":{"rendered":"GREEN PHARMACY Paaki\u0173 kremas Damasko ro\u017e\u0117 + keramidai, 15 ml"},"content":{"rendered":"<p>\u0160ios serijos produkt\u0173 naudojimas padeda maitinti ir dr\u0117kinti od\u0105, j\u0105 atjauninti.<\/p>\n<p>Aktyv\u016bs ingredientai:<br \/>\n\u2022 Damasko ro\u017ei\u0173 ekstraktas saugo od\u0105 nuo neigiamo streso poveikio ir atkuria jos stangrum\u0105 bei elastingum\u0105. Idealiai tinka brand\u017eiai, sausai ir jautriai odai.<br \/>\n\u2022 Keramid\u0173 mi\u0161inys (Ceramide NP, Ceramide AP, Ceramide EOP) stiprina jo hidrolipidin\u0119 mantij\u0105, suteikia intensyvios mitybos ir spindesio.<\/p>\n<p>Paaki\u0173 kremo sud\u0117tyje yra ingredient\u0173, kurie padeda palaikyti optimal\u0173 dr\u0117gm\u0117s lyg\u012f, neleid\u017eia i\u0161saus\u0117ti ir pleiskanoti, atkuria odos aplink akis lygum\u0105 ir elastingum\u0105.<\/p>\n<p>Savyb\u0117s:<br \/>\n\u2022 atgaivinimas;<br \/>\n\u2022 odos aplink akis stangrumo ir elastingumo didinimas;<br \/>\n\u2022 intensyvus dr\u0117kinimas ir mityba;<br \/>\n\u2022 gra\u017eios ir i\u0161puosel\u0117tos odos aplink akis u\u017etikrinimas;<br \/>\n\u2022 sen\u0117jimo po\u017eymi\u0173 ma\u017einimas;<br \/>\n\u2022 raminantis ir atkuriamasis poveikis;<br \/>\n\u2022 rauk\u0161li\u0173 matomumo ma\u017einimas;<br \/>\n\u2022 tamsi\u0173 ratil\u0173 po akimis naikinimas.<\/p>\n<p>Naudojimas: ryte ir vakare tepkite nedidel\u012f kiek\u012f kremo ant odos aplink akis.<\/p>\n<p>Atsargumo priemon\u0117s: Patekus \u012f akis, praplauti vandeniu. Galimas padid\u0117j\u0119s individualus jautrumas atskiriems komponentams.<\/p>\n<p>Geriausias: 30 m\u0117nesi\u0173 nuo pagaminimo datos. Laikyti nuo +5\u00b0C iki +25\u00b0C temperat\u016broje.<\/p>\n","protected":false},"excerpt":{"rendered":"<p>\u0160ios serijos produkt\u0173 naudojimas padeda maitinti ir dr\u0117kinti od\u0105, j\u0105 atjauninti. Aktyv\u016bs ingredientai: \u2022 Damasko ro\u017ei\u0173 ekstraktas saugo od\u0105 nuo neigiamo streso poveikio ir atkuria jos stangrum\u0105 bei elastingum\u0105. Idealiai tinka brand\u017eiai, sausai ir jautriai odai. \u2022 Keramid\u0173 mi\u0161inys (Ceramide NP, Ceramide AP, Ceramide EOP) stiprina jo hidrolipidin\u0119 mantij\u0105, suteikia intensyvios mitybos ir spindesio. Paaki\u0173 [&#8230;]\n","protected":false},"featured_media":93090,"template":"","meta":[],"product_cat":[2181],"product_tag":[],"class_list":{"0":"post-62123","1":"product","2":"type-product","3":"status-publish","4":"has-post-thumbnail","6":"product_brand-elfa_ua-lt","7":"product_cat-bez-kategorijas-lt","9":"first","10":"instock","11":"taxable","12":"shipping-taxable","13":"product-type-simple"},"_links":{"self":[{"href":"https:\/\/e.kosmolat.eu\/lt\/wp-json\/wp\/v2\/product\/62123","targetHints":{"allow":["GET"]}}],"collection":[{"href":"https:\/\/e.kosmolat.eu\/lt\/wp-json\/wp\/v2\/product"}],"about":[{"href":"https:\/\/e.kosmolat.eu\/lt\/wp-json\/wp\/v2\/types\/product"}],"wp:featuredmedia":[{"embeddable":true,"href":"https:\/\/e.kosmolat.eu\/lt\/wp-json\/wp\/v2\/media\/93090"}],"wp:attachment":[{"href":"https:\/\/e.kosmolat.eu\/lt\/wp-json\/wp\/v2\/media?parent=62123"}],"wp:term":[{"taxonomy":"product_cat","embeddable":true,"href":"https:\/\/e.kosmolat.eu\/lt\/wp-json\/wp\/v2\/product_cat?post=62123"},{"taxonomy":"product_tag","embeddable":true,"href":"https:\/\/e.kosmolat.eu\/lt\/wp-json\/wp\/v2\/product_tag?post=62123"}],"curies":[{"name":"wp","href":"https:\/\/api.w.org\/{rel}","templated":true}]}}