{"id":62115,"date":"2025-01-31T05:02:58","date_gmt":"2025-01-31T05:02:58","guid":{"rendered":"https:\/\/e.kosmolat.eu\/product\/gp-damaskas-roze-keramidi-sejas-mazg-emulsija-150-ml\/"},"modified":"2026-04-14T15:57:24","modified_gmt":"2026-04-14T15:57:24","slug":"gp-damaskas-roze-keramidi-sejas-mazg-emulsija-150-ml","status":"publish","type":"product","link":"https:\/\/e.kosmolat.eu\/lt\/produktas\/gp-damaskas-roze-keramidi-sejas-mazg-emulsija-150-ml\/","title":{"rendered":"GREEN PHARMACY Emulsija prausimuisi  Damasko ro\u017e\u0117 + keramidai, 150 ml"},"content":{"rendered":"<p>Emulsija sujungia vandens ir aliejaus savybes, sukurdama efektyvi\u0105 odos prie\u017ei\u016bros priemon\u0119.<\/p>\n<p>Naudojimas: sukamaisiais, lengvais masa\u017eo judesiais paskirstykite emulsij\u0105 ant dr\u0117gnos veido odos. Nuplaukite vandeniu. Naudokite 2 kartus per dien\u0105.<\/p>\n<p>Atsargumo priemon\u0117s: galimas padid\u0117j\u0119s individualus jautrumas atskiriems komponentams.<\/p>\n<p>Laikyti nuo +5\u00b0C iki +25\u00b0C temperat\u016broje.<\/p>\n<p>Geriausias: 30 m\u0117nesi\u0173 nuo pagaminimo datos.<\/p>\n","protected":false},"excerpt":{"rendered":"<p>Emulsija sujungia vandens ir aliejaus savybes, sukurdama efektyvi\u0105 odos prie\u017ei\u016bros priemon\u0119. Naudojimas: sukamaisiais, lengvais masa\u017eo judesiais paskirstykite emulsij\u0105 ant dr\u0117gnos veido odos. Nuplaukite vandeniu. Naudokite 2 kartus per dien\u0105. Atsargumo priemon\u0117s: galimas padid\u0117j\u0119s individualus jautrumas atskiriems komponentams. Laikyti nuo +5\u00b0C iki +25\u00b0C temperat\u016broje. Geriausias: 30 m\u0117nesi\u0173 nuo pagaminimo datos.<\/p>\n","protected":false},"featured_media":93086,"template":"","meta":[],"product_cat":[1574],"product_tag":[],"class_list":{"0":"post-62115","1":"product","2":"type-product","3":"status-publish","4":"has-post-thumbnail","6":"product_brand-elfa_ua-lt","7":"product_cat-pieneliai-ir-aliejai","9":"first","10":"instock","11":"taxable","12":"shipping-taxable","13":"product-type-simple"},"_links":{"self":[{"href":"https:\/\/e.kosmolat.eu\/lt\/wp-json\/wp\/v2\/product\/62115","targetHints":{"allow":["GET"]}}],"collection":[{"href":"https:\/\/e.kosmolat.eu\/lt\/wp-json\/wp\/v2\/product"}],"about":[{"href":"https:\/\/e.kosmolat.eu\/lt\/wp-json\/wp\/v2\/types\/product"}],"wp:featuredmedia":[{"embeddable":true,"href":"https:\/\/e.kosmolat.eu\/lt\/wp-json\/wp\/v2\/media\/93086"}],"wp:attachment":[{"href":"https:\/\/e.kosmolat.eu\/lt\/wp-json\/wp\/v2\/media?parent=62115"}],"wp:term":[{"taxonomy":"product_cat","embeddable":true,"href":"https:\/\/e.kosmolat.eu\/lt\/wp-json\/wp\/v2\/product_cat?post=62115"},{"taxonomy":"product_tag","embeddable":true,"href":"https:\/\/e.kosmolat.eu\/lt\/wp-json\/wp\/v2\/product_tag?post=62115"}],"curies":[{"name":"wp","href":"https:\/\/api.w.org\/{rel}","templated":true}]}}