{"id":62099,"date":"2025-01-31T05:02:26","date_gmt":"2025-01-31T05:02:26","guid":{"rendered":"https:\/\/e.kosmolat.eu\/product\/gp-damaskas-roze-keramidi-sejas-serums-30-ml\/"},"modified":"2026-04-15T14:47:49","modified_gmt":"2026-04-15T14:47:49","slug":"gp-damaskas-roze-keramidi-sejas-serums-30-ml","status":"publish","type":"product","link":"https:\/\/e.kosmolat.eu\/lt\/produktas\/gp-damaskas-roze-keramidi-sejas-serums-30-ml\/","title":{"rendered":"GREEN PHARMACY Veido serumas Damasko ro\u017e\u0117 + keramidai, 30 ml"},"content":{"rendered":"<p>\u0160ios serijos produkt\u0173 naudojimas padeda maitinti ir dr\u0117kinti od\u0105, j\u0105 atjauninti.<\/p>\n<p>Aktyv\u016bs ingredientai:<br \/>\n\u2022 Damasko  ro\u017ei\u0173 ekstraktas saugo od\u0105 nuo neigiamo streso poveikio ir atkuria jos stangrum\u0105 bei elastingum\u0105. Idealiai tinka brand\u017eiai, sausai ir jautriai odai.<br \/>\n\u2022 Keramid\u0173 mi\u0161inys (Ceramide NP, Ceramide AP, Ceramide EOP) stiprina jo hidrolipidin\u0119 mantij\u0105, suteikia intensyvios mitybos ir spindesio.<br \/>\nVeido serumas yra veiksmingas kasdien\u0117s odos prie\u017ei\u016bros priedas.<\/p>\n<p>Savyb\u0117s:<br \/>\n\u2022 atgaivinimas;<br \/>\n\u2022 odos stangrumo ir elastingumo didinimas;<br \/>\n\u2022 maitinimas ir dr\u0117kinimas;<br \/>\n\u2022 sen\u0117jimo po\u017eymi\u0173 ma\u017einimas;<br \/>\n\u2022 raminantis poveikis;<br \/>\n\u2022 tekst\u016bros i\u0161lyginimas ir mink\u0161tinimas;<br \/>\n\u2022 suvienodina odos atspalv\u012f;<br \/>\n\u2022 odos spindesys.<\/p>\n<p>Naudojimas: nedidel\u012f kiek\u012f serumo u\u017etepkite ant veido odos. Naudokite 2 kartus per dien\u0105.<\/p>\n<p>Atsargumo priemon\u0117s:<br \/>\nPatekus \u012f akis, praplauti vandeniu. Galimas padid\u0117j\u0119s individualus jautrumas atskiriems komponentams.<\/p>\n<p>Geriausias: 30 m\u0117nesi\u0173 nuo pagaminimo datos.<\/p>\n<p>Laikyti nuo +5\u00b0C iki +25\u00b0C temperat\u016broje.<\/p>\n","protected":false},"excerpt":{"rendered":"<p>\u0160ios serijos produkt\u0173 naudojimas padeda maitinti ir dr\u0117kinti od\u0105, j\u0105 atjauninti. Aktyv\u016bs ingredientai: \u2022 Damasko ro\u017ei\u0173 ekstraktas saugo od\u0105 nuo neigiamo streso poveikio ir atkuria jos stangrum\u0105 bei elastingum\u0105. Idealiai tinka brand\u017eiai, sausai ir jautriai odai. \u2022 Keramid\u0173 mi\u0161inys (Ceramide NP, Ceramide AP, Ceramide EOP) stiprina jo hidrolipidin\u0119 mantij\u0105, suteikia intensyvios mitybos ir spindesio. Veido [&#8230;]\n","protected":false},"featured_media":93118,"template":"","meta":[],"product_cat":[1327],"product_tag":[],"class_list":{"0":"post-62099","1":"product","2":"type-product","3":"status-publish","4":"has-post-thumbnail","6":"product_brand-elfa_ua-lt","7":"product_cat-serumai","9":"first","10":"instock","11":"taxable","12":"shipping-taxable","13":"product-type-simple"},"_links":{"self":[{"href":"https:\/\/e.kosmolat.eu\/lt\/wp-json\/wp\/v2\/product\/62099","targetHints":{"allow":["GET"]}}],"collection":[{"href":"https:\/\/e.kosmolat.eu\/lt\/wp-json\/wp\/v2\/product"}],"about":[{"href":"https:\/\/e.kosmolat.eu\/lt\/wp-json\/wp\/v2\/types\/product"}],"wp:featuredmedia":[{"embeddable":true,"href":"https:\/\/e.kosmolat.eu\/lt\/wp-json\/wp\/v2\/media\/93118"}],"wp:attachment":[{"href":"https:\/\/e.kosmolat.eu\/lt\/wp-json\/wp\/v2\/media?parent=62099"}],"wp:term":[{"taxonomy":"product_cat","embeddable":true,"href":"https:\/\/e.kosmolat.eu\/lt\/wp-json\/wp\/v2\/product_cat?post=62099"},{"taxonomy":"product_tag","embeddable":true,"href":"https:\/\/e.kosmolat.eu\/lt\/wp-json\/wp\/v2\/product_tag?post=62099"}],"curies":[{"name":"wp","href":"https:\/\/api.w.org\/{rel}","templated":true}]}}