{"id":61999,"date":"2025-01-29T05:07:38","date_gmt":"2025-01-29T05:07:38","guid":{"rendered":"https:\/\/e.kosmolat.eu\/product\/lollis-nagu-laka-tonis-128-12-ml\/"},"modified":"2025-09-20T05:27:34","modified_gmt":"2025-09-20T05:27:34","slug":"lollis-nagu-laka-tonis-128-12-ml","status":"publish","type":"product","link":"https:\/\/e.kosmolat.eu\/lt\/produktas\/lollis-nagu-laka-tonis-128-12-ml\/","title":{"rendered":"LOLLIS Nag\u0173 lakas, tonas 128, 12 ml"},"content":{"rendered":"<p>\u012esp\u0117jimas: Degus skystis. Laikyti vaikams nepasiekiamoje vietoje. Saugoti nuo saul\u0117s spinduli\u0173.<\/p>\n","protected":false},"excerpt":{"rendered":"<p>\u012esp\u0117jimas: Degus skystis. Laikyti vaikams nepasiekiamoje vietoje. Saugoti nuo saul\u0117s spinduli\u0173.<\/p>\n","protected":false},"featured_media":92890,"template":"","meta":[],"product_cat":[1517],"product_tag":[],"class_list":{"0":"post-61999","1":"product","2":"type-product","3":"status-publish","4":"has-post-thumbnail","6":"product_brand-lollis_tr-merker-lt","7":"product_cat-nagu-lakai","9":"first","10":"instock","11":"taxable","12":"shipping-taxable","13":"product-type-simple"},"_links":{"self":[{"href":"https:\/\/e.kosmolat.eu\/lt\/wp-json\/wp\/v2\/product\/61999","targetHints":{"allow":["GET"]}}],"collection":[{"href":"https:\/\/e.kosmolat.eu\/lt\/wp-json\/wp\/v2\/product"}],"about":[{"href":"https:\/\/e.kosmolat.eu\/lt\/wp-json\/wp\/v2\/types\/product"}],"wp:featuredmedia":[{"embeddable":true,"href":"https:\/\/e.kosmolat.eu\/lt\/wp-json\/wp\/v2\/media\/92890"}],"wp:attachment":[{"href":"https:\/\/e.kosmolat.eu\/lt\/wp-json\/wp\/v2\/media?parent=61999"}],"wp:term":[{"taxonomy":"product_cat","embeddable":true,"href":"https:\/\/e.kosmolat.eu\/lt\/wp-json\/wp\/v2\/product_cat?post=61999"},{"taxonomy":"product_tag","embeddable":true,"href":"https:\/\/e.kosmolat.eu\/lt\/wp-json\/wp\/v2\/product_tag?post=61999"}],"curies":[{"name":"wp","href":"https:\/\/api.w.org\/{rel}","templated":true}]}}