{"id":61983,"date":"2025-01-29T05:07:03","date_gmt":"2025-01-29T05:07:03","guid":{"rendered":"https:\/\/e.kosmolat.eu\/product\/lollis-nagu-laka-tonis-126-12-ml\/"},"modified":"2026-03-23T12:27:31","modified_gmt":"2026-03-23T12:27:31","slug":"lollis-nagu-laka-tonis-126-12-ml","status":"publish","type":"product","link":"https:\/\/e.kosmolat.eu\/lt\/produktas\/lollis-nagu-laka-tonis-126-12-ml\/","title":{"rendered":"LOLLIS Nag\u0173 lakas, tonas 126, 12 ml"},"content":{"rendered":"<p>\u012esp\u0117jimas: Degus skystis. Laikyti vaikams nepasiekiamoje vietoje. Saugoti nuo saul\u0117s spinduli\u0173.<\/p>\n","protected":false},"excerpt":{"rendered":"<p>\u012esp\u0117jimas: Degus skystis. Laikyti vaikams nepasiekiamoje vietoje. Saugoti nuo saul\u0117s spinduli\u0173.<\/p>\n","protected":false},"featured_media":92882,"template":"","meta":[],"product_cat":[2181],"product_tag":[],"class_list":{"0":"post-61983","1":"product","2":"type-product","3":"status-publish","4":"has-post-thumbnail","6":"product_brand-lollis_tr-merker-lt","7":"product_cat-bez-kategorijas-lt","9":"first","10":"instock","11":"taxable","12":"shipping-taxable","13":"product-type-simple"},"_links":{"self":[{"href":"https:\/\/e.kosmolat.eu\/lt\/wp-json\/wp\/v2\/product\/61983","targetHints":{"allow":["GET"]}}],"collection":[{"href":"https:\/\/e.kosmolat.eu\/lt\/wp-json\/wp\/v2\/product"}],"about":[{"href":"https:\/\/e.kosmolat.eu\/lt\/wp-json\/wp\/v2\/types\/product"}],"wp:featuredmedia":[{"embeddable":true,"href":"https:\/\/e.kosmolat.eu\/lt\/wp-json\/wp\/v2\/media\/92882"}],"wp:attachment":[{"href":"https:\/\/e.kosmolat.eu\/lt\/wp-json\/wp\/v2\/media?parent=61983"}],"wp:term":[{"taxonomy":"product_cat","embeddable":true,"href":"https:\/\/e.kosmolat.eu\/lt\/wp-json\/wp\/v2\/product_cat?post=61983"},{"taxonomy":"product_tag","embeddable":true,"href":"https:\/\/e.kosmolat.eu\/lt\/wp-json\/wp\/v2\/product_tag?post=61983"}],"curies":[{"name":"wp","href":"https:\/\/api.w.org\/{rel}","templated":true}]}}