{"id":61923,"date":"2025-01-25T05:09:06","date_gmt":"2025-01-25T05:09:06","guid":{"rendered":"https:\/\/e.kosmolat.eu\/product\/lollis-tattoo-liner-waterproof-501-udensnotur-acu-zimulis-laineris-1-8-g\/"},"modified":"2026-04-14T06:12:56","modified_gmt":"2026-04-14T06:12:56","slug":"lollis-tattoo-liner-waterproof-501-udensnotur-acu-zimulis-laineris-1-8-g","status":"publish","type":"product","link":"https:\/\/e.kosmolat.eu\/lt\/produktas\/lollis-tattoo-liner-waterproof-501-udensnotur-acu-zimulis-laineris-1-8-g\/","title":{"rendered":"LOLLIS Tattoo Liner Waterproof Vandeniui atsparus aki\u0173 kont\u016bro pie\u0161tukas, tonas 501, 1,8 g"},"content":{"rendered":"<p>Saugoti v\u0117sioje vietoje.<\/p>\n","protected":false},"excerpt":{"rendered":"<p>Saugoti v\u0117sioje vietoje.<\/p>\n","protected":false},"featured_media":93486,"template":"","meta":[],"product_cat":[1264],"product_tag":[],"class_list":{"0":"post-61923","1":"product","2":"type-product","3":"status-publish","4":"has-post-thumbnail","6":"product_brand-lollis_tr-merker-lt","7":"product_cat-piestukai-konturai","9":"first","10":"instock","11":"taxable","12":"shipping-taxable","13":"product-type-simple"},"_links":{"self":[{"href":"https:\/\/e.kosmolat.eu\/lt\/wp-json\/wp\/v2\/product\/61923","targetHints":{"allow":["GET"]}}],"collection":[{"href":"https:\/\/e.kosmolat.eu\/lt\/wp-json\/wp\/v2\/product"}],"about":[{"href":"https:\/\/e.kosmolat.eu\/lt\/wp-json\/wp\/v2\/types\/product"}],"wp:featuredmedia":[{"embeddable":true,"href":"https:\/\/e.kosmolat.eu\/lt\/wp-json\/wp\/v2\/media\/93486"}],"wp:attachment":[{"href":"https:\/\/e.kosmolat.eu\/lt\/wp-json\/wp\/v2\/media?parent=61923"}],"wp:term":[{"taxonomy":"product_cat","embeddable":true,"href":"https:\/\/e.kosmolat.eu\/lt\/wp-json\/wp\/v2\/product_cat?post=61923"},{"taxonomy":"product_tag","embeddable":true,"href":"https:\/\/e.kosmolat.eu\/lt\/wp-json\/wp\/v2\/product_tag?post=61923"}],"curies":[{"name":"wp","href":"https:\/\/api.w.org\/{rel}","templated":true}]}}