{"id":61899,"date":"2025-01-25T05:08:15","date_gmt":"2025-01-25T05:08:15","guid":{"rendered":"https:\/\/e.kosmolat.eu\/product\/lollis-eyebrow-pencil-301-ucazu-zimulis-1-4-g\/"},"modified":"2026-04-21T07:12:28","modified_gmt":"2026-04-21T07:12:28","slug":"lollis-eyebrow-pencil-301-ucazu-zimulis-1-4-g","status":"publish","type":"product","link":"https:\/\/e.kosmolat.eu\/lt\/produktas\/lollis-eyebrow-pencil-301-ucazu-zimulis-1-4-g\/","title":{"rendered":"LOLLIS Eyebrow Pencil Antaki\u0173 pie\u0161tukas, tonas 301, 1,4 g"},"content":{"rendered":"<p>Saugoti v\u0117sioje vietoje.<\/p>\n","protected":false},"excerpt":{"rendered":"<p>Saugoti v\u0117sioje vietoje.<\/p>\n","protected":false},"featured_media":78354,"template":"","meta":[],"product_cat":[1508],"product_tag":[],"class_list":{"0":"post-61899","1":"product","2":"type-product","3":"status-publish","4":"has-post-thumbnail","6":"product_brand-lollis_tr-merker-lt","7":"product_cat-antakiams","9":"first","10":"instock","11":"taxable","12":"shipping-taxable","13":"product-type-simple"},"_links":{"self":[{"href":"https:\/\/e.kosmolat.eu\/lt\/wp-json\/wp\/v2\/product\/61899","targetHints":{"allow":["GET"]}}],"collection":[{"href":"https:\/\/e.kosmolat.eu\/lt\/wp-json\/wp\/v2\/product"}],"about":[{"href":"https:\/\/e.kosmolat.eu\/lt\/wp-json\/wp\/v2\/types\/product"}],"wp:featuredmedia":[{"embeddable":true,"href":"https:\/\/e.kosmolat.eu\/lt\/wp-json\/wp\/v2\/media\/78354"}],"wp:attachment":[{"href":"https:\/\/e.kosmolat.eu\/lt\/wp-json\/wp\/v2\/media?parent=61899"}],"wp:term":[{"taxonomy":"product_cat","embeddable":true,"href":"https:\/\/e.kosmolat.eu\/lt\/wp-json\/wp\/v2\/product_cat?post=61899"},{"taxonomy":"product_tag","embeddable":true,"href":"https:\/\/e.kosmolat.eu\/lt\/wp-json\/wp\/v2\/product_tag?post=61899"}],"curies":[{"name":"wp","href":"https:\/\/api.w.org\/{rel}","templated":true}]}}