{"id":61811,"date":"2025-01-25T05:05:07","date_gmt":"2025-01-25T05:05:07","guid":{"rendered":"https:\/\/e.kosmolat.eu\/product\/lollis-eyeliner-pen-601-acu-laineris-2-ml\/"},"modified":"2026-04-21T07:12:53","modified_gmt":"2026-04-21T07:12:53","slug":"lollis-eyeliner-pen-601-acu-laineris-2-ml","status":"publish","type":"product","link":"https:\/\/e.kosmolat.eu\/lt\/produktas\/lollis-eyeliner-pen-601-acu-laineris-2-ml\/","title":{"rendered":"LOLLIS Eyeliner Pen Aki\u0173 pie\u0161tukas, tonas 601, 2 ml"},"content":{"rendered":"<p>Saugoti v\u0117sioje vietoje.<\/p>\n","protected":false},"excerpt":{"rendered":"<p>Saugoti v\u0117sioje vietoje.<\/p>\n","protected":false},"featured_media":93470,"template":"","meta":[],"product_cat":[1264],"product_tag":[],"class_list":{"0":"post-61811","1":"product","2":"type-product","3":"status-publish","4":"has-post-thumbnail","6":"product_brand-lollis_tr-merker-lt","7":"product_cat-piestukai-konturai","9":"first","10":"instock","11":"taxable","12":"shipping-taxable","13":"product-type-simple"},"_links":{"self":[{"href":"https:\/\/e.kosmolat.eu\/lt\/wp-json\/wp\/v2\/product\/61811","targetHints":{"allow":["GET"]}}],"collection":[{"href":"https:\/\/e.kosmolat.eu\/lt\/wp-json\/wp\/v2\/product"}],"about":[{"href":"https:\/\/e.kosmolat.eu\/lt\/wp-json\/wp\/v2\/types\/product"}],"wp:featuredmedia":[{"embeddable":true,"href":"https:\/\/e.kosmolat.eu\/lt\/wp-json\/wp\/v2\/media\/93470"}],"wp:attachment":[{"href":"https:\/\/e.kosmolat.eu\/lt\/wp-json\/wp\/v2\/media?parent=61811"}],"wp:term":[{"taxonomy":"product_cat","embeddable":true,"href":"https:\/\/e.kosmolat.eu\/lt\/wp-json\/wp\/v2\/product_cat?post=61811"},{"taxonomy":"product_tag","embeddable":true,"href":"https:\/\/e.kosmolat.eu\/lt\/wp-json\/wp\/v2\/product_tag?post=61811"}],"curies":[{"name":"wp","href":"https:\/\/api.w.org\/{rel}","templated":true}]}}