{"id":61803,"date":"2025-01-25T05:04:52","date_gmt":"2025-01-25T05:04:52","guid":{"rendered":"https:\/\/e.kosmolat.eu\/product\/lollis-waterproof-lipliner-209-udensnotur-lupu-zim-1-4-g\/"},"modified":"2026-04-03T05:40:13","modified_gmt":"2026-04-03T05:40:13","slug":"lollis-waterproof-lipliner-209-udensnotur-lupu-zim-1-4-g","status":"publish","type":"product","link":"https:\/\/e.kosmolat.eu\/lt\/produktas\/lollis-waterproof-lipliner-209-udensnotur-lupu-zim-1-4-g\/","title":{"rendered":"LOLLIS Waterproof Lipliner Atsparus vandeniui  l\u016bp\u0173 pie\u0161tukas, tonas 209, 1,4 g"},"content":{"rendered":"<p>Saugoti v\u0117sioje vietoje.<\/p>\n","protected":false},"excerpt":{"rendered":"<p>Saugoti v\u0117sioje vietoje.<\/p>\n","protected":false},"featured_media":93014,"template":"","meta":[],"product_cat":[1287],"product_tag":[],"class_list":{"0":"post-61803","1":"product","2":"type-product","3":"status-publish","4":"has-post-thumbnail","6":"product_brand-lollis_tr-merker-lt","7":"product_cat-lupu-piestukai","9":"first","10":"outofstock","11":"taxable","12":"shipping-taxable","13":"product-type-simple"},"_links":{"self":[{"href":"https:\/\/e.kosmolat.eu\/lt\/wp-json\/wp\/v2\/product\/61803","targetHints":{"allow":["GET"]}}],"collection":[{"href":"https:\/\/e.kosmolat.eu\/lt\/wp-json\/wp\/v2\/product"}],"about":[{"href":"https:\/\/e.kosmolat.eu\/lt\/wp-json\/wp\/v2\/types\/product"}],"wp:featuredmedia":[{"embeddable":true,"href":"https:\/\/e.kosmolat.eu\/lt\/wp-json\/wp\/v2\/media\/93014"}],"wp:attachment":[{"href":"https:\/\/e.kosmolat.eu\/lt\/wp-json\/wp\/v2\/media?parent=61803"}],"wp:term":[{"taxonomy":"product_cat","embeddable":true,"href":"https:\/\/e.kosmolat.eu\/lt\/wp-json\/wp\/v2\/product_cat?post=61803"},{"taxonomy":"product_tag","embeddable":true,"href":"https:\/\/e.kosmolat.eu\/lt\/wp-json\/wp\/v2\/product_tag?post=61803"}],"curies":[{"name":"wp","href":"https:\/\/api.w.org\/{rel}","templated":true}]}}