{"id":61731,"date":"2025-01-25T05:02:37","date_gmt":"2025-01-25T05:02:37","guid":{"rendered":"https:\/\/e.kosmolat.eu\/product\/lollis-waterproof-eyeliner-103-udensnotur-acu-zim-1-4-g\/"},"modified":"2026-04-13T10:06:33","modified_gmt":"2026-04-13T10:06:33","slug":"lollis-waterproof-eyeliner-103-udensnotur-acu-zim-1-4-g","status":"publish","type":"product","link":"https:\/\/e.kosmolat.eu\/lt\/produktas\/lollis-waterproof-eyeliner-103-udensnotur-acu-zim-1-4-g\/","title":{"rendered":"LOLLIS Waterproof Eyeliner Vandeniui atsparus aki\u0173 pie\u0161tukas, tonas 103, 1,4 g"},"content":{"rendered":"<p>Saugoti v\u0117sioje vietoje.<\/p>\n","protected":false},"excerpt":{"rendered":"<p>Saugoti v\u0117sioje vietoje.<\/p>\n","protected":false},"featured_media":93018,"template":"","meta":[],"product_cat":[2181],"product_tag":[],"class_list":{"0":"post-61731","1":"product","2":"type-product","3":"status-publish","4":"has-post-thumbnail","6":"product_brand-lollis_tr-merker-lt","7":"product_cat-bez-kategorijas-lt","9":"first","10":"instock","11":"taxable","12":"shipping-taxable","13":"product-type-simple"},"_links":{"self":[{"href":"https:\/\/e.kosmolat.eu\/lt\/wp-json\/wp\/v2\/product\/61731","targetHints":{"allow":["GET"]}}],"collection":[{"href":"https:\/\/e.kosmolat.eu\/lt\/wp-json\/wp\/v2\/product"}],"about":[{"href":"https:\/\/e.kosmolat.eu\/lt\/wp-json\/wp\/v2\/types\/product"}],"wp:featuredmedia":[{"embeddable":true,"href":"https:\/\/e.kosmolat.eu\/lt\/wp-json\/wp\/v2\/media\/93018"}],"wp:attachment":[{"href":"https:\/\/e.kosmolat.eu\/lt\/wp-json\/wp\/v2\/media?parent=61731"}],"wp:term":[{"taxonomy":"product_cat","embeddable":true,"href":"https:\/\/e.kosmolat.eu\/lt\/wp-json\/wp\/v2\/product_cat?post=61731"},{"taxonomy":"product_tag","embeddable":true,"href":"https:\/\/e.kosmolat.eu\/lt\/wp-json\/wp\/v2\/product_tag?post=61731"}],"curies":[{"name":"wp","href":"https:\/\/api.w.org\/{rel}","templated":true}]}}