{"id":61715,"date":"2025-01-25T05:02:06","date_gmt":"2025-01-25T05:02:06","guid":{"rendered":"https:\/\/e.kosmolat.eu\/product\/lollis-waterproof-eyeliner-101-udensnotur-acu-zim-1-4-g\/"},"modified":"2026-04-10T06:14:50","modified_gmt":"2026-04-10T06:14:50","slug":"lollis-waterproof-eyeliner-101-udensnotur-acu-zim-1-4-g","status":"publish","type":"product","link":"https:\/\/e.kosmolat.eu\/lt\/produktas\/lollis-waterproof-eyeliner-101-udensnotur-acu-zim-1-4-g\/","title":{"rendered":"LOLLIS Waterproof Eyeliner Vandeniui atsparus aki\u0173 pie\u0161tukas, tonas 101, 1,4 g"},"content":{"rendered":"<p>Saugoti v\u0117sioje vietoje.<\/p>\n","protected":false},"excerpt":{"rendered":"<p>Saugoti v\u0117sioje vietoje.<\/p>\n","protected":false},"featured_media":78326,"template":"","meta":[],"product_cat":[1264],"product_tag":[],"class_list":{"0":"post-61715","1":"product","2":"type-product","3":"status-publish","4":"has-post-thumbnail","6":"product_brand-lollis_tr-merker-lt","7":"product_cat-piestukai-konturai","9":"first","10":"instock","11":"taxable","12":"shipping-taxable","13":"product-type-simple"},"_links":{"self":[{"href":"https:\/\/e.kosmolat.eu\/lt\/wp-json\/wp\/v2\/product\/61715","targetHints":{"allow":["GET"]}}],"collection":[{"href":"https:\/\/e.kosmolat.eu\/lt\/wp-json\/wp\/v2\/product"}],"about":[{"href":"https:\/\/e.kosmolat.eu\/lt\/wp-json\/wp\/v2\/types\/product"}],"wp:featuredmedia":[{"embeddable":true,"href":"https:\/\/e.kosmolat.eu\/lt\/wp-json\/wp\/v2\/media\/78326"}],"wp:attachment":[{"href":"https:\/\/e.kosmolat.eu\/lt\/wp-json\/wp\/v2\/media?parent=61715"}],"wp:term":[{"taxonomy":"product_cat","embeddable":true,"href":"https:\/\/e.kosmolat.eu\/lt\/wp-json\/wp\/v2\/product_cat?post=61715"},{"taxonomy":"product_tag","embeddable":true,"href":"https:\/\/e.kosmolat.eu\/lt\/wp-json\/wp\/v2\/product_tag?post=61715"}],"curies":[{"name":"wp","href":"https:\/\/api.w.org\/{rel}","templated":true}]}}