{"id":61571,"date":"2025-01-24T05:02:49","date_gmt":"2025-01-24T05:02:49","guid":{"rendered":"https:\/\/e.kosmolat.eu\/product\/lollis-lip-care-lupu-balzams-klasiskais-4-g\/"},"modified":"2026-04-20T05:53:56","modified_gmt":"2026-04-20T05:53:56","slug":"lollis-lip-care-lupu-balzams-klasiskais-4-g","status":"publish","type":"product","link":"https:\/\/e.kosmolat.eu\/lt\/produktas\/lollis-lip-care-lupu-balzams-klasiskais-4-g\/","title":{"rendered":"LOLLIS Lip Care L\u016bp\u0173 balzamas Classic, 4 g"},"content":{"rendered":"<p>\u2022 Nat\u016bralus blizgesys, \u0161velnumas ir dr\u0117kinamos l\u016bpos.<br \/>\n\u2022 Veiksminga \u201cLollis Classic Lip Care\u201d formul\u0117 su taukmed\u017ei\u0173 sviestu ir vitaminu E r\u016bpinasi j\u016bs\u0173 l\u016bpomis, i\u0161ry\u0161kindama nat\u016bral\u0173 j\u0173 gro\u017e\u012f ir suteikdama prie\u017ei\u016bros.<\/p>\n<p>Naudojimas: Tepkite ant saus\u0173, \u0161vari\u0173 l\u016bp\u0173.<\/p>\n<p>\u012esp\u0117jimai: nepalikite tiesioginiuose saul\u0117s spinduliuose. Saugoti nuo kar\u0161\u010dio ir dr\u0117gm\u0117s. Tik i\u0161oriniam naudojimui. Laikyti vaikams iki 3 met\u0173 nepasiekiamoje vietoje.<\/p>\n","protected":false},"excerpt":{"rendered":"<p>\u2022 Nat\u016bralus blizgesys, \u0161velnumas ir dr\u0117kinamos l\u016bpos. \u2022 Veiksminga \u201cLollis Classic Lip Care\u201d formul\u0117 su taukmed\u017ei\u0173 sviestu ir vitaminu E r\u016bpinasi j\u016bs\u0173 l\u016bpomis, i\u0161ry\u0161kindama nat\u016bral\u0173 j\u0173 gro\u017e\u012f ir suteikdama prie\u017ei\u016bros. Naudojimas: Tepkite ant saus\u0173, \u0161vari\u0173 l\u016bp\u0173. \u012esp\u0117jimai: nepalikite tiesioginiuose saul\u0117s spinduliuose. Saugoti nuo kar\u0161\u010dio ir dr\u0117gm\u0117s. Tik i\u0161oriniam naudojimui. Laikyti vaikams iki 3 met\u0173 nepasiekiamoje [&#8230;]\n","protected":false},"featured_media":100897,"template":"","meta":[],"product_cat":[1593],"product_tag":[],"class_list":{"0":"post-61571","1":"product","2":"type-product","3":"status-publish","4":"has-post-thumbnail","6":"product_brand-lollis_tr-merker-lt","7":"product_cat-lupu-prieziura","9":"first","10":"instock","11":"taxable","12":"shipping-taxable","13":"product-type-simple"},"_links":{"self":[{"href":"https:\/\/e.kosmolat.eu\/lt\/wp-json\/wp\/v2\/product\/61571","targetHints":{"allow":["GET"]}}],"collection":[{"href":"https:\/\/e.kosmolat.eu\/lt\/wp-json\/wp\/v2\/product"}],"about":[{"href":"https:\/\/e.kosmolat.eu\/lt\/wp-json\/wp\/v2\/types\/product"}],"wp:featuredmedia":[{"embeddable":true,"href":"https:\/\/e.kosmolat.eu\/lt\/wp-json\/wp\/v2\/media\/100897"}],"wp:attachment":[{"href":"https:\/\/e.kosmolat.eu\/lt\/wp-json\/wp\/v2\/media?parent=61571"}],"wp:term":[{"taxonomy":"product_cat","embeddable":true,"href":"https:\/\/e.kosmolat.eu\/lt\/wp-json\/wp\/v2\/product_cat?post=61571"},{"taxonomy":"product_tag","embeddable":true,"href":"https:\/\/e.kosmolat.eu\/lt\/wp-json\/wp\/v2\/product_tag?post=61571"}],"curies":[{"name":"wp","href":"https:\/\/api.w.org\/{rel}","templated":true}]}}