{"id":61262,"date":"2025-01-17T05:04:31","date_gmt":"2025-01-17T05:04:31","guid":{"rendered":"https:\/\/e.kosmolat.eu\/product\/white-day-mitras-salvetes-sensitive-kumelite-120-gab\/"},"modified":"2026-04-24T06:04:19","modified_gmt":"2026-04-24T06:04:19","slug":"white-day-mitras-salvetes-sensitive-kumelite-120-gab","status":"publish","type":"product","link":"https:\/\/e.kosmolat.eu\/lt\/produktas\/white-day-mitras-salvetes-sensitive-kumelite-120-gab\/","title":{"rendered":"WHITE DAY Dr\u0117gnos servet\u0117l\u0117s Sensitive Chamomile, 120 vnt."},"content":{"rendered":"<p>Mink\u0161tos ir tankios dr\u0117gnos higienin\u0117s servet\u0117l\u0117s \u2013 sud\u0117tyje n\u0117ra  alkoholio  ir paraben\u0173 \u2013 valo, mink\u0161tina ir dr\u0117kina od\u0105.<\/p>\n<p>Naudojimas: Atidarykite dangtel\u012f, atsargiai i\u0161imkite servet\u0117l\u0119, sandariai u\u017edarykite dangtel\u012f, kad i\u0161laikytum\u0117te dr\u0117gm\u0119.<br \/>\n\u012esp\u0117jimas: Laikyti v\u0117sioje, sausoje vietoje. Saugoti nuo tiesiogini\u0173 saul\u0117s spinduli\u0173. Vengti patekimo \u012f akis. Patekus \u012f akis, plauti dideliu kiekiu vandens.<\/p>\n<p>D\u0117mesio: nenuleiskite \u012f tualet\u0105. Kad i\u0161vengtum\u0117te u\u017edusimo, visus plastikinius mai\u0161elius laikykite vaikams ir naminiams gyv\u016bn\u0117liams nepasiekiamoje vietoje.<\/p>\n","protected":false},"excerpt":{"rendered":"<p>Mink\u0161tos ir tankios dr\u0117gnos higienin\u0117s servet\u0117l\u0117s \u2013 sud\u0117tyje n\u0117ra alkoholio ir paraben\u0173 \u2013 valo, mink\u0161tina ir dr\u0117kina od\u0105. Naudojimas: Atidarykite dangtel\u012f, atsargiai i\u0161imkite servet\u0117l\u0119, sandariai u\u017edarykite dangtel\u012f, kad i\u0161laikytum\u0117te dr\u0117gm\u0119. \u012esp\u0117jimas: Laikyti v\u0117sioje, sausoje vietoje. Saugoti nuo tiesiogini\u0173 saul\u0117s spinduli\u0173. Vengti patekimo \u012f akis. Patekus \u012f akis, plauti dideliu kiekiu vandens. D\u0117mesio: nenuleiskite \u012f tualet\u0105. [&#8230;]\n","protected":false},"featured_media":97217,"template":"","meta":[],"product_cat":[1808],"product_tag":[],"class_list":{"0":"post-61262","1":"product","2":"type-product","3":"status-publish","4":"has-post-thumbnail","6":"product_brand-salvor-wet-wiper-tr-lt","7":"product_cat-dregnos-serveteles-ir-nosines","9":"first","10":"instock","11":"taxable","12":"shipping-taxable","13":"product-type-simple"},"_links":{"self":[{"href":"https:\/\/e.kosmolat.eu\/lt\/wp-json\/wp\/v2\/product\/61262","targetHints":{"allow":["GET"]}}],"collection":[{"href":"https:\/\/e.kosmolat.eu\/lt\/wp-json\/wp\/v2\/product"}],"about":[{"href":"https:\/\/e.kosmolat.eu\/lt\/wp-json\/wp\/v2\/types\/product"}],"wp:featuredmedia":[{"embeddable":true,"href":"https:\/\/e.kosmolat.eu\/lt\/wp-json\/wp\/v2\/media\/97217"}],"wp:attachment":[{"href":"https:\/\/e.kosmolat.eu\/lt\/wp-json\/wp\/v2\/media?parent=61262"}],"wp:term":[{"taxonomy":"product_cat","embeddable":true,"href":"https:\/\/e.kosmolat.eu\/lt\/wp-json\/wp\/v2\/product_cat?post=61262"},{"taxonomy":"product_tag","embeddable":true,"href":"https:\/\/e.kosmolat.eu\/lt\/wp-json\/wp\/v2\/product_tag?post=61262"}],"curies":[{"name":"wp","href":"https:\/\/api.w.org\/{rel}","templated":true}]}}