{"id":61238,"date":"2025-01-17T05:03:41","date_gmt":"2025-01-17T05:03:41","guid":{"rendered":"https:\/\/e.kosmolat.eu\/product\/white-day-mitras-salvetes-kosm-nonems-ar-hialuronsk-25-gab\/"},"modified":"2026-04-23T11:29:46","modified_gmt":"2026-04-23T11:29:46","slug":"white-day-mitras-salvetes-kosm-nonems-ar-hialuronsk-25-gab","status":"publish","type":"product","link":"https:\/\/e.kosmolat.eu\/lt\/produktas\/white-day-mitras-salvetes-kosm-nonems-ar-hialuronsk-25-gab\/","title":{"rendered":"WHITE DAY Dr\u0117gnos servet\u0117l\u0117s makia\u017eui pa\u0161alinti su hialurono r\u016bg\u0161timi, 25 vnt."},"content":{"rendered":"<p>Dr\u0117gnos servet\u0117l\u0117s makia\u017eui pa\u0161alinti su hialurono r\u016bg\u0161timi maitina ir stiprina apsaugin\u012f odos barjer\u0105, j\u0105 dr\u0117kina. D\u0117l i\u0161gryninto vandens ir i\u0161 cukrini\u0173 runkeli\u0173 gaunam\u0173 veikli\u0173j\u0173 med\u017eiag\u0173 jie efektyviai pa\u0161alina makia\u017e\u0105. D\u0117l glikolio r\u016bg\u0161ties jie suteikia poras sutraukiant\u012f efekt\u0105 ir efektyviai pa\u0161alina vandeniui atspar\u0173 makia\u017e\u0105. Tinka kasdieniam naudojimui.<\/p>\n<p>\u012esp\u0117jimas: Laikyti v\u0117sioje, sausoje vietoje. Saugoti nuo tiesiogini\u0173 saul\u0117s spinduli\u0173. Vengti patekimo \u012f akis. Patekus \u012f akis, plauti dideliu kiekiu vandens.<\/p>\n<p>D\u0117mesio: nenuleiskite  \u012f tualet\u0105. Kad i\u0161vengtum\u0117te u\u017edusimo, visus plastikinius mai\u0161elius laikykite vaikams ir naminiams gyv\u016bn\u0117liams nepasiekiamoje vietoje.<\/p>\n","protected":false},"excerpt":{"rendered":"<p>Dr\u0117gnos servet\u0117l\u0117s makia\u017eui pa\u0161alinti su hialurono r\u016bg\u0161timi maitina ir stiprina apsaugin\u012f odos barjer\u0105, j\u0105 dr\u0117kina. D\u0117l i\u0161gryninto vandens ir i\u0161 cukrini\u0173 runkeli\u0173 gaunam\u0173 veikli\u0173j\u0173 med\u017eiag\u0173 jie efektyviai pa\u0161alina makia\u017e\u0105. D\u0117l glikolio r\u016bg\u0161ties jie suteikia poras sutraukiant\u012f efekt\u0105 ir efektyviai pa\u0161alina vandeniui atspar\u0173 makia\u017e\u0105. Tinka kasdieniam naudojimui. \u012esp\u0117jimas: Laikyti v\u0117sioje, sausoje vietoje. Saugoti nuo tiesiogini\u0173 saul\u0117s [&#8230;]\n","protected":false},"featured_media":78188,"template":"","meta":[],"product_cat":[1808],"product_tag":[],"class_list":{"0":"post-61238","1":"product","2":"type-product","3":"status-publish","4":"has-post-thumbnail","6":"product_brand-salvor-wet-wiper-tr-lt","7":"product_cat-dregnos-serveteles-ir-nosines","9":"first","10":"instock","11":"taxable","12":"shipping-taxable","13":"product-type-simple"},"_links":{"self":[{"href":"https:\/\/e.kosmolat.eu\/lt\/wp-json\/wp\/v2\/product\/61238","targetHints":{"allow":["GET"]}}],"collection":[{"href":"https:\/\/e.kosmolat.eu\/lt\/wp-json\/wp\/v2\/product"}],"about":[{"href":"https:\/\/e.kosmolat.eu\/lt\/wp-json\/wp\/v2\/types\/product"}],"wp:featuredmedia":[{"embeddable":true,"href":"https:\/\/e.kosmolat.eu\/lt\/wp-json\/wp\/v2\/media\/78188"}],"wp:attachment":[{"href":"https:\/\/e.kosmolat.eu\/lt\/wp-json\/wp\/v2\/media?parent=61238"}],"wp:term":[{"taxonomy":"product_cat","embeddable":true,"href":"https:\/\/e.kosmolat.eu\/lt\/wp-json\/wp\/v2\/product_cat?post=61238"},{"taxonomy":"product_tag","embeddable":true,"href":"https:\/\/e.kosmolat.eu\/lt\/wp-json\/wp\/v2\/product_tag?post=61238"}],"curies":[{"name":"wp","href":"https:\/\/api.w.org\/{rel}","templated":true}]}}