{"id":61230,"date":"2025-01-17T05:03:25","date_gmt":"2025-01-17T05:03:25","guid":{"rendered":"https:\/\/e.kosmolat.eu\/product\/white-day-mitras-salvetes-flower-mix-4-veidi-15-gab\/"},"modified":"2026-04-23T08:56:49","modified_gmt":"2026-04-23T08:56:49","slug":"white-day-mitras-salvetes-flower-mix-4-veidi-15-gab","status":"publish","type":"product","link":"https:\/\/e.kosmolat.eu\/lt\/produktas\/white-day-mitras-salvetes-flower-mix-4-veidi-15-gab\/","title":{"rendered":"WHITE DAY Dr\u0117gnos servet\u0117l\u0117s Flower Mix, 4 r\u016b\u0161i\u0173, 15 vnt."},"content":{"rendered":"<p>Subalansuotas pH. Sud\u0117tyje n\u0117ra alkoholio ir paraben\u0173.<br \/>\nNaudojimas: nulupkite daugkartin\u012f lipduk\u0105, i\u0161imkite servet\u0117l\u0119. U\u017edenkite lipduk\u0105, kad nei\u0161d\u017ei\u016bt\u0173.<\/p>\n<p>\u012esp\u0117jimas: Laikyti v\u0117sioje, sausoje vietoje. Saugoti nuo tiesiogini\u0173 saul\u0117s spinduli\u0173. Vengti patekimo \u012f akis. Patekus \u012f akis, plauti dideliu kiekiu vandens.<\/p>\n<p>D\u0117mesio: nenuleiskite \u012f tualet\u0105. Kad i\u0161vengtum\u0117te u\u017edusimo, visus plastikinius mai\u0161elius laikykite vaikams ir naminiams gyv\u016bn\u0117liams nepasiekiamoje vietoje.<\/p>\n","protected":false},"excerpt":{"rendered":"<p>Subalansuotas pH. Sud\u0117tyje n\u0117ra alkoholio ir paraben\u0173. Naudojimas: nulupkite daugkartin\u012f lipduk\u0105, i\u0161imkite servet\u0117l\u0119. U\u017edenkite lipduk\u0105, kad nei\u0161d\u017ei\u016bt\u0173. \u012esp\u0117jimas: Laikyti v\u0117sioje, sausoje vietoje. Saugoti nuo tiesiogini\u0173 saul\u0117s spinduli\u0173. Vengti patekimo \u012f akis. Patekus \u012f akis, plauti dideliu kiekiu vandens. D\u0117mesio: nenuleiskite \u012f tualet\u0105. Kad i\u0161vengtum\u0117te u\u017edusimo, visus plastikinius mai\u0161elius laikykite vaikams ir naminiams gyv\u016bn\u0117liams nepasiekiamoje vietoje.<\/p>\n","protected":false},"featured_media":97627,"template":"","meta":[],"product_cat":[1808],"product_tag":[],"class_list":{"0":"post-61230","1":"product","2":"type-product","3":"status-publish","4":"has-post-thumbnail","6":"product_brand-salvor-wet-wiper-tr-lt","7":"product_cat-dregnos-serveteles-ir-nosines","9":"first","10":"instock","11":"taxable","12":"shipping-taxable","13":"product-type-simple"},"_links":{"self":[{"href":"https:\/\/e.kosmolat.eu\/lt\/wp-json\/wp\/v2\/product\/61230","targetHints":{"allow":["GET"]}}],"collection":[{"href":"https:\/\/e.kosmolat.eu\/lt\/wp-json\/wp\/v2\/product"}],"about":[{"href":"https:\/\/e.kosmolat.eu\/lt\/wp-json\/wp\/v2\/types\/product"}],"wp:featuredmedia":[{"embeddable":true,"href":"https:\/\/e.kosmolat.eu\/lt\/wp-json\/wp\/v2\/media\/97627"}],"wp:attachment":[{"href":"https:\/\/e.kosmolat.eu\/lt\/wp-json\/wp\/v2\/media?parent=61230"}],"wp:term":[{"taxonomy":"product_cat","embeddable":true,"href":"https:\/\/e.kosmolat.eu\/lt\/wp-json\/wp\/v2\/product_cat?post=61230"},{"taxonomy":"product_tag","embeddable":true,"href":"https:\/\/e.kosmolat.eu\/lt\/wp-json\/wp\/v2\/product_tag?post=61230"}],"curies":[{"name":"wp","href":"https:\/\/api.w.org\/{rel}","templated":true}]}}