{"id":61222,"date":"2025-01-17T05:03:10","date_gmt":"2025-01-17T05:03:10","guid":{"rendered":"https:\/\/e.kosmolat.eu\/product\/white-day-mitras-salvetes-ultra-sensitive-alveja-144-gab\/"},"modified":"2026-04-24T06:04:07","modified_gmt":"2026-04-24T06:04:07","slug":"white-day-mitras-salvetes-ultra-sensitive-alveja-144-gab","status":"publish","type":"product","link":"https:\/\/e.kosmolat.eu\/lt\/produktas\/white-day-mitras-salvetes-ultra-sensitive-alveja-144-gab\/","title":{"rendered":"WHITE DAY Ultra Sensitive Aloe Vera dr\u0117gnos servet\u0117l\u0117s, 144 vnt."},"content":{"rendered":"<p>D\u0117l \u0161velnios tekst\u016bros ir formul\u0117s dr\u0117gnos servet\u0117l\u0117s r\u016bpinasi rank\u0173, veido ir k\u016bno oda. Mink\u0161tos higienin\u0117s servet\u0117l\u0117s apsaugo od\u0105 sud\u0117tyje n\u0117ra  alkoholio ar da\u017eikli\u0173.<\/p>\n<p>Naudojimas: Atidarykite dangtel\u012f, atsargiai i\u0161imkite servet\u0117l\u0119, sandariai u\u017edarykite dangtel\u012f, kad i\u0161laikytum\u0117te dr\u0117gm\u0119.<\/p>\n<p>Laikyti v\u0117sioje, sausoje vietoje. Saugoti nuo tiesiogini\u0173 saul\u0117s spinduli\u0173. Vengti patekimo \u012f akis. Patekus \u012f akis, plauti dideliu kiekiu  vandens.<\/p>\n","protected":false},"excerpt":{"rendered":"<p>D\u0117l \u0161velnios tekst\u016bros ir formul\u0117s dr\u0117gnos servet\u0117l\u0117s r\u016bpinasi rank\u0173, veido ir k\u016bno oda. Mink\u0161tos higienin\u0117s servet\u0117l\u0117s apsaugo od\u0105 sud\u0117tyje n\u0117ra alkoholio ar da\u017eikli\u0173. Naudojimas: Atidarykite dangtel\u012f, atsargiai i\u0161imkite servet\u0117l\u0119, sandariai u\u017edarykite dangtel\u012f, kad i\u0161laikytum\u0117te dr\u0117gm\u0119. Laikyti v\u0117sioje, sausoje vietoje. Saugoti nuo tiesiogini\u0173 saul\u0117s spinduli\u0173. Vengti patekimo \u012f akis. Patekus \u012f akis, plauti dideliu kiekiu vandens.<\/p>\n","protected":false},"featured_media":98345,"template":"","meta":[],"product_cat":[1796],"product_tag":[],"class_list":{"0":"post-61222","1":"product","2":"type-product","3":"status-publish","4":"has-post-thumbnail","6":"product_brand-salvor-wet-wiper-tr-lt","7":"product_cat-dregnos-serveteles-vaikams","9":"first","10":"instock","11":"taxable","12":"shipping-taxable","13":"product-type-simple"},"_links":{"self":[{"href":"https:\/\/e.kosmolat.eu\/lt\/wp-json\/wp\/v2\/product\/61222","targetHints":{"allow":["GET"]}}],"collection":[{"href":"https:\/\/e.kosmolat.eu\/lt\/wp-json\/wp\/v2\/product"}],"about":[{"href":"https:\/\/e.kosmolat.eu\/lt\/wp-json\/wp\/v2\/types\/product"}],"wp:featuredmedia":[{"embeddable":true,"href":"https:\/\/e.kosmolat.eu\/lt\/wp-json\/wp\/v2\/media\/98345"}],"wp:attachment":[{"href":"https:\/\/e.kosmolat.eu\/lt\/wp-json\/wp\/v2\/media?parent=61222"}],"wp:term":[{"taxonomy":"product_cat","embeddable":true,"href":"https:\/\/e.kosmolat.eu\/lt\/wp-json\/wp\/v2\/product_cat?post=61222"},{"taxonomy":"product_tag","embeddable":true,"href":"https:\/\/e.kosmolat.eu\/lt\/wp-json\/wp\/v2\/product_tag?post=61222"}],"curies":[{"name":"wp","href":"https:\/\/api.w.org\/{rel}","templated":true}]}}