{"id":61214,"date":"2025-01-17T05:02:54","date_gmt":"2025-01-17T05:02:54","guid":{"rendered":"https:\/\/e.kosmolat.eu\/product\/white-day-higien-mitras-salvetes-berniem-ultra-sensitive-72-gab\/"},"modified":"2026-04-24T06:03:53","modified_gmt":"2026-04-24T06:03:53","slug":"white-day-higien-mitras-salvetes-berniem-ultra-sensitive-72-gab","status":"publish","type":"product","link":"https:\/\/e.kosmolat.eu\/lt\/produktas\/white-day-higien-mitras-salvetes-berniem-ultra-sensitive-72-gab\/","title":{"rendered":"WHITE DAY Higienin\u0117s k\u016bdiki\u0173 dr\u0117gnos servet\u0117l\u0117s Ultra Sensitive, 72 vnt."},"content":{"rendered":"<p>Dr\u0117gnos higienin\u0117s servet\u0117l\u0117s valo ir dr\u0117kina j\u016bs\u0173 k\u016bdikio od\u0105. Subalansuotas pH. Sud\u0117tyje n\u0117ra alkoholio ir paraben\u0173.<\/p>\n<p>Naudojimas: nulupkite daugkartin\u012f lipduk\u0105, i\u0161imkite servet\u0117l\u0119. U\u017edenkite lipduk\u0105, kad nei\u0161d\u017ei\u016bt\u0173.<\/p>\n<p>Laikyti v\u0117sioje, sausoje vietoje. Saugoti nuo tiesiogini\u0173 saul\u0117s spinduli\u0173. Vengti patekimo \u012f akis. Patekus \u012f akis, plauti dideliu kiekiu vandens.<\/p>\n","protected":false},"excerpt":{"rendered":"<p>Dr\u0117gnos higienin\u0117s servet\u0117l\u0117s valo ir dr\u0117kina j\u016bs\u0173 k\u016bdikio od\u0105. Subalansuotas pH. Sud\u0117tyje n\u0117ra alkoholio ir paraben\u0173. Naudojimas: nulupkite daugkartin\u012f lipduk\u0105, i\u0161imkite servet\u0117l\u0119. U\u017edenkite lipduk\u0105, kad nei\u0161d\u017ei\u016bt\u0173. Laikyti v\u0117sioje, sausoje vietoje. Saugoti nuo tiesiogini\u0173 saul\u0117s spinduli\u0173. Vengti patekimo \u012f akis. Patekus \u012f akis, plauti dideliu kiekiu vandens.<\/p>\n","protected":false},"featured_media":99775,"template":"","meta":[],"product_cat":[1796],"product_tag":[],"class_list":{"0":"post-61214","1":"product","2":"type-product","3":"status-publish","4":"has-post-thumbnail","6":"product_brand-salvor-wet-wiper-tr-lt","7":"product_cat-dregnos-serveteles-vaikams","9":"first","10":"instock","11":"taxable","12":"shipping-taxable","13":"product-type-simple"},"_links":{"self":[{"href":"https:\/\/e.kosmolat.eu\/lt\/wp-json\/wp\/v2\/product\/61214","targetHints":{"allow":["GET"]}}],"collection":[{"href":"https:\/\/e.kosmolat.eu\/lt\/wp-json\/wp\/v2\/product"}],"about":[{"href":"https:\/\/e.kosmolat.eu\/lt\/wp-json\/wp\/v2\/types\/product"}],"wp:featuredmedia":[{"embeddable":true,"href":"https:\/\/e.kosmolat.eu\/lt\/wp-json\/wp\/v2\/media\/99775"}],"wp:attachment":[{"href":"https:\/\/e.kosmolat.eu\/lt\/wp-json\/wp\/v2\/media?parent=61214"}],"wp:term":[{"taxonomy":"product_cat","embeddable":true,"href":"https:\/\/e.kosmolat.eu\/lt\/wp-json\/wp\/v2\/product_cat?post=61214"},{"taxonomy":"product_tag","embeddable":true,"href":"https:\/\/e.kosmolat.eu\/lt\/wp-json\/wp\/v2\/product_tag?post=61214"}],"curies":[{"name":"wp","href":"https:\/\/api.w.org\/{rel}","templated":true}]}}