{"id":61198,"date":"2025-01-16T05:04:25","date_gmt":"2025-01-16T05:04:25","guid":{"rendered":"https:\/\/e.kosmolat.eu\/product\/gp-vannas-putas-verbena-un-salda-citrona-ella-500-ml\/"},"modified":"2026-04-14T09:12:41","modified_gmt":"2026-04-14T09:12:41","slug":"gp-vannas-putas-verbena-un-salda-citrona-ella-500-ml","status":"publish","type":"product","link":"https:\/\/e.kosmolat.eu\/lt\/produktas\/gp-vannas-putas-verbena-un-salda-citrona-ella-500-ml\/","title":{"rendered":"GREEN PHARMACY Vonios putos verben\u0173 ir sald\u017ei\u0173j\u0173 citrin\u0173 aliejus, 500 ml"},"content":{"rendered":"<p>Dermatologi\u0161kai patikrinta.<\/p>\n<p>Naudojimas: vonios putas pilti po tekan\u010diu vandeniu, kad susidaryt\u0173 putos; I\u0161maud\u0119 vonioje, putas nuplaukite nuo k\u016bno vandeniu.<\/p>\n<p>Laikyti nuo +5\u00b0C iki +25\u00b0C temperat\u016broje.<\/p>\n","protected":false},"excerpt":{"rendered":"<p>Dermatologi\u0161kai patikrinta. Naudojimas: vonios putas pilti po tekan\u010diu vandeniu, kad susidaryt\u0173 putos; I\u0161maud\u0119 vonioje, putas nuplaukite nuo k\u016bno vandeniu. Laikyti nuo +5\u00b0C iki +25\u00b0C temperat\u016broje.<\/p>\n","protected":false},"featured_media":99864,"template":"","meta":[],"product_cat":[1799],"product_tag":[],"class_list":{"0":"post-61198","1":"product","2":"type-product","3":"status-publish","4":"has-post-thumbnail","6":"product_brand-elfa_ua-lt","7":"product_cat-duso-geliai-muilas-vonios-putos","9":"first","10":"instock","11":"taxable","12":"shipping-taxable","13":"product-type-simple"},"_links":{"self":[{"href":"https:\/\/e.kosmolat.eu\/lt\/wp-json\/wp\/v2\/product\/61198","targetHints":{"allow":["GET"]}}],"collection":[{"href":"https:\/\/e.kosmolat.eu\/lt\/wp-json\/wp\/v2\/product"}],"about":[{"href":"https:\/\/e.kosmolat.eu\/lt\/wp-json\/wp\/v2\/types\/product"}],"wp:featuredmedia":[{"embeddable":true,"href":"https:\/\/e.kosmolat.eu\/lt\/wp-json\/wp\/v2\/media\/99864"}],"wp:attachment":[{"href":"https:\/\/e.kosmolat.eu\/lt\/wp-json\/wp\/v2\/media?parent=61198"}],"wp:term":[{"taxonomy":"product_cat","embeddable":true,"href":"https:\/\/e.kosmolat.eu\/lt\/wp-json\/wp\/v2\/product_cat?post=61198"},{"taxonomy":"product_tag","embeddable":true,"href":"https:\/\/e.kosmolat.eu\/lt\/wp-json\/wp\/v2\/product_tag?post=61198"}],"curies":[{"name":"wp","href":"https:\/\/api.w.org\/{rel}","templated":true}]}}