{"id":61190,"date":"2025-01-16T05:04:05","date_gmt":"2025-01-16T05:04:05","guid":{"rendered":"https:\/\/e.kosmolat.eu\/product\/gp-kremveida-vannas-putas-damaskas-roze-un-si-sviests-500-ml\/"},"modified":"2026-03-19T08:40:16","modified_gmt":"2026-03-19T08:40:16","slug":"gp-kremveida-vannas-putas-damaskas-roze-un-si-sviests-500-ml","status":"publish","type":"product","link":"https:\/\/e.kosmolat.eu\/lt\/produktas\/gp-kremveida-vannas-putas-damaskas-roze-un-si-sviests-500-ml\/","title":{"rendered":"GREEN PHARMACY Kremin\u0117s vonios  putos Damasko ro\u017e\u0117s ir taukmed\u017ei\u0173 sviestas, 500 ml"},"content":{"rendered":"<p>Dermatologi\u0161kai patikrinta.<\/p>\n<p>Naudojimas: vonios putas pilti po tekan\u010diu vandeniu, kad susidaryt\u0173 putos; I\u0161maud\u0119 vonioje, putas nuplaukite nuo k\u016bno vandeniu.<\/p>\n<p>Laikyti nuo +5\u00b0C iki +25\u00b0C temperat\u016broje.<\/p>\n","protected":false},"excerpt":{"rendered":"<p>Dermatologi\u0161kai patikrinta. Naudojimas: vonios putas pilti po tekan\u010diu vandeniu, kad susidaryt\u0173 putos; I\u0161maud\u0119 vonioje, putas nuplaukite nuo k\u016bno vandeniu. Laikyti nuo +5\u00b0C iki +25\u00b0C temperat\u016broje.<\/p>\n","protected":false},"featured_media":100040,"template":"","meta":[],"product_cat":[1799],"product_tag":[],"class_list":{"0":"post-61190","1":"product","2":"type-product","3":"status-publish","4":"has-post-thumbnail","6":"product_brand-elfa_ua-lt","7":"product_cat-duso-geliai-muilas-vonios-putos","9":"first","10":"instock","11":"taxable","12":"shipping-taxable","13":"product-type-simple"},"_links":{"self":[{"href":"https:\/\/e.kosmolat.eu\/lt\/wp-json\/wp\/v2\/product\/61190","targetHints":{"allow":["GET"]}}],"collection":[{"href":"https:\/\/e.kosmolat.eu\/lt\/wp-json\/wp\/v2\/product"}],"about":[{"href":"https:\/\/e.kosmolat.eu\/lt\/wp-json\/wp\/v2\/types\/product"}],"wp:featuredmedia":[{"embeddable":true,"href":"https:\/\/e.kosmolat.eu\/lt\/wp-json\/wp\/v2\/media\/100040"}],"wp:attachment":[{"href":"https:\/\/e.kosmolat.eu\/lt\/wp-json\/wp\/v2\/media?parent=61190"}],"wp:term":[{"taxonomy":"product_cat","embeddable":true,"href":"https:\/\/e.kosmolat.eu\/lt\/wp-json\/wp\/v2\/product_cat?post=61190"},{"taxonomy":"product_tag","embeddable":true,"href":"https:\/\/e.kosmolat.eu\/lt\/wp-json\/wp\/v2\/product_tag?post=61190"}],"curies":[{"name":"wp","href":"https:\/\/api.w.org\/{rel}","templated":true}]}}