{"id":61182,"date":"2025-01-16T05:03:45","date_gmt":"2025-01-16T05:03:45","guid":{"rendered":"https:\/\/e.kosmolat.eu\/product\/salutare-juice-alveja-kosm-kr-zel-ar-alvejas-sulu-996-hialuronsk-un-d-pantenolu-200-ml\/"},"modified":"2026-04-22T05:57:11","modified_gmt":"2026-04-22T05:57:11","slug":"salutare-juice-alveja-kosm-kr-zel-ar-alvejas-sulu-996-hialuronsk-un-d-pantenolu-200-ml","status":"publish","type":"product","link":"https:\/\/e.kosmolat.eu\/lt\/produktas\/salutare-juice-alveja-kosm-kr-zel-ar-alvejas-sulu-996-hialuronsk-un-d-pantenolu-200-ml\/","title":{"rendered":"SALUTARE JUICE Kosmetinis kreminis gelis su alavijo sultimis 99,6%, hialurono r\u016bg\u0161tis ir D-pantenoli"},"content":{"rendered":"<p>Kosmetinis kremas-gelis yra universalus dr\u0117kinamasis kremas veido ir k\u016bno odos prie\u017ei\u016brai. Aktyvi formul\u0117 turi raminam\u0105j\u012f poveik\u012f ir atkuria sausos odos turgor\u0105. Hialurono r\u016bg\u0161tis turi gil\u0173 prasiskverbimo poveik\u012f, skatina kolageno gamyb\u0105 ir apsaugo nuo prie\u0161laikinio sen\u0117jimo, padeda i\u0161laikyti jaunatvi\u0161k\u0105 od\u0105. D-pantenolis ir nat\u016brali\u0173 augalini\u0173 laki\u0161i\u0173 ir dilg\u0117li\u0173 ekstrakt\u0173 kompleksas stimuliuoja med\u017eiag\u0173 apykaitos procesus odoje, suteikdamas vitaminizuojant\u012f poveik\u012f. Produktas gali b\u016bti naudojamas kaip makia\u017eo pagrindas. Tinka kasdieniam naudojimui.<\/p>\n<p>Naudojimas: nedidel\u012f kiek\u012f kremo u\u017etepkite ant \u0161varios odos ir tolygiai paskirstykite, kol visi\u0161kai \u012fsigers.<\/p>\n<p>Atsargumo priemon\u0117s: nenaudokite, jei yra padid\u0117j\u0119s jautrumas atskiriems kompozicijos komponentams.<\/p>\n<p>Laikymo s\u0105lygos: laikyti gamintojo pakuot\u0117je sausose patalpose, atokiau nuo atviros liepsnos, saul\u0117s spinduli\u0173 ir kar\u0161\u010dio \u0161altini\u0173, nuo +5\u00b0C iki +25\u00b0C temperat\u016broje, ne ma\u017eiau nei 0,5m nuo \u0161ildymo prietais\u0173<\/p>\n<p>Geriausias: 36 m\u0117nesiai nuo pagaminimo datos.<\/p>\n","protected":false},"excerpt":{"rendered":"<p>Kosmetinis kremas-gelis yra universalus dr\u0117kinamasis kremas veido ir k\u016bno odos prie\u017ei\u016brai. Aktyvi formul\u0117 turi raminam\u0105j\u012f poveik\u012f ir atkuria sausos odos turgor\u0105. Hialurono r\u016bg\u0161tis turi gil\u0173 prasiskverbimo poveik\u012f, skatina kolageno gamyb\u0105 ir apsaugo nuo prie\u0161laikinio sen\u0117jimo, padeda i\u0161laikyti jaunatvi\u0161k\u0105 od\u0105. D-pantenolis ir nat\u016brali\u0173 augalini\u0173 laki\u0161i\u0173 ir dilg\u0117li\u0173 ekstrakt\u0173 kompleksas stimuliuoja med\u017eiag\u0173 apykaitos procesus odoje, suteikdamas vitaminizuojant\u012f [&#8230;]\n","protected":false},"featured_media":99714,"template":"","meta":[],"product_cat":[1322],"product_tag":[],"class_list":{"0":"post-61182","1":"product","2":"type-product","3":"status-publish","4":"has-post-thumbnail","6":"product_brand-green-pharm-cosmetic_ua-lt","7":"product_cat-veido-kremai","9":"first","10":"instock","11":"taxable","12":"shipping-taxable","13":"product-type-simple"},"_links":{"self":[{"href":"https:\/\/e.kosmolat.eu\/lt\/wp-json\/wp\/v2\/product\/61182","targetHints":{"allow":["GET"]}}],"collection":[{"href":"https:\/\/e.kosmolat.eu\/lt\/wp-json\/wp\/v2\/product"}],"about":[{"href":"https:\/\/e.kosmolat.eu\/lt\/wp-json\/wp\/v2\/types\/product"}],"wp:featuredmedia":[{"embeddable":true,"href":"https:\/\/e.kosmolat.eu\/lt\/wp-json\/wp\/v2\/media\/99714"}],"wp:attachment":[{"href":"https:\/\/e.kosmolat.eu\/lt\/wp-json\/wp\/v2\/media?parent=61182"}],"wp:term":[{"taxonomy":"product_cat","embeddable":true,"href":"https:\/\/e.kosmolat.eu\/lt\/wp-json\/wp\/v2\/product_cat?post=61182"},{"taxonomy":"product_tag","embeddable":true,"href":"https:\/\/e.kosmolat.eu\/lt\/wp-json\/wp\/v2\/product_tag?post=61182"}],"curies":[{"name":"wp","href":"https:\/\/api.w.org\/{rel}","templated":true}]}}