{"id":61174,"date":"2025-01-16T05:03:25","date_gmt":"2025-01-16T05:03:25","guid":{"rendered":"https:\/\/e.kosmolat.eu\/product\/salutare-juice-alveja-kosm-roku-krems-100-ml\/"},"modified":"2026-03-29T05:43:10","modified_gmt":"2026-03-29T05:43:10","slug":"i_salutare-juice-alveja-kosm-roku-krems-100-ml","status":"publish","type":"product","link":"https:\/\/e.kosmolat.eu\/lt\/produktas\/i_salutare-juice-alveja-kosm-roku-krems-100-ml\/","title":{"rendered":"I_SALUTARE JUICE Aloe Cosmetic rank\u0173 kremas, 100 ml"},"content":{"rendered":"<p>Kosmetinis rank\u0173 kremas su nat\u016braliomis alavij\u0173 sultimis yra ideali priemon\u0117 sausai ir i\u0161saus\u0117jusiai rank\u0173 bei k\u016bno odai pri\u017ei\u016br\u0117ti. Aktyvi itin dr\u0117kinanti kremo formul\u0117 turi raminam\u0105j\u012f ir atkuriam\u0105j\u012f poveik\u012f. Jis palaiko odos hidrobalans\u0105, padeda sustiprinti jos turgor\u0105, i\u0161saugo jaunyst\u0119. Dr\u0117kinam\u0105j\u012f alavij\u0173 poveik\u012f sustiprina karbamidas (\u0161lapalas), D-pantenolis ir nat\u016brali\u0173 augal\u0173 ekstrakt\u0173 kompleksas &#8211; vynuogi\u0173 kauliukai, laki\u0161iai, er\u0161k\u0117\u010diai ir dilg\u0117l\u0117s, kurios skatina med\u017eiag\u0173 apykaitos procesus odoje ir prisotina j\u0105 vitaminais. Karbamidas yra nat\u016bralus dr\u0117gm\u0119 sulaikantis komponentas, kuris apsaugo nuo dr\u0117gm\u0117s praradimo, sukuria apsaugin\u012f barjer\u0105 ir puikiai dr\u0117kina. Nat\u016bral\u016bs makadamij\u0173 ir sald\u017ei\u0173j\u0173 migdol\u0173 aliejai maitina od\u0105, neleid\u017eia i\u0161saus\u0117ti, mink\u0161tina ir suma\u017eina neigiam\u0105 aplinkos poveik\u012f.<\/p>\n<p>Naudojimas: nedidel\u012f kiek\u012f kremo u\u017etepkite ant \u0161varios odos ir tolygiai paskirstykite, kol visi\u0161kai \u012fsigers.<\/p>\n<p>Atsargumo priemon\u0117s: nenaudokite, jei yra padid\u0117j\u0119s jautrumas atskiriems kompozicijos komponentams.<\/p>\n<p>Laikymo s\u0105lygos: laikyti gamintojo pakuot\u0117je sausose patalpose, atokiau nuo atviros liepsnos, saul\u0117s spinduli\u0173 ir kar\u0161\u010dio \u0161altini\u0173, nuo +5\u00b0C iki +25\u00b0C temperat\u016broje, ne ma\u017eiau nei 0,5m nuo \u0161ildymo prietais\u0173<\/p>\n<p>Geriausias: 36 m\u0117nesiai nuo pagaminimo datos.<\/p>\n","protected":false},"excerpt":{"rendered":"<p>Kosmetinis rank\u0173 kremas su nat\u016braliomis alavij\u0173 sultimis yra ideali priemon\u0117 sausai ir i\u0161saus\u0117jusiai rank\u0173 bei k\u016bno odai pri\u017ei\u016br\u0117ti. Aktyvi itin dr\u0117kinanti kremo formul\u0117 turi raminam\u0105j\u012f ir atkuriam\u0105j\u012f poveik\u012f. Jis palaiko odos hidrobalans\u0105, padeda sustiprinti jos turgor\u0105, i\u0161saugo jaunyst\u0119. Dr\u0117kinam\u0105j\u012f alavij\u0173 poveik\u012f sustiprina karbamidas (\u0161lapalas), D-pantenolis ir nat\u016brali\u0173 augal\u0173 ekstrakt\u0173 kompleksas &#8211; vynuogi\u0173 kauliukai, laki\u0161iai, er\u0161k\u0117\u010diai [&#8230;]\n","protected":false},"featured_media":103027,"template":"","meta":[],"product_cat":[2181],"product_tag":[],"class_list":{"0":"post-61174","1":"product","2":"type-product","3":"status-publish","4":"has-post-thumbnail","6":"product_brand-green-pharm-cosmetic_ua-lt","7":"product_cat-bez-kategorijas-lt","9":"first","10":"outofstock","11":"taxable","12":"shipping-taxable","13":"product-type-simple"},"_links":{"self":[{"href":"https:\/\/e.kosmolat.eu\/lt\/wp-json\/wp\/v2\/product\/61174","targetHints":{"allow":["GET"]}}],"collection":[{"href":"https:\/\/e.kosmolat.eu\/lt\/wp-json\/wp\/v2\/product"}],"about":[{"href":"https:\/\/e.kosmolat.eu\/lt\/wp-json\/wp\/v2\/types\/product"}],"wp:featuredmedia":[{"embeddable":true,"href":"https:\/\/e.kosmolat.eu\/lt\/wp-json\/wp\/v2\/media\/103027"}],"wp:attachment":[{"href":"https:\/\/e.kosmolat.eu\/lt\/wp-json\/wp\/v2\/media?parent=61174"}],"wp:term":[{"taxonomy":"product_cat","embeddable":true,"href":"https:\/\/e.kosmolat.eu\/lt\/wp-json\/wp\/v2\/product_cat?post=61174"},{"taxonomy":"product_tag","embeddable":true,"href":"https:\/\/e.kosmolat.eu\/lt\/wp-json\/wp\/v2\/product_tag?post=61174"}],"curies":[{"name":"wp","href":"https:\/\/api.w.org\/{rel}","templated":true}]}}