{"id":61166,"date":"2025-01-16T05:03:06","date_gmt":"2025-01-16T05:03:06","guid":{"rendered":"https:\/\/e.kosmolat.eu\/product\/salutare-juice-alveja-kosm-krems-sejai-un-dekolte-zonai-100-ml\/"},"modified":"2026-04-20T10:49:05","modified_gmt":"2026-04-20T10:49:05","slug":"salutare-juice-alveja-kosm-krems-sejai-un-dekolte-zonai-100-ml","status":"publish","type":"product","link":"https:\/\/e.kosmolat.eu\/lt\/produktas\/salutare-juice-alveja-kosm-krems-sejai-un-dekolte-zonai-100-ml\/","title":{"rendered":"SALUTARE JUICE Aloe Kosmetinis kremas veidui ir dekolt\u0117 zonai, 100 ml"},"content":{"rendered":"<p>Kosmetinis kremas su nat\u016braliomis alavij\u0173 sultimis ir hialurono r\u016bg\u0161timi yra ideali priemon\u0117 sausai veido ir dekolt\u0117 odai dr\u0117kinti ir pri\u017ei\u016br\u0117ti. Aktyvi kremo formul\u0117 suteikia dr\u0117kinam\u0105j\u012f ir raminam\u0105j\u012f poveik\u012f, taip pat atkuria odos vandens balans\u0105. Ma\u017eos molekulin\u0117s mas\u0117s hialurono r\u016bg\u0161tis didina turgor\u0105, skatina kolageno gamyb\u0105, u\u017ekertant keli\u0105 prie\u0161laikiniam sen\u0117jimui ir pailgindama odos jaunyst\u0119.<br \/>\nNat\u016bralus polisacharidas Cognac Mannan sudaro apsaugin\u0119 pl\u0117vel\u0119 ant odos, neleid\u017eian\u010di\u0105 transderminiam dr\u0117gm\u0117s praradimui. D-pantenolis ir nat\u016brali\u0173 augalini\u0173 laki\u010di\u0173, ramun\u0117li\u0173 ir dilg\u0117li\u0173 ekstrakt\u0173 kompleksas skatina med\u017eiag\u0173 apykaitos procesus odoje, suteikdamas vitaminizuojant\u012f poveik\u012f. Nat\u016bral\u016bs makadamij\u0173 ir sald\u017ei\u0173j\u0173 migdol\u0173 aliejai maitina od\u0105, neleid\u017eia i\u0161saus\u0117ti, mink\u0161tina ir suma\u017eina neigiam\u0105 aplinkos poveik\u012f.<\/p>\n<p>Naudojimas: nedidel\u012f kiek\u012f kremo u\u017etepkite ant \u0161varios odos ir tolygiai paskirstykite, kol visi\u0161kai \u012fsigers.<\/p>\n<p>Atsargumo priemon\u0117s: nenaudokite, jei yra padid\u0117j\u0119s jautrumas atskiriems kompozicijos komponentams.<\/p>\n<p>Laikymo s\u0105lygos: laikyti gamintojo pakuot\u0117je sausose patalpose, atokiau nuo atviros liepsnos, saul\u0117s spinduli\u0173 ir kar\u0161\u010dio \u0161altini\u0173, nuo +5\u00b0C iki +25\u00b0C temperat\u016broje, ne ma\u017eiau nei 0,5m nuo \u0161ildymo prietais\u0173<\/p>\n<p>Geriausias: 36 m\u0117nesiai nuo pagaminimo datos.<\/p>\n","protected":false},"excerpt":{"rendered":"<p>Kosmetinis kremas su nat\u016braliomis alavij\u0173 sultimis ir hialurono r\u016bg\u0161timi yra ideali priemon\u0117 sausai veido ir dekolt\u0117 odai dr\u0117kinti ir pri\u017ei\u016br\u0117ti. Aktyvi kremo formul\u0117 suteikia dr\u0117kinam\u0105j\u012f ir raminam\u0105j\u012f poveik\u012f, taip pat atkuria odos vandens balans\u0105. Ma\u017eos molekulin\u0117s mas\u0117s hialurono r\u016bg\u0161tis didina turgor\u0105, skatina kolageno gamyb\u0105, u\u017ekertant keli\u0105 prie\u0161laikiniam sen\u0117jimui ir pailgindama odos jaunyst\u0119. Nat\u016bralus polisacharidas Cognac [&#8230;]\n","protected":false},"featured_media":99710,"template":"","meta":[],"product_cat":[1322],"product_tag":[],"class_list":{"0":"post-61166","1":"product","2":"type-product","3":"status-publish","4":"has-post-thumbnail","6":"product_brand-green-pharm-cosmetic_ua-lt","7":"product_cat-veido-kremai","9":"first","10":"instock","11":"taxable","12":"shipping-taxable","13":"product-type-simple"},"_links":{"self":[{"href":"https:\/\/e.kosmolat.eu\/lt\/wp-json\/wp\/v2\/product\/61166","targetHints":{"allow":["GET"]}}],"collection":[{"href":"https:\/\/e.kosmolat.eu\/lt\/wp-json\/wp\/v2\/product"}],"about":[{"href":"https:\/\/e.kosmolat.eu\/lt\/wp-json\/wp\/v2\/types\/product"}],"wp:featuredmedia":[{"embeddable":true,"href":"https:\/\/e.kosmolat.eu\/lt\/wp-json\/wp\/v2\/media\/99710"}],"wp:attachment":[{"href":"https:\/\/e.kosmolat.eu\/lt\/wp-json\/wp\/v2\/media?parent=61166"}],"wp:term":[{"taxonomy":"product_cat","embeddable":true,"href":"https:\/\/e.kosmolat.eu\/lt\/wp-json\/wp\/v2\/product_cat?post=61166"},{"taxonomy":"product_tag","embeddable":true,"href":"https:\/\/e.kosmolat.eu\/lt\/wp-json\/wp\/v2\/product_tag?post=61166"}],"curies":[{"name":"wp","href":"https:\/\/api.w.org\/{rel}","templated":true}]}}