{"id":61158,"date":"2025-01-16T05:02:49","date_gmt":"2025-01-16T05:02:49","guid":{"rendered":"https:\/\/e.kosmolat.eu\/product\/salutare-juice-alveja-kosm-krems-kajam-un-kerm-100-ml\/"},"modified":"2026-03-21T10:41:23","modified_gmt":"2026-03-21T10:41:23","slug":"i_salutare-juice-alveja-kosm-krems-kajam-un-kerm-100-ml","status":"publish","type":"product","link":"https:\/\/e.kosmolat.eu\/lt\/produktas\/i_salutare-juice-alveja-kosm-krems-kajam-un-kerm-100-ml\/","title":{"rendered":"I_SALUTARE JUICE Aloe Kosmetinis kremas p\u0117doms ir k\u016bnui, 100 ml"},"content":{"rendered":"<p>Kosmetinis p\u0117d\u0173 kremas su nat\u016braliomis alavij\u0173 sultimis yra ideali priemon\u0117 sausai p\u0117d\u0173 ir k\u016bno odai pri\u017ei\u016br\u0117ti. Aktyvi itin dr\u0117kinanti kremo formul\u0117 turi dr\u0117kinam\u0105j\u012f ir atkuriam\u0105j\u012f poveik\u012f. Formul\u0117 palaiko odos dr\u0117gm\u0117s balans\u0105 ir mink\u0161tina \u0161iurk\u0161\u010dias vietas. Dr\u0117kinam\u0105j\u012f alavij\u0173 poveik\u012f sustiprina karbamidas (karbamidas), D-pantenolis ir nat\u016brali\u0173 augal\u0173 ekstrakt\u0173 kompleksas i\u0161 tauki\u0173 ir dilg\u0117li\u0173, kurios skatina med\u017eiag\u0173 apykaitos procesus odoje ir turi vitaminizuojant\u012f poveik\u012f. Karbamidas yra nat\u016bralus odos raginio sluoksnio dr\u0117gm\u0119 sulaikantis komponentas, kuris padeda normalizuoti hidratacijos lyg\u012f ir kartu su pieno r\u016bg\u0161timi turi galing\u0105 \u0161vei\u010diam\u0105j\u012f poveik\u012f i\u0161saus\u0117jusiai p\u0117d\u0173 odai.<\/p>\n<p>Naudojimas: nedidel\u012f kiek\u012f kremo u\u017etepkite ant \u0161varios odos ir tolygiai paskirstykite, kol visi\u0161kai \u012fsigers.<\/p>\n<p>Atsargumo priemon\u0117s: nenaudokite, jei yra padid\u0117j\u0119s jautrumas atskiriems kompozicijos komponentams.<\/p>\n<p>Laikymo s\u0105lygos: laikyti gamintojo pakuot\u0117je sausose patalpose, atokiau nuo atviros liepsnos, saul\u0117s spinduli\u0173 ir kar\u0161\u010dio \u0161altini\u0173, nuo +5\u00b0C iki +25\u00b0C temperat\u016broje, ne ma\u017eiau nei 0,5m nuo \u0161ildymo prietais\u0173<\/p>\n<p>Geriausias: 36 m\u0117nesiai nuo pagaminimo datos.<\/p>\n","protected":false},"excerpt":{"rendered":"<p>Kosmetinis p\u0117d\u0173 kremas su nat\u016braliomis alavij\u0173 sultimis yra ideali priemon\u0117 sausai p\u0117d\u0173 ir k\u016bno odai pri\u017ei\u016br\u0117ti. Aktyvi itin dr\u0117kinanti kremo formul\u0117 turi dr\u0117kinam\u0105j\u012f ir atkuriam\u0105j\u012f poveik\u012f. Formul\u0117 palaiko odos dr\u0117gm\u0117s balans\u0105 ir mink\u0161tina \u0161iurk\u0161\u010dias vietas. Dr\u0117kinam\u0105j\u012f alavij\u0173 poveik\u012f sustiprina karbamidas (karbamidas), D-pantenolis ir nat\u016brali\u0173 augal\u0173 ekstrakt\u0173 kompleksas i\u0161 tauki\u0173 ir dilg\u0117li\u0173, kurios skatina med\u017eiag\u0173 apykaitos [&#8230;]\n","protected":false},"featured_media":101362,"template":"","meta":[],"product_cat":[1763],"product_tag":[],"class_list":{"0":"post-61158","1":"product","2":"type-product","3":"status-publish","4":"has-post-thumbnail","6":"product_brand-green-pharm-cosmetic_ua-lt","7":"product_cat-koju-prieziuros-kosmetika","9":"first","10":"outofstock","11":"taxable","12":"shipping-taxable","13":"product-type-simple"},"_links":{"self":[{"href":"https:\/\/e.kosmolat.eu\/lt\/wp-json\/wp\/v2\/product\/61158","targetHints":{"allow":["GET"]}}],"collection":[{"href":"https:\/\/e.kosmolat.eu\/lt\/wp-json\/wp\/v2\/product"}],"about":[{"href":"https:\/\/e.kosmolat.eu\/lt\/wp-json\/wp\/v2\/types\/product"}],"wp:featuredmedia":[{"embeddable":true,"href":"https:\/\/e.kosmolat.eu\/lt\/wp-json\/wp\/v2\/media\/101362"}],"wp:attachment":[{"href":"https:\/\/e.kosmolat.eu\/lt\/wp-json\/wp\/v2\/media?parent=61158"}],"wp:term":[{"taxonomy":"product_cat","embeddable":true,"href":"https:\/\/e.kosmolat.eu\/lt\/wp-json\/wp\/v2\/product_cat?post=61158"},{"taxonomy":"product_tag","embeddable":true,"href":"https:\/\/e.kosmolat.eu\/lt\/wp-json\/wp\/v2\/product_tag?post=61158"}],"curies":[{"name":"wp","href":"https:\/\/api.w.org\/{rel}","templated":true}]}}