{"id":61150,"date":"2025-01-16T05:02:32","date_gmt":"2025-01-16T05:02:32","guid":{"rendered":"https:\/\/e.kosmolat.eu\/product\/salutare-juice-alveja-kosmetiskais-krems-apdegumiem-100-ml\/"},"modified":"2026-04-13T14:07:55","modified_gmt":"2026-04-13T14:07:55","slug":"salutare-juice-alveja-kosmetiskais-krems-apdegumiem-100-ml","status":"publish","type":"product","link":"https:\/\/e.kosmolat.eu\/lt\/produktas\/salutare-juice-alveja-kosmetiskais-krems-apdegumiem-100-ml\/","title":{"rendered":"SALUTARE SUICE Aloe Kosmetinis kremas nuo nudegim\u0173, 100 ml"},"content":{"rendered":"<p>Kosmetinis kremas nuo nudegim\u0173 su nat\u016braliomis alavijo sultimis ir D-pantenoliu yra veiksminga priemon\u0117, atkurianti od\u0105 nuo saul\u0117s ir termini\u0173 nudegim\u0173. Aktyvi atkuriamoji formul\u0117, praturtinta nat\u016brali\u0173 tauki\u0173, ramun\u0117li\u0173, laki\u0161i\u0173 ir dilg\u0117li\u0173 augalini\u0173 ekstrakt\u0173 kompleksu, veikia raminamai ir normalizuoja odos hidrobalans\u0105, u\u017ekertant keli\u0105 dehidratacijai. Nat\u016bralus sald\u017ei\u0173j\u0173 migdol\u0173 aliejus maitina vir\u0161utin\u012f odos sluoksn\u012f, saugodamas j\u0105 nuo i\u0161saus\u0117jimo, mink\u0161tina ir suteikia apsaug\u0105 nuo neigiamo aplinkos poveikio.<\/p>\n<p>Naudojimas: nedidel\u012f kiek\u012f kremo u\u017etepkite ant \u0161varios odos ir tolygiai paskirstykite, kol visi\u0161kai \u012fsigers.<\/p>\n<p>Atsargumo priemon\u0117s: nenaudokite, jei yra padid\u0117j\u0119s jautrumas atskiriems kompozicijos komponentams.<\/p>\n<p>Laikymo s\u0105lygos: laikyti gamintojo pakuot\u0117je sausose patalpose, atokiau nuo atviros liepsnos, saul\u0117s spinduli\u0173 ir kar\u0161\u010dio \u0161altini\u0173, nuo +5\u00b0C iki +25\u00b0C temperat\u016broje, ne ma\u017eiau nei 0,5m nuo \u0161ildymo prietais\u0173<\/p>\n<p>Geriausias: 36 m\u0117nesiai nuo pagaminimo datos.<\/p>\n","protected":false},"excerpt":{"rendered":"<p>Kosmetinis kremas nuo nudegim\u0173 su nat\u016braliomis alavijo sultimis ir D-pantenoliu yra veiksminga priemon\u0117, atkurianti od\u0105 nuo saul\u0117s ir termini\u0173 nudegim\u0173. Aktyvi atkuriamoji formul\u0117, praturtinta nat\u016brali\u0173 tauki\u0173, ramun\u0117li\u0173, laki\u0161i\u0173 ir dilg\u0117li\u0173 augalini\u0173 ekstrakt\u0173 kompleksu, veikia raminamai ir normalizuoja odos hidrobalans\u0105, u\u017ekertant keli\u0105 dehidratacijai. Nat\u016bralus sald\u017ei\u0173j\u0173 migdol\u0173 aliejus maitina vir\u0161utin\u012f odos sluoksn\u012f, saugodamas j\u0105 nuo i\u0161saus\u0117jimo, mink\u0161tina [&#8230;]\n","protected":false},"featured_media":100732,"template":"","meta":[],"product_cat":[1390],"product_tag":[],"class_list":{"0":"post-61150","1":"product","2":"type-product","3":"status-publish","4":"has-post-thumbnail","6":"product_brand-green-pharm-cosmetic_ua-lt","7":"product_cat-kremai-aliejai-kuno-pienelis","9":"first","10":"instock","11":"taxable","12":"shipping-taxable","13":"product-type-simple"},"_links":{"self":[{"href":"https:\/\/e.kosmolat.eu\/lt\/wp-json\/wp\/v2\/product\/61150","targetHints":{"allow":["GET"]}}],"collection":[{"href":"https:\/\/e.kosmolat.eu\/lt\/wp-json\/wp\/v2\/product"}],"about":[{"href":"https:\/\/e.kosmolat.eu\/lt\/wp-json\/wp\/v2\/types\/product"}],"wp:featuredmedia":[{"embeddable":true,"href":"https:\/\/e.kosmolat.eu\/lt\/wp-json\/wp\/v2\/media\/100732"}],"wp:attachment":[{"href":"https:\/\/e.kosmolat.eu\/lt\/wp-json\/wp\/v2\/media?parent=61150"}],"wp:term":[{"taxonomy":"product_cat","embeddable":true,"href":"https:\/\/e.kosmolat.eu\/lt\/wp-json\/wp\/v2\/product_cat?post=61150"},{"taxonomy":"product_tag","embeddable":true,"href":"https:\/\/e.kosmolat.eu\/lt\/wp-json\/wp\/v2\/product_tag?post=61150"}],"curies":[{"name":"wp","href":"https:\/\/api.w.org\/{rel}","templated":true}]}}