{"id":61141,"date":"2025-01-15T05:02:52","date_gmt":"2025-01-15T05:02:52","guid":{"rendered":"https:\/\/e.kosmolat.eu\/product\/the-lab-beauty-kosm-kaju-krems-ekstra-mitrinasana-100-ml\/"},"modified":"2026-04-14T16:40:19","modified_gmt":"2026-04-14T16:40:19","slug":"the-lab-beauty-kosm-kaju-krems-ekstra-mitrinasana-100-ml","status":"publish","type":"product","link":"https:\/\/e.kosmolat.eu\/lt\/produktas\/the-lab-beauty-kosm-kaju-krems-ekstra-mitrinasana-100-ml\/","title":{"rendered":"THE LAB BEAUTY Kosmetinis p\u0117d\u0173 kremas Ekstra dr\u0117kinamasis, 100 ml"},"content":{"rendered":"<p>Kosmetinis p\u0117d\u0173 kremas su avokad\u0173 aliejumi, karbamidu ir pieno r\u016bg\u0161timi aktyviai dr\u0117kina ir maitina i\u0161saus\u0117jusi\u0105 od\u0105, atkuria \u0161iurk\u0161\u010dias vietas, suteikdamas jai aksomin\u012f poj\u016bt\u012f. D-pantenolis, kartu su \u0161alavij\u0173 ir medetk\u0173 ekstraktais, ramina ir padeda i\u0161laikyti gerai pri\u017ei\u016brimas kojas ir p\u0117das.<br \/>\nNaudojimas: nedidel\u012f kiek\u012f kremo u\u017etepkite ant \u0161varios koj\u0173 ir p\u0117d\u0173 odos, tolygiai paskirstykite, kol visi\u0161kai \u012fsigers.<\/p>\n<p>Atsargumo priemon\u0117s: nenaudokite, jei yra padid\u0117j\u0119s jautrumas atskiriems kompozicijos komponentams.<\/p>\n<p>Laikymo s\u0105lygos: laikyti gamintojo pakuot\u0117je sausose patalpose, atokiau nuo atviros liepsnos, saul\u0117s spinduli\u0173 ir kar\u0161\u010dio \u0161altini\u0173, nuo +5\u00b0C iki +25\u00b0C temperat\u016broje, kai  santykin\u0117 oro dr\u0117gm\u0117 ne didesn\u0117 kaip 75%.<\/p>\n<p>Geriausias: 36 m\u0117nesiai nuo pagaminimo datos.<\/p>\n","protected":false},"excerpt":{"rendered":"<p>Kosmetinis p\u0117d\u0173 kremas su avokad\u0173 aliejumi, karbamidu ir pieno r\u016bg\u0161timi aktyviai dr\u0117kina ir maitina i\u0161saus\u0117jusi\u0105 od\u0105, atkuria \u0161iurk\u0161\u010dias vietas, suteikdamas jai aksomin\u012f poj\u016bt\u012f. D-pantenolis, kartu su \u0161alavij\u0173 ir medetk\u0173 ekstraktais, ramina ir padeda i\u0161laikyti gerai pri\u017ei\u016brimas kojas ir p\u0117das. Naudojimas: nedidel\u012f kiek\u012f kremo u\u017etepkite ant \u0161varios koj\u0173 ir p\u0117d\u0173 odos, tolygiai paskirstykite, kol visi\u0161kai \u012fsigers. [&#8230;]\n","protected":false},"featured_media":103888,"template":"","meta":[],"product_cat":[1763],"product_tag":[],"class_list":{"0":"post-61141","1":"product","2":"type-product","3":"status-publish","4":"has-post-thumbnail","6":"product_brand-green-pharm-cosmetic_ua-lt","7":"product_cat-koju-prieziuros-kosmetika","9":"first","10":"instock","11":"taxable","12":"shipping-taxable","13":"product-type-simple"},"_links":{"self":[{"href":"https:\/\/e.kosmolat.eu\/lt\/wp-json\/wp\/v2\/product\/61141","targetHints":{"allow":["GET"]}}],"collection":[{"href":"https:\/\/e.kosmolat.eu\/lt\/wp-json\/wp\/v2\/product"}],"about":[{"href":"https:\/\/e.kosmolat.eu\/lt\/wp-json\/wp\/v2\/types\/product"}],"wp:featuredmedia":[{"embeddable":true,"href":"https:\/\/e.kosmolat.eu\/lt\/wp-json\/wp\/v2\/media\/103888"}],"wp:attachment":[{"href":"https:\/\/e.kosmolat.eu\/lt\/wp-json\/wp\/v2\/media?parent=61141"}],"wp:term":[{"taxonomy":"product_cat","embeddable":true,"href":"https:\/\/e.kosmolat.eu\/lt\/wp-json\/wp\/v2\/product_cat?post=61141"},{"taxonomy":"product_tag","embeddable":true,"href":"https:\/\/e.kosmolat.eu\/lt\/wp-json\/wp\/v2\/product_tag?post=61141"}],"curies":[{"name":"wp","href":"https:\/\/api.w.org\/{rel}","templated":true}]}}