{"id":61133,"date":"2025-01-15T05:02:39","date_gmt":"2025-01-15T05:02:39","guid":{"rendered":"https:\/\/e.kosmolat.eu\/product\/the-lab-beauty-dienas-kr-univers-visiem-adas-t-spf-15-75-ml\/"},"modified":"2026-04-15T10:45:15","modified_gmt":"2026-04-15T10:45:15","slug":"i_the-lab-beauty-dienas-kr-univers-visiem-adas-t-spf-15-75-ml","status":"publish","type":"product","link":"https:\/\/e.kosmolat.eu\/lt\/produktas\/i_the-lab-beauty-dienas-kr-univers-visiem-adas-t-spf-15-75-ml\/","title":{"rendered":"I_THE LAB BEAUTY Universalus dieninis kremas vis\u0173 tip\u0173 odai SPF 15, 75 ml"},"content":{"rendered":"<p>Visazezonis universalus dieninis kremas vis\u0173 tip\u0173 odai. Komponentai dr\u0117kina, ramina od\u0105 ir saugo nuo neigiam\u0173 i\u0161or\u0117s veiksni\u0173. Rugiag\u0117li\u0173 ekstraktas ir \u0161lapalas turi aktyv\u0173 dr\u0117kinam\u0105j\u012f poveik\u012f ir atkuria veido odos turgor\u0105, pieno r\u016bg\u0161tis \u0161viesina am\u017eiaus d\u0117mes ir sutraukia poras, tod\u0117l oda tampa gaivesn\u0117 ir spindinti.  Orchid\u0117j\u0173 ekstraktas ir d-pantenolis pagreitina atsinaujinim\u0105, ramina ir padidinti odos elastingum\u0105. Dieninis kremas gali b\u016bti naudojamas kaip makia\u017eo pagrindas.<\/p>\n<p>Naudojimas: tepkite ant sausos odos pagal poreik\u012f.<\/p>\n<p>Atsargumo priemon\u0117s: nenaudokite, jei yra padid\u0117j\u0119s jautrumas atskiriems kompozicijos komponentams.<\/p>\n<p>Laikymo s\u0105lygos: laikyti gamintojo pakuot\u0117je sausose patalpose, atokiau nuo atviros liepsnos, saul\u0117s spinduli\u0173 ir kar\u0161\u010dio \u0161altini\u0173, nuo +5\u00b0C iki +25\u00b0C temperat\u016broje, kai  santykin\u0117 oro dr\u0117gm\u0117 ne didesn\u0117 kaip 75%.<\/p>\n<p>Geriausias: 36 m\u0117nesiai nuo pagaminimo datos.<\/p>\n","protected":false},"excerpt":{"rendered":"<p>Visazezonis universalus dieninis kremas vis\u0173 tip\u0173 odai. Komponentai dr\u0117kina, ramina od\u0105 ir saugo nuo neigiam\u0173 i\u0161or\u0117s veiksni\u0173. Rugiag\u0117li\u0173 ekstraktas ir \u0161lapalas turi aktyv\u0173 dr\u0117kinam\u0105j\u012f poveik\u012f ir atkuria veido odos turgor\u0105, pieno r\u016bg\u0161tis \u0161viesina am\u017eiaus d\u0117mes ir sutraukia poras, tod\u0117l oda tampa gaivesn\u0117 ir spindinti. Orchid\u0117j\u0173 ekstraktas ir d-pantenolis pagreitina atsinaujinim\u0105, ramina ir padidinti odos elastingum\u0105. [&#8230;]\n","protected":false},"featured_media":102902,"template":"","meta":[],"product_cat":[1390],"product_tag":[],"class_list":{"0":"post-61133","1":"product","2":"type-product","3":"status-publish","4":"has-post-thumbnail","6":"product_brand-green-pharm-cosmetic_ua-lt","7":"product_cat-kremai-aliejai-kuno-pienelis","9":"first","10":"instock","11":"taxable","12":"shipping-taxable","13":"product-type-simple"},"_links":{"self":[{"href":"https:\/\/e.kosmolat.eu\/lt\/wp-json\/wp\/v2\/product\/61133","targetHints":{"allow":["GET"]}}],"collection":[{"href":"https:\/\/e.kosmolat.eu\/lt\/wp-json\/wp\/v2\/product"}],"about":[{"href":"https:\/\/e.kosmolat.eu\/lt\/wp-json\/wp\/v2\/types\/product"}],"wp:featuredmedia":[{"embeddable":true,"href":"https:\/\/e.kosmolat.eu\/lt\/wp-json\/wp\/v2\/media\/102902"}],"wp:attachment":[{"href":"https:\/\/e.kosmolat.eu\/lt\/wp-json\/wp\/v2\/media?parent=61133"}],"wp:term":[{"taxonomy":"product_cat","embeddable":true,"href":"https:\/\/e.kosmolat.eu\/lt\/wp-json\/wp\/v2\/product_cat?post=61133"},{"taxonomy":"product_tag","embeddable":true,"href":"https:\/\/e.kosmolat.eu\/lt\/wp-json\/wp\/v2\/product_tag?post=61133"}],"curies":[{"name":"wp","href":"https:\/\/api.w.org\/{rel}","templated":true}]}}