{"id":61125,"date":"2025-01-15T05:02:25","date_gmt":"2025-01-15T05:02:25","guid":{"rendered":"https:\/\/e.kosmolat.eu\/product\/the-lab-beauty-sejas-mazgasanas-zeleja-150-ml\/"},"modified":"2026-04-13T09:23:04","modified_gmt":"2026-04-13T09:23:04","slug":"i_the-lab-beauty-sejas-mazgasanas-zeleja-150-ml","status":"publish","type":"product","link":"https:\/\/e.kosmolat.eu\/lt\/produktas\/i_the-lab-beauty-sejas-mazgasanas-zeleja-150-ml\/","title":{"rendered":"I_THE LAB BEAUTY Valomasis gelis Pieno r\u016bg\u0161tis, arbatmed\u017eio aliejus ir alantoinas, 150 ml"},"content":{"rendered":"<p>Valomasis gelis su pieno r\u016bg\u0161timi, alantoinu ir arbatmed\u017ei\u0173 eteriniu aliejumi \u0161velniai valo od\u0105, nesukeldamas sausumo ar tempimo po naudojimo. Reguliariai naudojant reguliuojamas riebalini\u0173 liauk\u0173 darbas, atkuriamas nat\u016bralus odos pH balansas, susiaur\u0117ja poros, suteikiamas matinis efektas.<\/p>\n<p>Naudojimas: nedidel\u012f kiek\u012f gelio u\u017etepkite ant veido, masa\u017eo judesiais suputokite. Nuplaukite \u0161iltu vandeniu.<\/p>\n<p>Atsargumo priemon\u0117s: Vengti patekimo \u012f akis. Patekus \u012f akis, praplauti vandeniu.<\/p>\n<p>Laikymo s\u0105lygos: laikyti gamintojo pakuot\u0117je sausose patalpose, atokiau nuo atviros liepsnos, saul\u0117s spinduli\u0173 ir kar\u0161\u010dio \u0161altini\u0173, nuo +5\u00b0C iki +25\u00b0C temperat\u016broje, kai  santykin\u0117 oro dr\u0117gm\u0117 ne didesn\u0117 kaip 75%.<\/p>\n<p>Geriausias: 36 m\u0117nesiai nuo pagaminimo datos.<\/p>\n","protected":false},"excerpt":{"rendered":"<p>Valomasis gelis su pieno r\u016bg\u0161timi, alantoinu ir arbatmed\u017ei\u0173 eteriniu aliejumi \u0161velniai valo od\u0105, nesukeldamas sausumo ar tempimo po naudojimo. Reguliariai naudojant reguliuojamas riebalini\u0173 liauk\u0173 darbas, atkuriamas nat\u016bralus odos pH balansas, susiaur\u0117ja poros, suteikiamas matinis efektas. Naudojimas: nedidel\u012f kiek\u012f gelio u\u017etepkite ant veido, masa\u017eo judesiais suputokite. Nuplaukite \u0161iltu vandeniu. Atsargumo priemon\u0117s: Vengti patekimo \u012f akis. Patekus [&#8230;]\n","protected":false},"featured_media":102898,"template":"","meta":[],"product_cat":[1835],"product_tag":[],"class_list":{"0":"post-61125","1":"product","2":"type-product","3":"status-publish","4":"has-post-thumbnail","6":"product_brand-green-pharm-cosmetic_ua-lt","7":"product_cat-prausimosi-putos","9":"first","10":"instock","11":"taxable","12":"shipping-taxable","13":"product-type-simple"},"_links":{"self":[{"href":"https:\/\/e.kosmolat.eu\/lt\/wp-json\/wp\/v2\/product\/61125","targetHints":{"allow":["GET"]}}],"collection":[{"href":"https:\/\/e.kosmolat.eu\/lt\/wp-json\/wp\/v2\/product"}],"about":[{"href":"https:\/\/e.kosmolat.eu\/lt\/wp-json\/wp\/v2\/types\/product"}],"wp:featuredmedia":[{"embeddable":true,"href":"https:\/\/e.kosmolat.eu\/lt\/wp-json\/wp\/v2\/media\/102898"}],"wp:attachment":[{"href":"https:\/\/e.kosmolat.eu\/lt\/wp-json\/wp\/v2\/media?parent=61125"}],"wp:term":[{"taxonomy":"product_cat","embeddable":true,"href":"https:\/\/e.kosmolat.eu\/lt\/wp-json\/wp\/v2\/product_cat?post=61125"},{"taxonomy":"product_tag","embeddable":true,"href":"https:\/\/e.kosmolat.eu\/lt\/wp-json\/wp\/v2\/product_tag?post=61125"}],"curies":[{"name":"wp","href":"https:\/\/api.w.org\/{rel}","templated":true}]}}