{"id":61116,"date":"2025-01-14T05:03:43","date_gmt":"2025-01-14T05:03:43","guid":{"rendered":"https:\/\/e.kosmolat.eu\/product\/pantenols-intensivekrems-putas-alveja-hialuronskabe-150-ml\/"},"modified":"2026-03-26T09:54:52","modified_gmt":"2026-03-26T09:54:52","slug":"pantenols-intensivekrems-putas-alveja-hialuronskabe-150-ml","status":"publish","type":"product","link":"https:\/\/e.kosmolat.eu\/lt\/produktas\/pantenols-intensivekrems-putas-alveja-hialuronskabe-150-ml\/","title":{"rendered":"PANTHENOL-INTENSIVE Kremas-putos Alavijai + hialurono r\u016bg\u0161tis, 150 ml"},"content":{"rendered":"<p>Subtili\u0173 put\u0173 pavidalo kosmetikos gaminys yra praturtintas dekspantenoliu, kuris efektyviai atkuria od\u0105 po saul\u0117s ir buitini\u0173 nudegim\u0173. Veiklioji med\u017eiaga dekspantenolis kompensuoja pantoteno r\u016bg\u0161ties tr\u016bkum\u0105, turi prie\u0161u\u017edegimin\u012f poveik\u012f, skatina atsigavimo procesus, ramina od\u0105, ma\u017eina patinim\u0105 ir u\u017etikrina reikiam\u0105 dr\u0117kinimo lyg\u012f. <\/p>\n<p>Naudojimas: 3-4 kartus per dien\u0105 tepkite od\u0105 putomis. Prie\u0161 naudojim\u0105 suplakti. <\/p>\n<p>Atsargumo priemon\u0117s: netepkite put\u0173 ant pa\u017eeistos odos, venkite patekimo \u012f akis. Nenaudokite, jei yra padid\u0117j\u0119s jautrumas atskiriems  komponentams.<\/p>\n<p>Ne vaistas. <\/p>\n<p>Laikymo s\u0105lygos: laikyti gamintojo pakuot\u0117je sausose patalpose, atokiau nuo atviros liepsnos, saul\u0117s spinduli\u0173 ir kar\u0161\u010dio \u0161altini\u0173, nuo +5\u00b0C iki +25\u00b0C temperat\u016broje, kai santykin\u0117 oro dr\u0117gm\u0117 ne didesn\u0117 kaip 75%.<\/p>\n<p>Geriausias: 36 m\u0117nesiai nuo pagaminimo datos.<\/p>\n","protected":false},"excerpt":{"rendered":"<p>Subtili\u0173 put\u0173 pavidalo kosmetikos gaminys yra praturtintas dekspantenoliu, kuris efektyviai atkuria od\u0105 po saul\u0117s ir buitini\u0173 nudegim\u0173. Veiklioji med\u017eiaga dekspantenolis kompensuoja pantoteno r\u016bg\u0161ties tr\u016bkum\u0105, turi prie\u0161u\u017edegimin\u012f poveik\u012f, skatina atsigavimo procesus, ramina od\u0105, ma\u017eina patinim\u0105 ir u\u017etikrina reikiam\u0105 dr\u0117kinimo lyg\u012f. Naudojimas: 3-4 kartus per dien\u0105 tepkite od\u0105 putomis. Prie\u0161 naudojim\u0105 suplakti. Atsargumo priemon\u0117s: netepkite put\u0173 ant [&#8230;]\n","protected":false},"featured_media":100989,"template":"","meta":[],"product_cat":[1390],"product_tag":[],"class_list":{"0":"post-61116","1":"product","2":"type-product","3":"status-publish","4":"has-post-thumbnail","6":"product_brand-green-pharm-cosmetic_ua-lt","7":"product_cat-kremai-aliejai-kuno-pienelis","9":"first","10":"instock","11":"taxable","12":"shipping-taxable","13":"product-type-simple"},"_links":{"self":[{"href":"https:\/\/e.kosmolat.eu\/lt\/wp-json\/wp\/v2\/product\/61116","targetHints":{"allow":["GET"]}}],"collection":[{"href":"https:\/\/e.kosmolat.eu\/lt\/wp-json\/wp\/v2\/product"}],"about":[{"href":"https:\/\/e.kosmolat.eu\/lt\/wp-json\/wp\/v2\/types\/product"}],"wp:featuredmedia":[{"embeddable":true,"href":"https:\/\/e.kosmolat.eu\/lt\/wp-json\/wp\/v2\/media\/100989"}],"wp:attachment":[{"href":"https:\/\/e.kosmolat.eu\/lt\/wp-json\/wp\/v2\/media?parent=61116"}],"wp:term":[{"taxonomy":"product_cat","embeddable":true,"href":"https:\/\/e.kosmolat.eu\/lt\/wp-json\/wp\/v2\/product_cat?post=61116"},{"taxonomy":"product_tag","embeddable":true,"href":"https:\/\/e.kosmolat.eu\/lt\/wp-json\/wp\/v2\/product_tag?post=61116"}],"curies":[{"name":"wp","href":"https:\/\/api.w.org\/{rel}","templated":true}]}}