{"id":61108,"date":"2025-01-14T05:03:23","date_gmt":"2025-01-14T05:03:23","guid":{"rendered":"https:\/\/e.kosmolat.eu\/product\/the-lab-beauty-pantenols-intens-krems-putas-jutigas-adas-attiris-150-ml\/"},"modified":"2026-04-23T07:13:57","modified_gmt":"2026-04-23T07:13:57","slug":"the-lab-beauty-pantenols-intens-krems-putas-jutigas-adas-attiris-150-ml","status":"publish","type":"product","link":"https:\/\/e.kosmolat.eu\/lt\/produktas\/the-lab-beauty-pantenols-intens-krems-putas-jutigas-adas-attiris-150-ml\/","title":{"rendered":"THE LAB BEAUTY PANTHENOL-INTENSIVE Putos- kremas jautriai odai valyti su perl\u0173 ekstraktu ir hialuron"},"content":{"rendered":"<p>Nepaprastai \u0161velnios ir mink\u0161tos putos su raminan\u010diu aktyviu kompleksu skirtos jautriai ir sausai odai, kuriai reikia ypatingos prie\u017ei\u016bros, jos nepersausinant ir nedirginant. Aktyv\u016bs kompozicijos komponentai &#8211; D-pantenolis, bisabololis ir varnal\u0117\u0161\u0173, ramun\u0117li\u0173, dumbli\u0173 ir perl\u0173 ekstraktai su hialurono r\u016bg\u0161timi &#8211; turi raminam\u0105j\u012f ir dr\u0117kinam\u0105j\u012f poveik\u012f. Pieno r\u016bg\u0161tis \u0161velniai nu\u0161vei\u010dia negyvas odos l\u0105steles, \u0161viesina ir reguliuoja riebalini\u0173 liauk\u0173 veikl\u0105. Reguliarus put\u0173 naudojimas nuramins, atkurs hidrolipidin\u012f barjer\u0105 ir suma\u017eins odos jautrum\u0105.<\/p>\n<p>Naudojimas: paspauskite  dozatori\u0173, sukamaisiais masa\u017eo judesiais u\u017etepkite nedidel\u012f kiek\u012f priemon\u0117s, vengdami srities aplink akis. Kruop\u0161\u010diai nuplaukite vandeniu.<\/p>\n<p>Atsargumo priemon\u0117s: Vengti patekimo \u012f akis. Patekus \u012f akis, praplauti vandeniu.<\/p>\n<p>Ne vaistas. <\/p>\n<p>Laikymo s\u0105lygos: laikyti gamintojo pakuot\u0117je sausose patalpose, atokiau nuo atviros liepsnos, saul\u0117s spinduli\u0173 ir kar\u0161\u010dio \u0161altini\u0173, nuo +5\u00b0C iki +25\u00b0C temperat\u016broje, kai  santykin\u0117 oro dr\u0117gm\u0117 ne didesn\u0117 kaip 75%.<\/p>\n<p>Geriausias: 36 m\u0117nesiai nuo pagaminimo datos.<\/p>\n","protected":false},"excerpt":{"rendered":"<p>Nepaprastai \u0161velnios ir mink\u0161tos putos su raminan\u010diu aktyviu kompleksu skirtos jautriai ir sausai odai, kuriai reikia ypatingos prie\u017ei\u016bros, jos nepersausinant ir nedirginant. Aktyv\u016bs kompozicijos komponentai &#8211; D-pantenolis, bisabololis ir varnal\u0117\u0161\u0173, ramun\u0117li\u0173, dumbli\u0173 ir perl\u0173 ekstraktai su hialurono r\u016bg\u0161timi &#8211; turi raminam\u0105j\u012f ir dr\u0117kinam\u0105j\u012f poveik\u012f. Pieno r\u016bg\u0161tis \u0161velniai nu\u0161vei\u010dia negyvas odos l\u0105steles, \u0161viesina ir reguliuoja riebalini\u0173 [&#8230;]\n","protected":false},"featured_media":100204,"template":"","meta":[],"product_cat":[1835],"product_tag":[],"class_list":{"0":"post-61108","1":"product","2":"type-product","3":"status-publish","4":"has-post-thumbnail","6":"product_brand-green-pharm-cosmetic_ua-lt","7":"product_cat-prausimosi-putos","9":"first","10":"instock","11":"taxable","12":"shipping-taxable","13":"product-type-simple"},"_links":{"self":[{"href":"https:\/\/e.kosmolat.eu\/lt\/wp-json\/wp\/v2\/product\/61108","targetHints":{"allow":["GET"]}}],"collection":[{"href":"https:\/\/e.kosmolat.eu\/lt\/wp-json\/wp\/v2\/product"}],"about":[{"href":"https:\/\/e.kosmolat.eu\/lt\/wp-json\/wp\/v2\/types\/product"}],"wp:featuredmedia":[{"embeddable":true,"href":"https:\/\/e.kosmolat.eu\/lt\/wp-json\/wp\/v2\/media\/100204"}],"wp:attachment":[{"href":"https:\/\/e.kosmolat.eu\/lt\/wp-json\/wp\/v2\/media?parent=61108"}],"wp:term":[{"taxonomy":"product_cat","embeddable":true,"href":"https:\/\/e.kosmolat.eu\/lt\/wp-json\/wp\/v2\/product_cat?post=61108"},{"taxonomy":"product_tag","embeddable":true,"href":"https:\/\/e.kosmolat.eu\/lt\/wp-json\/wp\/v2\/product_tag?post=61108"}],"curies":[{"name":"wp","href":"https:\/\/api.w.org\/{rel}","templated":true}]}}