{"id":61100,"date":"2025-01-14T05:03:04","date_gmt":"2025-01-14T05:03:04","guid":{"rendered":"https:\/\/e.kosmolat.eu\/product\/pantenols-intensive-krems-75-ml\/"},"modified":"2026-04-20T06:17:36","modified_gmt":"2026-04-20T06:17:36","slug":"pantenols-intensive-krems-75-ml","status":"publish","type":"product","link":"https:\/\/e.kosmolat.eu\/lt\/produktas\/pantenols-intensive-krems-75-ml\/","title":{"rendered":"PANTENOL-INTENSIVE Kremas, 75 ml"},"content":{"rendered":"<p>Kosmetinis kremas praturtintas dekspantenoliu, nat\u016braliomis alavij\u0173 sultimis, alantoinu ir vitamin\u0173 kompleksu A, E ir F, kurie prisideda prie aktyvaus odos hidrobalanso atstatymo nudegus saul\u0117je ir buitini\u0173 nudegim\u0173 atveju. Veiklioji med\u017eiaga dekspantenolis pasi\u017eymi prie\u0161u\u017edegiminiu poveikiu, skatina sveikimo procesus, o kartu su alavijo sultimis ir alantoinu ramina sudirgusi\u0105 ir u\u017edegusi\u0105 od\u0105, ma\u017eina patinim\u0105. Nat\u016bral\u016bs makadamij\u0173 ir sald\u017ei\u0173j\u0173 migdol\u0173 aliejai maitina lipidin\u012f odos sluoksn\u012f, mink\u0161tina j\u012f ir apsaugo nuo i\u0161orini\u0173 veiksni\u0173.<\/p>\n<p>Naudojimas: nedidel\u012f kiek\u012f kremo u\u017etepkite ant \u0161varios odos, tolygiai paskirstykite lengvais judesiais. Jei reikia, pakartokite. Sud\u0117tyje yra vitamino A. Prie\u0161 vartojim\u0105 b\u016btina atsi\u017evelgti \u012f paros doz\u0119.<\/p>\n<p>Naudojimas: 3-4 kartus per dien\u0105 tepkite od\u0105 putomis. Prie\u0161 naudojim\u0105 suplakti. <\/p>\n<p>Atsargumo priemon\u0117s: netepkite put\u0173 ant pa\u017eeistos odos, venkite patekimo \u012f akis. Nenaudokite, jei yra padid\u0117j\u0119s jautrumas atskiriems  komponentams.<\/p>\n<p>Ne vaistas. <\/p>\n<p>Laikymo s\u0105lygos: laikyti gamintojo pakuot\u0117je sausose patalpose, atokiau nuo atviros liepsnos, saul\u0117s spinduli\u0173 ir kar\u0161\u010dio \u0161altini\u0173, nuo +5\u00b0C iki +25\u00b0C temperat\u016broje, kai santykin\u0117 oro dr\u0117gm\u0117 ne didesn\u0117 kaip 75%.<\/p>\n<p>Geriausias: 36 m\u0117nesiai nuo pagaminimo datos.<\/p>\n","protected":false},"excerpt":{"rendered":"<p>Kosmetinis kremas praturtintas dekspantenoliu, nat\u016braliomis alavij\u0173 sultimis, alantoinu ir vitamin\u0173 kompleksu A, E ir F, kurie prisideda prie aktyvaus odos hidrobalanso atstatymo nudegus saul\u0117je ir buitini\u0173 nudegim\u0173 atveju. Veiklioji med\u017eiaga dekspantenolis pasi\u017eymi prie\u0161u\u017edegiminiu poveikiu, skatina sveikimo procesus, o kartu su alavijo sultimis ir alantoinu ramina sudirgusi\u0105 ir u\u017edegusi\u0105 od\u0105, ma\u017eina patinim\u0105. Nat\u016bral\u016bs makadamij\u0173 ir sald\u017ei\u0173j\u0173 [&#8230;]\n","protected":false},"featured_media":99562,"template":"","meta":[],"product_cat":[1390],"product_tag":[],"class_list":{"0":"post-61100","1":"product","2":"type-product","3":"status-publish","4":"has-post-thumbnail","6":"product_brand-green-pharm-cosmetic_ua-lt","7":"product_cat-kremai-aliejai-kuno-pienelis","9":"first","10":"outofstock","11":"taxable","12":"shipping-taxable","13":"product-type-simple"},"_links":{"self":[{"href":"https:\/\/e.kosmolat.eu\/lt\/wp-json\/wp\/v2\/product\/61100","targetHints":{"allow":["GET"]}}],"collection":[{"href":"https:\/\/e.kosmolat.eu\/lt\/wp-json\/wp\/v2\/product"}],"about":[{"href":"https:\/\/e.kosmolat.eu\/lt\/wp-json\/wp\/v2\/types\/product"}],"wp:featuredmedia":[{"embeddable":true,"href":"https:\/\/e.kosmolat.eu\/lt\/wp-json\/wp\/v2\/media\/99562"}],"wp:attachment":[{"href":"https:\/\/e.kosmolat.eu\/lt\/wp-json\/wp\/v2\/media?parent=61100"}],"wp:term":[{"taxonomy":"product_cat","embeddable":true,"href":"https:\/\/e.kosmolat.eu\/lt\/wp-json\/wp\/v2\/product_cat?post=61100"},{"taxonomy":"product_tag","embeddable":true,"href":"https:\/\/e.kosmolat.eu\/lt\/wp-json\/wp\/v2\/product_tag?post=61100"}],"curies":[{"name":"wp","href":"https:\/\/api.w.org\/{rel}","templated":true}]}}