{"id":61044,"date":"2025-01-11T05:12:45","date_gmt":"2025-01-11T05:12:45","guid":{"rendered":"https:\/\/e.kosmolat.eu\/product\/911-rozkoka-eteriska-ella-10-ml\/"},"modified":"2026-04-20T12:33:34","modified_gmt":"2026-04-20T12:33:34","slug":"911-rozkoka-eteriska-ella-10-ml","status":"publish","type":"product","link":"https:\/\/e.kosmolat.eu\/lt\/produktas\/911-rozkoka-eteriska-ella-10-ml\/","title":{"rendered":"911 Ro\u017eini\u0173 med\u017ei\u0173 eterinis aliejus, 10 ml"},"content":{"rendered":"<p>Ro\u017eini\u0173 med\u017ei\u0173 eterinis aliejus maitina, mink&scaron;tina ir tonizuoja saus\u0105, plon\u0105 ir jautri\u0105 od\u0105, j\u0105 lygina. Padidina epidermio stangrum\u0105, elastingum\u0105 ir apsaugines funkcijas, ma\u017eina dirginim\u0105, lupim\u0105si ir tr\u016bkin\u0117jim\u0105. Padeda suma\u017einti strijas. Aliejus pasi\u017eymi \u012fvairiomis savyb\u0117mis: ramina, gaivina, antiseptikas, stimuliuoja imunitet\u0105 ir dezodoruoja. Tai taip pat afrodiziakas.<\/p>\n<p><strong>Ne vaistas.<\/strong><\/p>\n<p><strong>Kontraindikacijos:<\/strong> nerekomenduojama asmenims, kurie netoleruoja eterinio aliejaus sudedam\u0173j\u0173 dali\u0173. N\u0117&scaron;tumo, gastrito, op\u0173 ir \u016bmini\u0173 inkst\u0173 lig\u0173 metu aliej\u0173 reikia vartoti atsargiai.<\/p>\n<p><strong>Naudojimo ir dozavimo instrukcijos:<\/strong><\/p>\n<p>1. Garinimas aromatin\u0117je lempoje: 5-7 la&scaron;ai 15 m&sup2;.<\/p>\n<p>2. Voniose ir saunose: 6-8 la&scaron;ai 500 ml vandens.<\/p>\n<p>3. Kompresas 5-7 la&scaron;ai 10 ml bazinio augalinio aliejaus.<\/p>\n<p>4. Kompresas: 6-7 la&scaron;ai 10 ml bazinio augalinio aliejaus.<\/p>\n<p>5. Masa\u017eas: 6-7 la&scaron;ai 10 ml bazinio augalinio aliejaus.<\/p>\n<p>6. Tvarstis: 6-10 la&scaron;\u0173 5 ml bazinio aliejaus.<\/p>\n<p>7. Praturtinan\u010dios kosmetikos priemon\u0117s: 2-5 la&scaron;ai 10 g pagrindo (kremas, &scaron;amp\u016bnas, skystas muilas ir kt.).<\/p>\n<p><strong>Atsargumo priemon\u0117s:<\/strong> Tik i&scaron;oriniam naudojimui!<\/p>\n<p><strong>S\u0105veika su kitais aliejais:<\/strong> Ro\u017eini\u0173 med\u017ei\u0173 aliejus puikiai dera su liep\u0173, neroli\u0173 ir sandalmed\u017ei\u0173 aliejais.<\/p>\n<p><strong>Laikymo s\u0105lygos:<\/strong> laikyti sandariai u\u017edarytoje pakuot\u0117je ne auk&scaron;tesn\u0117je kaip +25 &deg;C temperat\u016broje, saugoti nuo tiesiogini\u0173 saul\u0117s spinduli\u0173.<\/p>\n<p><strong>Geriausias:<\/strong> 36 m\u0117nesiai nuo pagaminimo datos.<\/p>\n<p>&nbsp;<\/p>\n<p><img decoding=\"async\" alt=\"\" src=\"data:image\/png;base64,iVBORw0KGgoAAAANSUhEUgAAAEMAAABACAYAAAE2WfpLAAAAAXNSR0IArs4c6QAAAARnQU1BAACxjwv8YQUAAAAJcEhZcwAAFxEAABcRAcom8z8AABS9SURBVGhD5VsHdFVV1ubH4Z+ZpTNLFP41\/v5tDUUFpSSIpLwkpL+8lx7yUkiBBAKE0AJIj4CAFGmC0jSAMFJEiogoKAKCMFJFQFC6SMvr9db9733eeZAXEkoIzOh8a9313rv3nH3PPfecXb69X6OasPfLb8u\/1g5bTkofQLjDA4Cf8oeYqV1KDXywdH7Bv6GcHHWcLnz99deswZUrV+DSpUtg6tTa29Bp0DMJb7\/9NsybN481ysvLgxs3brDvUmRnb0MpMzadnakBObqL\/y2thpTW\/JoX2tDaB3+lvPvjdF3Shsr8VD1QFdAS1KprJKgxP3UL5pD2dOEmbJs2NeOXGjWydNPByZMnweVysYtffvkl+3S+PqpLI1PQi\/Duu+\/C\/v37Ye7cuezCtGnTwG63s+9MgrFjK\/ajOpRzZ\/wf19TpeX4JQNj2ae1z4QhpB65pE2q\/WBscxTl6Y5e2IEe+fO+dfFByUydWBfiPXXW7wBnWEU6r6u95s9rhTo3eZY56BQ4eOgSzZ8+GMWPGQFlZGXz\/\/fcwa9YsWLp0Kcgo0PJKG1DnTf9f3s0LSRd+1dYnn93x448\/hg0bNkDPnj3Z7+pYvnw5TJo0if8CuNGhJXgqRiQxIZ602PKqji3h1E8\/wYkTJ24eNAIfaCTjxo2D0aNHgyAIoBqrwEPbCODfmBAfjIbkYGOg\/4qtCenIIVCjX7n7RFtycpraaM0pCu+Km3clzkd8sMqb3B88UZ0B9OEW\/rN+kIb1n8W\/1g+QEAomTQCIJQXv81P3B9CGgLh9K5sPE64duShrJ790b1Bjg0A6eogJ8MGi7wpyduIJ3uTOkFGPKZcu8K7+sPXIAjlTe5U3vR0AFY09EZ0APB7Yu3cvW1gLFy6EXr16werVq9li++CDD8AxtBSk5BgX73YLBw4caOLUdGQCCH369IGzZ8+y7z6cP38eEhIS2LZwzZ4KSlKkxLujUi0tfdrySlveFGDnzp2AQsFsNvMzXqxcuRKSkpLg3Llz7Lfn\/Xdp\/XhXLi1h+cyPuDgVeOedd2DEiBGwefNm9p30HIF29Jtvvgnr16+H999\/n50jWFLjwNO7+3wmiF6nsPtLv81Hx\/Xr13lzYKMgo0IjIpjRTshpsV8xAT5AfAh41n3AGtwNxuCXQEyLW8G7+kOOD1Fdc6fxprWDdrkrM3Em71I7FF2ow1ExnHfxB+kcZ15qGW96Zwja0CprcS7v6oUJR+DIS0vgTe4NqDJPWbP0TAAZO2dJfmd+6f4g6SN2WVA5mcr7+SvlhoStd16oEh8sK7jLpX495\/HTjw6uIkMOuRxVZDE2fwTq9WtgCgsAKSIAhN65H\/NmDw+yQT8UUF3RapH272HvrTpUhx3MscHgQmMrF3TDXXygCe\/aMJCy9LPVmC5gRAMsnz7Jb1s3VFEEa1YS2HGDKVn6c9\/DtSe4qPpBTIvdKKJfYuqKKtNUxW\/jhQc14OXLl5lNdrvdcPz4cbh69So7Xx320iIwozcrp8fZHPOm\/YWLvjtgzZrHpPSYg+6IQDAnhDG\/hvDtt9\/C9OnTmd4uLi6Gfv36QWlpKXPyjh07BiUlJey3Xq+H3NxcGDp0KBQWFrK+BOf4kTggnNHkrh7PrFkv8Nvdjmtr1jwhJ0WcsaEHac1Dn1lVuQgvPvroI6bjCbJMnlLt+Pnnn0Gj0cAPP\/wA48ePZ0amvLycXwVwvTMH11gL1LRdwT1+bAy\/Pbr0PbP+U9KHWy1ocOxokWpDq1atmIpPSUnx87NqA9mSjIwMmDlzJkydOpX5bBcvXrxt8J71a8AU3A7khFC7c9TgZ9lghJTYCYCrnZSv9O0+ECQJmjRpQgbp5tG4cWO\/33SQR1kdgwYNgu7du7PzNpsNdu\/ezc7TOpJQ5k3gOqLX7saHdydF70VZ\/nCkx\/Yis2Ps0AJEdMcbGsqVy2DGrS3gBhDS4j\/lt60bjkxdnBIXzIyDe+lCLqb+kE+eACPtHNLAGQn3r4GvZaa2VxJCJGNAa3BOqeBi7x3C11+BkaILfO1idvIoLrb+uN4r9RlFqzFZcUfZBpXw29QNz0e4EMmlx9dsz0\/vzsU0HNSeSX8SteGX7Zr23i1eA64Fc9kApNgQ1d47N4p3e3iANfCYpNMcdmk6gMWQCM7JFWzHKbow0V5a+BJv9mgh68M3ivGhV9Ty8v\/gp\/4xEHvlbVLnTGrOfz56CCkx20gfKKnRVteyhf\/DTz86SGmx31AAQ3G7KQjNfHKM275o3p3Zp4bC6Tlzfi+nxR1xhrQDS3o82yHOaROZgyQnR6ri9PEv86YPB+r06Y9LKZFn7cGoP7qnsgH44Jo\/y2tFMZiUZk2J4F0aFmpZ7p8FXfg1W2h7sBXn3OYSENzLlzCtqWo1IE0Yo+ddGwa2iopmuB2NVnT\/bWXFtQ7AB4rHGCGC2lMYPSyXi3gwuDDmAH2EhQhK+4iB\/FZ3hrBlE\/PiIV4D4ogB\/bmo+sFWkttGSQz3EGXnmDKO3+LeIKJBo8VKMyIO7jOGi7w\/OAcUB8q6MJUWm2veDC76FiwWC\/zyyy\/s+6lTp+DChQu3Rffqd4fZq1ExlpYG9p7ORd8bzMWFkUpcKBPgrlwAbkGELVu2wLp16+CNN96AIUOGsM8lS5YwN48Cd2IF3nrrLZgxYwZjhzdu3AjHTpwE9Yfj6GO0ASWqM0j9ey7mt7gzPIXZiSo5Op2eA89aLytAIG+bvPIJEyZAUVERY1VGjhzJwgJyfAcMGMBcv+TkZMjPz2fnfHy2ev4sGFGhiV1Ru\/bJX8VvVTvkwjQeGrYA4ZMNTIAP6enpGDmsYRwi3bguHDlyBM6cOcMGSd\/p2L7jK1DR7TOFdgABYx6lKHszv6U\/xLzkfsSlVXX4K4i7vuAivVBxSwYFBbHvdwoLCDQDffv2ZVzU1q1bIScnhzFCBMV4Ayyo5j0Y88qFBn+azZGTOBLiMDYNfA6kQ39nHXwYNWoUY7d79+4Ny5YtgxUrVvArtcPpdDIei9YFMeSTJ0\/mV7ygwMuSEA4u1DlyQdoBNgAhN2Uq0VAsIv\/uCG96CxSNZWVlweuvvw7PPvssc\/XrArn+8+fPZ5HbqlWrYOzYsYxUq6ryDzlVUQALxrcSRoRSSfdZjRRtqJVcdPurA3gTYPQVPQVxYe+99x706NGDxafE+dM5OhYsWMBbe3H69GkWGBEd+Mknn0C3bt3YNt63bx97LTUhbF4Ppi4vghAXYm5k65HRXEoIMxKrZ+vrjTNpADhJfkdtwVF1EAsYExMD\/fv3Z6ElJW581KLD4WCfPrhXVno1KgZI1gGFrVBWo0YXcnKayonhF8i7thfiE7g9bBfUJPeqH5Q2qQlSXsRfFhQUsJmqqKhgMeuhQ7doW9fied4B6DTgrukYXxw8+I+KPvy0A7eRpVsCqDUogYaAc\/ZUMKGVlbUa0Vmc24Xf2h87dlT8TtJqjrnQY7IkdgXV5eTdHxzO8aPARMRMXKggDC69s2eOCukxWR+2z4NKxRIfCqrVwsXUH45hZWBBjSlpw5yWoWUt+K3uDHyXjQV95FbSbmY8VJORi7t\/2MuKwIy7AAMom6Nfwb0zOz4ISVFrZDQ8ppAOoFy+xMXeO2xF2WClbaiPuGIZPPgpLvb+ISZHLlKIaCNa6NTdiTYGWfKSbegMS0ldz5grZz3JxdUfUkrMdKCBdHoepGO3a9XqUFFtWxIjWa5PTIo8iXv937mYB4eYFjcGYoKYjyHu38tv6Y+b\/CfuLik16nBFbYnbB4UnNW4AxIUwZSPu8uZ1fVCMRgyEOgMFRHJqzA481fAD8MGRoe3ho6OFzzZ7B\/AL+gqajiDhINyp0et504cLW5o2nfke6AC7ly0GU3ggKGiJxW4Jy3iTRwO7ITmKEXBob1TiqDL1s\/mlRwsxL72THBdiE3KTJ\/NTvz6I5RhWdIvZgPbEpiTFVAmlxTMcCxY8wy\/\/a8BenBUppcftpI3mwUiACiPMRHNEdwYlNdYulRQsti55+zne\/LcHVCqPOQsNaVJK9CFK97rQhbqBUY4lMwE8HywD1\/RJuOE7AUW\/EhFRKTGS2CdvtXnKmI5cxK8fR8rLH3d0TyuUEiNOgVaDJrY9Y\/mtBj0In2+hEIupX4J6\/Tq4Zk0BM2pBSqoK4QEA6OopPQ1bxTkTg7nIXx\/UYT3\/JOZllomJ4T8TAU\/VKEZ8QGtBOoi7ydbVDXIvXYvns1Q9WXCXBidFF45hZPpeadLYGGzyGL\/NPzdgYMGTYnbSaFEfUQWxXcAW\/BJQGZatbwGIB\/f7lefcDYrTAe7VK8Csi8DV1BL9JpwU1DNyTtIxz8hBGQcAGjZ921BwDO33FykzcZqS2NVEzqEVA82qgNZgH14G8olj\/PHqB9XlAs\/H61lVCE0KhWw0KZIh+azw6pDii6r6Rz6Mfyyulxa39mTpFyq6CDu56sQ9UV7cMWEkK4VpUMgyCF9tB2tOCipa3HJohcjRkbP1F11D+w63fLe7KR\/Wo4Wpb3470RC\/WtGFShJGb8bAVmgNAtAqvA7KtSt89A8P4r49YCvJYzrF8vLzQNURcnqCURjQa6KjsvL+I8D7BYUYxt55QUK67lNZG6YIqPWJa6d0iOud2SBTcaAogogHsUpWq5WRgFQpS2Tfnj17YNOmTYwSI46G2Mrt27ezQgYifoitoqIpKn2kg9iozz\/\/HA4ePMjKuqgd1UYRvebA+EvAlSJ+dxgcg\/uAESfE\/PILjNNFX8Xh6d9rrmv+jP\/mQ2844Ito7O5piJXTYr6R40NVT0QgmHCZWlCxuVdUgsqpNhmVI1WFZWSks5T\/okWLGCO2du1a+OyzzxifQ\/wQFVQcPXqUcchE0RJ3TEUTxJgRk0rcMRVW0CdNIE3GN998wzhkuk7cEHFFNJE+KLglnWOHgQknxIz6iqqPpeRIj9KvYKln2aLW\/FHqjx2w43dSkSFNTo46SgqLglByiixJkSBsXFsr1UO1DtnZ2dCiRQsIDg5m36lSZODAgfDaa6+xN04TQ2wsFWuYTCbe09uXyLLDhw8zzpoeniZ04sSJTAbx2REREdCmTRvGcf\/44y2dRN4K8cDyhXPgmjyOJe5MnV8AKq1BpS4oxVnrhDlT7t+Bg8qKP7jzU4uVpOhTpKAcmvZoGXASDIkgfLEVoHo9RTUQRU3ljlQ8UllZyc8+GIiqpAkhebt27WLnaPsQk0iUNmUnaHsNHjzYj39Vb1wD19zpYKYXiGMXItAsJ6ED1yPzc9f4sRr+qHXDXDHwSU9uyhAlOfo8xAejeWwDVagYbcXZIO7xcuk1QcueCH8faGnTCqC3TMSvb4nXzNvcK6iQ5YsvvmBEcmZmJpsUIpKpiJlql2jFpKamstRMbcy4YjGz1I6FmI\/2f0UHDs0yerVyfsY+z+SKBGziz3TYysqaC1mJ49FbNEJcMGrnF1BLP8dyhNLhb71S6wCVBVEhFZHPVEpEb4e2By3t8PBwiIyMZMv+QUAPSfqBdAsR3aRUaTLo86effrqN6q8Vbje4167ELR4FlPlxhrZHrzaMHLi9ntlTvSS4MzelEnQaC9XNmTUd0UdoC47RQ0C5dJ5LuQUqnyUrQSVr9EkHWQ4aDCnAwMBA9uC0Cig3QTVWpAh9bav3vVOmh7YbTQBZHpJLFbVUEEZ\/z+jYsSN06NCBKV5Szj7lS1mAxYsXs9V4N1BMZM3QsmIhkRRtSpTVWd6nspEzQ\/eskBI9VYoPtanoPlMhGeW27INKQDp6643SQ5Pya9myJTRt2hSeeuqpm0ezZs2gefPm0LZtW5aeonQV5dio7dNPP+3Xlvo+88wzLAFYFyjRo9VqWd6NVhhlF8gU09YzGo3sO+kI2j40cQT6Ywcd9MLqgoqrw7NuFU5EAkskUnQsxQXb3Zm6mY7c1Fs8yuXs7GaO5LhRklZzlW0V9O5I8diKc0H++16mqbehwspHk5aYmMjees2D3qBOp2MH1RlSRrO2NrT\/6R8QdYEekPwSSjzRKggICGAKkyaHzDGl5ih5RQkq0h9Uh03pOVpJvj+wVAcFfu7KhSzHQESlG\/0j5rmmxuy2FmUn8im4HVDR7wl3elyplBB+FrCzLbgd3EDFY81NAbUG7fooQA9NvgZNwo4dO2Dbtm3socmKfPjhh8zC1JXdVapuoEWZAWbcCowSQE+ZEmVCatRnrmLD3S2KD+geNnF1i+8u68KOk2VxoatN5tWcGgueDehj8IrUf0bIF8+Dc9oEMIa0A3Pn572+hi7MI2bEr7lRnBPIH\/H+QWW5zvTEZEkXfkjFSXHj7FKJnCkuFNyrljdoju1BQYGhs+JVltehbS5imCDHh7lEg+5v7rL8e0uZ3QtQizU2G\/RR7oSI3VQC6sHZpiDJHIlxyaJ5DZLvqy+kYxifoMIn62AJagsKxifu+BCHkKmb4ywp8Vb3Piw489I7iYkRmyRtqEpLkAVrqJScMyeD8svPfIgPH5TDspfkQ1Wn59hKoJSSpI8widn6cdfqk7t8ENgyMtp4kqKWK\/EagfKfVJ9L9daO8SNBuej9v8\/DgLjzS1blSiVQlqAXmWXASbjsMCS+iiv4wdOXDwJzgeH\/pLTIOaAn5y2IZZYppKbCd+kBWS4fyEeg2g0qSiBC2UluNU1CStSPQg9DEYYFDZdCbQjYemc3U1JjJ8rxGhP9c47K\/ijvZ+tfBNKRg+TC8ke7d1De2IOK2qKP8JaqRwQC+1deUvgRe8\/MrAbNIz8MqLm5f3alxQ0XtWHXiIGyUdSLAZ+1h8Eb8FVLD9QF1WoF15K32X8YjagTyIopuBI8yZFfS71yokmh89v9OnCtX7cnbGmxfSUtOnBogciBY9xlToqXCqgFLPSmOhqWO8HQu+vLoGpD0VGK3e4sLuiCTX5dk1ATOyoq\/mDP0OXKunBGEjkx9qHI0ZoeD54tmxg\/Qn\/zcE55DUwsv9Lam1VL0EiyQbfG1L+kPRf124I1Mz7Row\/bR5NCS9+IytaE7rIptCNY6N9jxGHqwqxipm7JjWF9frv51uqwpes0QmLX7XJskCyiWSYKAYNEs2DQz3AOH\/5fvNm\/FuzdU190GRI2ObunTbIUFdW\/xuqB0ajR\/wMiPQiLv8oEOgAAAABJRU5ErkJggg==\" \/><strong>GHS05 Pavojinga<\/strong><\/p>\n<p><strong>H318<\/strong> Smarkiai pa\u017eeid\u017eia akis.<\/p>\n<p><img decoding=\"async\" alt=\"\" src=\"data:image\/png;base64,iVBORw0KGgoAAAANSUhEUgAAAD4AAABACAYAAAE17vRjAAAAAXNSR0IArs4c6QAAAARnQU1BAACxjwv8YQUAAAAJcEhZcwAAFxEAABcRAcom8z8AABNPSURBVGhDzVsJeFRVsm71AbImZCP7AtkDYd8GUJBFIoiggiv6yaAQnuKCgwziDIyA23vD4owKCjozMghPEJ7IE2QRQXCegKzdfbuTztbpTqez7+l0p15V3Xt776Qbgt\/7+Zp77znnnjpVp6pO1Tk3CnCDVbrKcGmgGZMBZRtWg7W9XSpxaqAZmcrXjz\/5BEpfXgI2m9iIGwhDEvmB0K1XT74WPPkA2LAnha2hngtknD5zhq\/tWKlK7C\/2YKup5kLCHT178FVIi+SrfQytujzpDiuzE6Q7Ny4aL57FwaZITyJcGljMZdKdAy4NCKqUUOlOhEuD9Rs3IP820I7NkEqkBtY6kYuI2Bi+Eot5M8bzvUIzLotvCOFRImuEmv3\/5KuCBKodJY48eEA4X5uKdCDPBpOgLtWDRd4t+kK+yrAPkhq5y4DgwaYztOMyQTUoTHryDq8daEelQrulVXoCMK5bCcLwZPu4neEYIv5UwwaiHB06GZ0YD\/2jIqQngJLFj0H+lFHSkwiWkiojBtoMJWKJE7r16QnTZs6QniTgC7oHpkDBQ2I5j8BWXwfqEZ4C8oaG8+dAnewYlYsMLOUmUGfF23k996+f7KZhqS7HqYrzkINXITbrBBDSo\/jeVl8L6qEJXgVI8NqBjNpv9oFNuvcFnx1YcTbqzxyTnrzD+8s41vxpY3neLSVF\/g\/d1m6DvHvGQkHOBH5WZydCGwrVGzxeLnriAdDQNKK+y9CMSuPpdYf9ZaJYkvsUurs0NpSamhpY9OyzUi12MCIZrDWV0pMI+8tlq5aDkBnLno3wwEMPQlRiHJw4eZKfSfLCaNR9axs\/ExRExfSf60FIHuAimE927oAY1Hmr1dUva0YlI0viJCrMO\/4CqrQojzk1GowwIC5aenKACGhGi85aoZ08AoqfWcB8uiMo3NXFEagVaV6LPh8dNw5BGJmM7t4hHF+gF5UDw6Hhf0XnzgJjNzQ8Bco2vm6foQMHD7Kdy7DhP2V8ENQdPWSXjV3aVmRajbZeufVdqQRg49tv8ZWHmhEN1Z9\/ws8yXJSERiCg8Kr+vt0uA5o6FS4t5Zvf8pCLy8sEkUoU1KBVUVsNuizThj+IlW7weFmGMiEE8u4eAYY3VuC0ulKU4fNlal60YJb44AM+X\/YFeRTCxCHoddCZVpSLCuYmD3\/gN3GiSd3nTx2LxpcOhQ\/nQOVn29BHJoI6KRRayW8EOIBOicuc6nImgoCuIW9iNpZZ2QvIMK1dyauBgM7a6sV1+ILvOZOYKH7mYVwd00A9Oq1T0RpWv4gDTAE1api1toal1RE8iMuiK12xFN3wQFZV4tFZpFOnT2Pri0lMgL6h\/eHYyeNcL7szfe5CNPlBKKVh6ERr7BbpDjtxWYjGN1eh4xgIytRIsDW6Bnwy3li3FqIS4tjl9Q4JgsJC1\/BFRuGiBRxT5E0fh1OFftRNcgq5wPyX93DOYjFYGwCWMr0Lp+44ceIEezziPihM9Hze2suSKECTo6nT3X8PP8ttFeWbNoIqMwZUyGmbycCF\/kChUEBYdCSsW\/+mVNI5dPfdBZoJQ0B3zxh+VlDUaWtqBM24DFwlUkC\/9Emu6Ihzwsu\/W8EDKDN5xr52YB\/US\/2PJ0FAx6pO6A+N1y7adUCcc3yiZm211bzWk7IY16N750rvmL9gPvTo28e+RrqDTLFJeRmuxwWDOnUA1P5wVKxw6tRD2ylJITMRhiaxtpdtXCPVOHDp8mW4rWd3CImMgNQsR6wuo9VsBFVyGIeTNV\/u8slEh3ZuwaREhaMmnaj4cFOHkiBO24yloMQwm6ylcscHUo1v+CQugyTRgmkCDYLCzeovP5dqHLAY9JikJWB9PJS\/\/UfJL4h1HaFT4jKorxbhGs+fgL+6o4dZUdWjBnGEZlq\/xu4r\/IXfxBk4AnKZ9ee+B2ViMCpmKpT+7nmpzg9W3RAY8S5GwMTZh+O1cs8ODD1pdQucYxkBESfCRKru1FFWwOKnH+TyGx2A\/8TthI9x1kpbEDTn+lzJI\/L\/gcFv4iTq+nOnMOINxdQQo97vDmHUn4ouOQP0K3LFRgGiU+LEL3HVqEYzGxgB6sxoqDt0gMvopx6WwGtC6UtLqHlA6JC4SBbtW30dhKxYUKMjqd3\/hVSK0sBFqb2lBePkWHbFRgxAGH7qQCfEkbDqGvroaBCyk6Dqq91ihRNoANbqKvbl1Mb0lvcA3Rt8Erci5ZZrl0CJnWqyE6Bq7y6pxhNkBW2VFaDCJVMYEg+m99+1S6cjeCVOnZGoKUcRyF\/vFBcJeY3fd+AryH3h32Htn9ZBUVER1TCxtmozJ4oalJR522ZuK8rPO7wSby3UoQjjeYvJ\/P57UqmIi7\/8wkEExW9R8XGQlIppqgRyvW3lBlCnR+IvGir\/vk2q8Q4X4jx6QymKOZ7Xc9Pmtz3Gfe3qVejWpxcHkJEJsZA22LGbRiCTbC7QogRwFUyLhtoDnqugDDtxWjrbyjAIGJqIq1QqlG8Rc0t3kIIpbldw8DggLgYWL\/HMiGnAzdrroMRMRp0eC\/VHD4oVbmDiHL1UVSC3SHgYZsjviBrra7bu7NsbohPiISwmCj797FOp1BONl3\/GAYTwMlx3zJFRy+CtCGtdFWgwrydT0b++nCt8ESaMHj+W5zskKgLOnD1rV0RnyCX1P50GAT2iKiUSGnApZkjtFTZ0EuQmaY71K6W1uRPkPr+M57x\/ZDioVSqp1DuITN3pE8h9BFwfGAaNv5yzD0xBG0uaCdmgX\/5bqahz7NixAyLjY6EfJg7VNTVSaceglVDIigNlXBA0YChNUNQc+RpTI\/TZ6CJbhKuorZ4idAaJ+NDhbyA8Nhp69esjlfoG5wVtFkytR4EwNgNKli2E9lZxS5YVrvLTD3kfQ50Sha7S1CF5Im4ymdjWH3n8UanUE7wgSXOrnT6Gc\/qiJ+fys1zOxOnWvG0LqDA6VQ3EXK22shP+HfCmbAypOH\/2JMzT0kH3oLi969zabudUaNryNqgwSKC0xlJp9toxlV28eBF69w+GCXffBa2SCJ0h7+4WPjILlTkDdDkTRKJu3TmISzsNpo2vo+ZjihwfhFOAEvASDyelpUI0m9oAOPm9ZD4S5B2LwifmgICiLsiZyM\/eQi07cYLMqeG15aBB01Ohj7Y1N3GZM2bNncOpUs\/gvnDhwgWp1IHCR2fxzqJ22mik6jvIdCHujNKXc0HAxF47wrFwEGiALegbNm3eBMe\/d00SiUTJ0oUgjBgE2vFZYGvBgfsgTPBKXG5uePE5UJMDGpaE4vdthLLE9C8uwogmBblOA\/djLG\/wybksqpJlT4sSGJ8JVpwCdyWkQREMq54H7fBUUI9MgXZMo\/wJp30SJ8gdFD\/9MKhR\/PmTh0N7c7NDAlK98Y+v4oKEawPqCR3NSOPpFB0SZ2D\/1FfRo7MxTk+B\/JzfQHubuElO5aa1r2EEi7n84ETULauHZDpC58QRcneF82eCdmQGFMyaxM+mt97AiDaJvSMFkYHCL+IEWZK6OZN5J7JgzhRWLlV8MIZOZThA\/zmW4Tdxguy5dPdPBu2EoZgmB0FrWYlfyuUNAREniHPajllKKrSWFNwAvw4ETLwr8asQJ30gnaFf3eF9qDPJqLw50GosvinJ3QxuHePIES1wsirWH\/8W8nCduY6xpPY3Q\/jzA1VyBJQsWQit0rE3tb1B1Q0YXc44zyyOXt7mrz35HeTNnIDxUai4+Y2hRQEaat6UkewvSQACRvaGFxbzbh+B7MnXeVJXocsYF92bY7CNF\/\/FPph2jegolo7pdDmToPrgXq6npbD8nbW4VmPIRFuXI9O5Temry8BSJGkA\/3drBNBljNNM0xCblZfZ56szYzAIScEFJxryp4+HmkP7uJ2dDdIKvmAYTjHjMAxasxN4a0UYmgDG118Ga2UFf8tzK1i\/KcZJpeXDbNrEKJw3A4TMOHZemsFJkD8xG2oP7nH5XsQXbHW1UL4BV+fMaA7\/1JivalgAr9hP+CmGu5GF0xsCZpw9NNofzRah+dIFjG9mgZJmGG2YvlHKQ7ut2bcbbBLDbLN85x1cjz9Cm9kExg1r2CeQ\/WswTKEDef5Iq0YMVUjgcvsbhd+MExlxgOJzi\/IK6J97HFRpEZiSoA2nx\/IMVe75h9iWfj4GV48zaDabpScHKF2S37GYDHwuqkoIRvWnHYtE0KLpVHz0Z\/tBrShO7zQ6g\/+MSwNqRc9b8sIzoEyPQpXEGU6LwTg9GSr\/9pHPIdTX18P2j7dDVGwMp9S0kaS443a+7967F6xeswbKzeXcVqYj99VaU4FZ03N8wqkZNghNKZ73eCs+3mo\/Zu1Yn7yjQ8ZpEPZvmEpLoDh3IajQhumLMtpFIbU2b9\/C9R3h1Knv4a4pk+HOoD68cxadEMebWLyRFR3Jx7AHv\/5vqbV3WKrKkf6TvErQMqjKiAPtuCyo+uyv0N4q5i++NMwbPBnHd3kdlh5J5YxvrGCPS4kQHV7R+UL51nd4k5tABDuiWWGugCXLckHR\/d+Ycdq\/omtkXAxvJU2beS9vpvoCT4B031pcAEWLHsFgPYSzfhVqHsUEtf9zAAcuulraTexMBC6Ms9TEW2irLAfTO3\/gjx\/o2wNiWDkoBEybNvCHaNQukAxh8\/tbUb1v430zmumYpAQIj42CHv16w9o31\/HnVoSOZo0FgNXUoll5CYqemgfXaW99TAao0yIxex0FDScOY33n47IzLndorasB8\/vv8vcRlG2q0X5pho2rXwJLdQW37bxbT+zZuxeicJZDoyJFNad7VPPufXrBkSPSkbafIPryGBrOn4WCh2aCKikMtOhkyRfkz5wI9WdPurRzh4LUgmBFR2He9md0WAP5GEWNgQQdLhhezQVLhdMHAQHMsjOuXLkCcx+aB72C+\/E+caS0XZucngY\/nz\/PbUST8a9\/aubctOHnM6CbOw2UaegER6fx51QFc6dC4\/kfuZ7aOmuowmIogYrPd4r2Qo5jXCYuSwPBsGIZtBqKuRFpQyBq7Q20PUifo5GdR6G6R6CaBw8Ig8VLnwO9Xi+1Chyk1pwMSc8NJ76Fggdn8AqgQV6uxwVB0SP3QdMvP7E2y1BUbt8K+ZOGYWgZg0xn8XGQftlTmDDkS026Dnv+ay\/c3u0OtnPaNewT2h\/+sfuf0Ob2MeONgpinD7Xqjh4A3X0T+USKJxQzwuIFOdAkzT5BwfGytQ0qdu\/kTX46gqJISckp4+O4jDklDDcIWX1P\/fADZGYPgb5hIdATVb5XUF82gZsBmwdfkeHj30D+PaNBnYo8jEJ1x+iv+Jn50CxcFRs7wf4pFIG8deXOD0A7cQioBmMIOnwQn8OULl+Ey5qeCciJxY2ioLAQdn\/xBezatQsEQYC2trYb6E\/0BfJbdT8ex9R3EqiTI0Eg+06JgOIn5kDTxZ+kFvSGK+xendJEeWecTtTMW9\/jHVY6axCG4zUlHMowhLTVyvGy\/wJwbqfN08JH27bBBx99CGd+dKieXyBmaYxSd02XfkZ7vhdnNgyjOZFh3bypUH\/6ODXmNr7G6CWAwYyLCOAt7V+W\/8cGzpYEshcUxPXkAWBYuxJTRqdY23vfLjCWGeG3zy7mMJWOI4LRxm\/r0Q2mzpgOGq1WauULNB5xTPRr1FyF\/Mdmw\/WkEGQYbTgtGgrunwT1R8ToT27XETwZ9wJrbTUY\/\/R7Vn063qRDXVoBjBvXoKf0L5jZf+AriBuUBP0iwviomwKYUBTAHXd29ziTcQVFbaImNueroeixObxW02YzMZyXMwHqDu\/n+kDQKePO7FhrqsGw6kWO0WnJowMnMgX6BJs281nSkrm4w2KxYDz+NcQNTITuPbpDN2Q4LCYSDn\/7rdeTMHJWMsOtZXooeWIuCKlRYp6QHgN5U0dD9ZeYCbaKYXOg8GvGCZyDS7NqKSlGh\/csf5ZDCQPF8SpMGU3vrud6AtuWk9Scba2puYkzNg\/QK9hOZpj+RqF40XxxNwfpCEMwQRqbzh80t0tHRdTeiYzf8JtxGbQJKEd7lgId6JcvRlvrD1pUf3U2xvVjUnFgmKJKf5XAA3Ni2hvEWtmKkWGjHgwrl4EanRVt4CvRvEi45m2UijZwq8767AwBM+4MmbRFXwz6pZiyoufXjEwDIQtzZgwcqnZ\/hhlcM7fpaKC8AYFXS1kpGNe8ggyHg5pyfdp9wdC5AjNBm3Ry1VW4Ocbl2ZR4spQZoHDevXzOS6edqoxYyL8bU8b9e9gWqZksALrIpkObisbfv8QnYbTrSvtt9IFK+bpVXE9gfZDadwVuinEZNBxiQnZrzUVaXF6m4LqKPmA0LTeRoJuNGdORg3YnSCC1Nb35GmgwA6SNDbJjihgNq18BW5N4QH6zOYIvdAnjzqCBypF305ULUDgHBZAUygJQDwqHwkdnQyMGGJXbt6Cjwjx6cDx\/4K5KDIGyta9h8CT+yRN9SnIr0eWM24ETJc9Vw7mToJt1FwuA\/q5RnYXRIGVP6AeUCaFQ+upSx9+B3qIZdsetYxxh9wES6k9\/B\/n3jgd1Yhh\/DleSuxBaK8U\/q6NWXWnDneGWMm4HMiTbKv01UxUGHg2nj0F7m+VXZ1jGr8P4\/zsA\/B+KadZisAxKzwAAAABJRU5ErkJggg==\" \/><strong>GHS07<\/strong><img decoding=\"async\" alt=\"\" src=\"data:image\/png;base64,iVBORw0KGgoAAAANSUhEUgAAADsAAAA9CAYAAAFkeyE4AAAAAXNSR0IArs4c6QAAAARnQU1BAACxjwv8YQUAAAAJcEhZcwAAFxEAABcRAcom8z8AAA1bSURBVFhH3ZkJdFRFFoYDqBxcBtAzOjpHx3WOIgFFWYKgCaAYQFEHBUVHEXAFBceoOKIj4kISwr4kKmhwCAoMeyRADIuExUHZEXQQRMAMJL2kl6Q76Tv3v6+q08vrTncW5sx853S\/9+pV1a1b71bVrVsJVAtBGco6t6WqH75XTwb+DJYubcnpdMq9Z91quQLJYLntJnlo07YtnT59Wu5dOTPkGiQiISGBirdsoYWLFsmzfcjA4AzNW7SgC1q1oqZnn03WfimS5s\/gq3CrOxZ5+y3qLkRE9ckTZElqp54MgjJ49+1WdwY11duscrV0bS9XYLysrqJDhw\/LLbD0SpKrv+Tdqam0Mj9fPRHZHuxLCZZuN6vHYJzp442Slq7tKLVPH2rZujWde8EFVLEoTzL4q0WfA++Ob+QK\/C+B5fYO6s4g6GUg0indO3DHJKqUcMIK+9xufxM03h3bg7peE9wsVgy8PW4cHT9+nJ4cOlSeNVBUf1wghc26K6FJE6qqqpJ7bVcadGOQ+WgjBKc4c9fu3WnxkiXkcDjorHPOIavV+LwwTHwgEKwzf2YLjwEzYPL6s2vCOgzAiDCQAAZToDEFYlpYE2qioTROYRgHjATGEgnTwtCx6pAxcUB3PZBCCSsMSwo0boBWwPJCCSqMT+EpLCB3RQVVV1erVANLF7Zx\/pSB+AvD7GB+TpeLMrOy6JPcXPWmBm2+GikMi9FTGizqq\/Xr6cZ27eihQYMkLZBAS0yAjcJWQ2nevLm6I1pdUKDuDPRYiFj4jzfcINdK1v\/AgQNyr\/EXxl9gs8Fjjz9O2Tk5VMAS0159lZo0a6behDRbXf0dlrdgAbXv0IFaXXihTFbnt2xJzc89l\/Z+DxuPMt3Kpypaq56CkXk60qfSWO64VaadQDAtBa4GmrDCIMw87Ta5D8W0MEAz0avVJ+IcGJp6jedIVB\/9SdTBD\/d1IS7B1f8uMbqCO7\/656Pyw3yJNLyLh5gE+8rt0u8Q4t0b3oVIkwZwHuSNhaiCfV4vWVI6iYbezRtUamQ8X2+Q6QZlfB6PSjUnomDrXd1kBFWuXKpSiLrx2nXy5EnKyMwkn88XNkFoUAYTprV3d5USTphgW\/87ZUy4581RKQaO8nIZ1u+9\/z4tX7GCSn79VdL\/Pn++XM1AHagLdYbiF2wbfL9MLq5pE1VKDaWlpfTtzp0iGE5fM16pW110EZ2IMtYCQZ2oGzI0CY6\/jZG1xTbwHpUUDlxQTGr\/YBcBfsYll11GS5cvpy8WLqTFixfT62+8QSUlJTQrO1tmzEhABmRBZkwaa7BuwR+G8AkZGeJdf8c9ofnk00\/VXTCmGqurn0jfWGOz2WjAwIH0O9Z6c3GxTOXoenyCP1x9Nb02ZozKGeM3DgUWGWrVseJZtVwmFWvvbiolnIiCgYzjZGMce2IYx5WbimQYWZI7StloRBWs8c9cmEj27FKpNTT4zBVK2Fx9DHP1jfJJGmWuDuWMr06BOF5\/Sd3FT52Elo8YLq4zrnUhbqGOl0eKQLhnMCJH2kj1JnbiEuoY+woLvJk1NPZy5SOHseCbJD0eYhbqGP+maGYf\/qhKMbA\/9ZihMb+PlZiEOjPfFY3sjz+kUoKx\/\/lBeY98sVCrUNf0LGMif7i\/SjHHNqi\/CHbNyFIpkYkq1D03x5hXB6SqlOjY\/pRqLCJzZqsUcyIKdS\/IlRnHdm8veZ7P663ehvvk3xzrPT2loSgfCVOhFUsXikNm7ZusUojWFRZS71RDY7gyGRMjr8nW1GSZMlGPGWFCK1evMLr0zq6skqETPAdEK27p1EmesU08duyY3JvC5VAe9aC+UIKEetavEw0tPboQqdCI5uW0NPEmQEovo8st3N3wJE3h8paeXaQ+1BuIX6hny9eGQN6G+SorVarBrNmz6d333pPt6ILPP6c+fftSzkcf0RNDhqgc5qAe1CeCuX6NCEVAAN8A0xuZBAJOnTpFw55+2u874Tp9Rs0WNyoIaSEOhnVZBR4SvPv3GgKxGEfYG2o+njOHmvKeeexbb6mUGrZt20b7QzbjGtSL+kUwy0so69iGynhsVf14SGUJ5ujPP9PnX3wh7uiQoUNFy6nTponLirTczz6T9+XstMOqV61apUoGg\/ohB\/Li0jRr0iQReuhQTQMhWDOb\/WIdEA4kTFMk1vZNNX9hC25y1ll0fZs2YrWYMDS7d++mQz\/8oJ4CMPum8s9Es17wLu91Xhw9WnxeTBQz2aK9PCzy8\/OpU1KS9MBTzzyjchtEtV5NtHGqWbFyJZ3TogU9+\/zzNHPWLBEGJxy\/pNtukziTgHHK9UDDiONUEzojWSwWemHUKOrM2rTmjRWizb\/hHwI5Lc4\/X6LtCOjgHr\/Lr7xS6ol5RtLI3AvBAXNvPFj7YO5NjH3u1YSuMrEiqwyWt\/nmGy0QUSjQ66ltQB+VEp2a9TRbpZgTVSiAJyCew6B7VYo58CxkGzpzkkqJTK1CgTPrA6kQvpAZ8J3ER5r4vkqJTkxCgd8bZO8vEHiHaFCDe4Maxxtpht\/L\/i4oH8mePjfEMTZNnmMlLqFAPHwWZO3XwxD4ygvqTezELRSc8b2M5ozv2upK1eEfyf7sECrr1EaueD6TnBFlETEoH\/2ssYhheeVRZiyziZKO92eCRlUWoRDHa6N4FmcleZCVsXLYSnu2buYBOIKfDWcJSiNfvKGTeGkUZX1lpRKdxNJjKNOWzfYJNttgZ0rM+rkn5b3k4\/woh\/KNQYMq67PZyPnB24aZ4teZlXzyYao6sE\/lMKfq4H7JJ8ExKM1lUQ\/qa0gaRFmci7qmZPgbii9le\/QBqtq5Q+WIDeS3DX7ACEGiHq7PNTmdfC6XylE\/6qWsr6KC3NnTJahuKJlItof6kXf7FpWjbni2FctxqJg36mUXHnIgrz7UTdnqaiOu3qOzMS7xJe+7iyrXF5KXvfZqFUuoL56NRVxvb+lEkZPSidy5H4v8uhCfsqyEe1GesZWAcOwO+qVQZUG+ykASKBn10kuyr508ZQodPHhQ0nHipU9DkCdwG1oblQWrDLeJ5WFjAPnuhXnSnniIWVkcclj73GH0sjqOC9zGeLxe+tfhw+qJ6J7+\/SmpWzdyqvE2dfp0msj7bRz5IJ5Srjd+cVCxdJFx6IKlDG3g9sRz+FKrspVrv+Qtk+7V9mTtlUTuvHk8m4Sb0t59+2jQI4\/QvffdRw8PHiyHawVr1sg7BBGw+Vy2bJk8a9AZZgGFiLBcyEc7\/NbF7UM7ayOisp5NPF4euNvoRVR6R0dy8XattlMhN8\/MOKjNzMqiZs2a0f0DBsgBH4KNXbvzV+FdOHCxkuPGj6c5c+fK+3hBO1xzs6VdhtI8OXJ70e5IhCnr\/WYrWXFsGTATumZO4ZkwcmQGrFm7Vr7qby++WGIV11x3HV1y6aUSQrjq2mvlELF9hw70+yuukPc3JiZKUKy+oF1onwRd1LKH9kOPUPzKend9R7bHHjTGJG9JUdCVNYF8zvjHlpd7Pf\/LLym5Rw8JOSJAg2uL886jabGGHuME7UR7RWG0H8sg6wO9NAnefXvIPuxROWUT5zy5IzknvBPzmSLweDxkt9vlSLiMzRRRJ5jppMmT\/fHVK666irZt306VlZWS115ebvz4HmMWE1ZxcTHNz8ujovXrKT0jQ0wcY35nwJl2baDdzvTxogf0gV7QD3qGK8tjwJken7IYc2gwGo7QKZRFB2RkZoqiWtkdO3b4OwaKIq+VOwjLFMKuFcppQJ7iLVtoK5s5wnl79uyR9FgwlH3HGMuhyqo8DWrGmgn8dbSyl11+OW3mLxfIsV9+oU9yc6m0NNzxR1Q2d948Ono0tu1fTGasrn7qOkFp8JV385cY+eKLdF7LloayTZtSS152rrv+ekru2ZPGvvkm5Xz4Ia1ZFxxQPcKK4VwjsV07GjJsGJWU1L7lq9MEFUpdlx6YIhqpTfLwTz\/Rxk2bZA0eOnw4TUhPpxMnTsg7jN\/nRoygVq1b+y0AHdOEl6xbO3akbO6Q48ePmy5NsvRwe+q19IQSj1OBSenIkSO0a9cuWVamTJ1Kt6ekSAhdFFGTFX6tEOnmr60VTGAFg34q3y2s9IyZM8lqNdbnRnEqQvG7i\/KlWUCAu1jOSmIywVoLHxjXtWyiXxUV0YaNG2nDhg1UxPeFhYXyQzryYKbVv\/zVq2llfr6Ux7KFiWnZ8uW0ZOlSWs112R1O8qxYYriLXbkN3I4GdxeDwEaAHfDQjYAnYCPQGKB+\/0YAMht7IxAEjyFstWSLh9mbp3ds8Ty8xWtIarZ4PFlCUZaHrWWkU6faqJuyCtm858wI3rzzptuzteacrC4Eb97ZgthBcOfw5j3KYWIs1EtZjYRlpmbyIq7DMqx0HcIy3m\/\/KeX8yx7CMlMy6q2kpkGU1fjg+iHghvGMxsJ7QcDt4H6VwxwE5IyAGyuJOBaOiz4YRz6bVeVoGBpUWY2EUsf9VWZtaTx\/KSOUGnwCUBNKhdfG+XhcSii19LTK0bA0irIa0yD5yyOMIHnaSCpDuvJ6HGNG\/28GyUPxH39oM1XjEc\/\/N8cfofx3D7aI\/gP55nU0dczHNQAAAABJRU5ErkJggg==\" \/><strong>GHS09 Atsargiai<\/strong><\/p>\n<p><strong>H315<\/strong> Dirgina od\u0105<\/p>\n<p><strong>H317<\/strong> Gali sukelti alergin\u0119 odos reakcij\u0105.<\/p>\n<p>P102 Laikyti vaikams neprieinamoje vietoje.<\/p>\n<p>P261 Stengtis ne\u012fkv\u0117pti gar\u0173.<\/p>\n<p>P264 Po naudojimo kruop&scaron;\u010diai nuplaukite rankas<\/p>\n<p>P273 Saugoti, kad nepatekt\u0173 \u012f aplink\u0105.<\/p>\n<p>P280 M\u016bv\u0117ti apsaugines pir&scaron;tines\/naudoti aki\u0173 (veido) apsaugos priemones.<\/p>\n<p>P391 Surinkti i&scaron;tek\u0117jusi\u0105 med\u017eiag\u0105.<\/p>\n<p>P302+P352 PATEKUS ANT ODOS: Nuplauti dideliu kiekiu muilo ir vandens.<\/p>\n<p>P333+P313 Jeigu sudirginama oda arba j\u0105 i&scaron;beria: kreiptis \u012f gydytoj\u0105.<\/p>\n<p>P305+P351+P338 PATEKUS \u012e AKIS: Kelias minutes atsargiai plauti vandeniu. I&scaron;imti kontaktinius l\u0119&scaron;ius, jeigu jie yra ir jeigu lengvai galima tai padaryti. Toliau plauti akis.<\/p>\n<p>P310 Nedelsiant skambinti \u012f APSINUODIJIM\u0172 KONTROL\u0116S IR INFORMACIJOS BIUR\u0104 arba kreiptis \u012f gydytoj\u0105.<\/p>\n<p>P321 Specialus gydymas (nuplaukite kontakto vietas muilu ir vandeniu).<\/p>\n<p>P501 Turin\u012f\/talpykl\u0105 i&scaron;pilti (i&scaron;mesti) &#8211; sunaudot\u0105&nbsp; pakuot\u0117 utilizuoti&nbsp; kaip buitines atliekas.<\/p>\n","protected":false},"excerpt":{"rendered":"<p>Ro\u017eini\u0173 med\u017ei\u0173 eterinis aliejus maitina, mink&scaron;tina ir tonizuoja saus\u0105, plon\u0105 ir jautri\u0105 od\u0105, j\u0105 lygina. Padidina epidermio stangrum\u0105, elastingum\u0105 ir apsaugines funkcijas, ma\u017eina dirginim\u0105, lupim\u0105si ir tr\u016bkin\u0117jim\u0105. Padeda suma\u017einti strijas. Aliejus pasi\u017eymi \u012fvairiomis savyb\u0117mis: ramina, gaivina, antiseptikas, stimuliuoja imunitet\u0105 ir dezodoruoja. Tai taip pat afrodiziakas. Ne vaistas. Kontraindikacijos: nerekomenduojama asmenims, kurie netoleruoja eterinio aliejaus sudedam\u0173j\u0173 [&#8230;]\n","protected":false},"featured_media":100188,"template":"","meta":[],"product_cat":[1621],"product_tag":[],"class_list":{"0":"post-61044","1":"product","2":"type-product","3":"status-publish","4":"has-post-thumbnail","6":"product_brand-green-pharm-cosmetic_ua-lt","7":"product_cat-aliejai","9":"first","10":"instock","11":"taxable","12":"shipping-taxable","13":"product-type-simple"},"_links":{"self":[{"href":"https:\/\/e.kosmolat.eu\/lt\/wp-json\/wp\/v2\/product\/61044","targetHints":{"allow":["GET"]}}],"collection":[{"href":"https:\/\/e.kosmolat.eu\/lt\/wp-json\/wp\/v2\/product"}],"about":[{"href":"https:\/\/e.kosmolat.eu\/lt\/wp-json\/wp\/v2\/types\/product"}],"wp:featuredmedia":[{"embeddable":true,"href":"https:\/\/e.kosmolat.eu\/lt\/wp-json\/wp\/v2\/media\/100188"}],"wp:attachment":[{"href":"https:\/\/e.kosmolat.eu\/lt\/wp-json\/wp\/v2\/media?parent=61044"}],"wp:term":[{"taxonomy":"product_cat","embeddable":true,"href":"https:\/\/e.kosmolat.eu\/lt\/wp-json\/wp\/v2\/product_cat?post=61044"},{"taxonomy":"product_tag","embeddable":true,"href":"https:\/\/e.kosmolat.eu\/lt\/wp-json\/wp\/v2\/product_tag?post=61044"}],"curies":[{"name":"wp","href":"https:\/\/api.w.org\/{rel}","templated":true}]}}