{"id":60994,"date":"2025-01-10T05:12:34","date_gmt":"2025-01-10T05:12:34","guid":{"rendered":"https:\/\/e.kosmolat.eu\/product\/the-lab-beauty-krustnaglinu-eteriska-ella-10-ml\/"},"modified":"2026-04-21T10:16:17","modified_gmt":"2026-04-21T10:16:17","slug":"the-lab-beauty-krustnaglinu-eteriska-ella-10-ml","status":"publish","type":"product","link":"https:\/\/e.kosmolat.eu\/lt\/produktas\/the-lab-beauty-krustnaglinu-eteriska-ella-10-ml\/","title":{"rendered":"THE LAB BEAUTY Gvazdik\u0173 eterinis aliejus, 10 ml"},"content":{"rendered":"<p>Gvazdik\u0117li\u0173 eterinis aliejus tonizuoja, skatina protin\u0119 veikl\u0105, gerina imunitet\u0105. Atkuria od\u0105, normalizuoja hidrolipidin\u012f barjer\u0105 ir didina elastingum\u0105. Nat\u016bralus repelentas. Afrodiziakas.<\/p>\n<p><strong>Ne vaistas.<\/strong><\/p>\n<p><strong>Kontraindikacijos:<\/strong> nerekomenduojama asmenims, kurie netoleruoja eterinio aliejaus sudedam\u0173j\u0173 dali\u0173. Nevartoti esant n\u0117&scaron;tumui<\/p>\n<p>Nenaudoti esant didesniam nerviniam jautrumui, auk&scaron;tam spaudimui. Didesn\u0117s doz\u0117s gali stipriai sudirginti od\u0105 ir erzinti.<\/p>\n<p><strong>Naudojimo ir dozavimo instrukcijos:<\/strong><\/p>\n<p>1. Garinimas aromatin\u0117je lempoje: 1-3 la&scaron;ai 15 m&sup2;;<\/p>\n<p>2. Voniose ir saunose: 2-3 la&scaron;ai 500 ml vandens;<\/p>\n<p>3. Kompresas 2-3 la&scaron;ai 10 ml augalinio bazinio aliejaus;<\/p>\n<p>4. Masa\u017eas: 2-3 la&scaron;ai 10 ml augalinio bazinio aliejaus;<\/p>\n<p>5. Apri&scaron;imas:3-5 la&scaron;ai 5 ml bazinio aliejaus;<\/p>\n<p><strong>Atsargumo priemon\u0117s:<\/strong> Tik i&scaron;oriniam naudojimui!<\/p>\n<p>&nbsp;<\/p>\n<p><strong>S\u0105veika su kitais aliejais:<\/strong> Gvazdik\u0173 aliejus puikiai tinka su, levand\u0173, rozmarin&scaron;, pu&scaron;\u0173 ir apelsin\u0173 aliejais.<\/p>\n<p><strong>Laikymo s\u0105lygos:<\/strong> laikyti sandariai u\u017edarytoje pakuot\u0117je ne auk&scaron;tesn\u0117je kaip +25 &deg;C temperat\u016broje, saugoti nuo tiesiogini\u0173 saul\u0117s spinduli\u0173.<\/p>\n<p><strong>Geriausias:<\/strong> 36 m\u0117nesiai nuo pagaminimo datos.<\/p>\n<p>&nbsp;<\/p>\n<p><img decoding=\"async\" alt=\"\" src=\"data:image\/png;base64,iVBORw0KGgoAAAANSUhEUgAAADsAAAA7CAYAAAGyIsIlAAAAAXNSR0IArs4c6QAAAARnQU1BAACxjwv8YQUAAAAJcEhZcwAAFxEAABcRAcom8z8AABCESURBVFhH1VkHdFZFFv4TkhCQXlSKKAIhwaCISzUUCygrsvQqCsIRG4iLAjGAKJ4DRJEeSkAUxdXdCBhQwEITRQikUKQEKQEVRAQhIY3k7vfdNy\/\/n+RPJcmy3zmTP++9mbl17ty54ygSMhyOTFmxQsxjduCttGrVih9Fli\/P3okfiTNnzoi3t7f+L0uXOjtJeLiEhobK6NGjZcyYMdYswDWHo7\/VA5Bly6R+\/fr68Zfff5d0h6Ov9cUFsnixpGdk8GNv8yo3Mt2NLBAg7C3JyWQqzryygA8+kpiojG3dtk2gqL36AXQqyNWrKoqHh4f+EphhvwN\/ovjAUYsWLZKuXbvK3r17RQID+c7BDnGHDh2S2rVrS7169UQCAqwPNkjnux9+EGnePPsHG+gQa\/7NHxjujUZm9phXBQM9dVAqdNLg9tulZ58+IitXWtLlBQwop5SuXFFV9O\/fH4987ZCEhAR9R0OD9WgdYAMvMuxBNsaNGye1atWSGjVqyBdffGHeGrz\/Pjlxyo+HPRIWJlHQMR6lZs2a8jvc6MiRI1KuHJlyyCFycM89kqeD6CTw3O3ffSc33XSTDroCd6NtMMjprPkBk+wje9KsmXsnLggJ8Cvzb9EAJc4Dz2S1qXlVOGDgXHnqKUuzFStygibmU\/7AwNkyfLhMnTFDqlWrJj9D4+LrKykOR4Dp4h7oEMaByWlpqmU2L5hJAc3jhb92zAlQXCBPPqn90tPTswZXrVpV3ykwAUTw0wE2lNWhQ00PCy1atJC6devKwoULzRsDawJLBAxcKs88Y75Y2L9\/v8r7ySefyJAhQyQlJcV8MahShRM0p5z+1KgNzCe33XabTJo0SXbt2iVvv\/22umelSpWsDgcOcHFcVMoEFWFP0KhRI51g9uzZiFTJ0q1bN30ORISQY8fobVd0kCvoDFKhgk7Qtl07HTBt2jSlGhISIhIfz5X0p9XbDTBBI3uCW2+9VYKCgmTEyJEiBw+S1dwUc4KalPLldYLIyEiRfftI8bL5XDAwQWOdIDaWFC+Y14VHMiYoFKtFBTgrj4mXQ5wYimlely5AcA7MKDJqlMj8+ULjgIFY+Foz06XkwGAEgguU4LBhkpmUJIfhMrujouRyaqrIhx9qyDAMlIgGPEBwIdo1jUkg+O\/Vq7OCuN36Dhwo6XQp5CxGA\/toZ05QJByFDbFyLJWSoNmGruC3evXq2Yjabd68edpHgQ3DaCAOPlCwCTBDOUg3Fy2TKpXLl81MTkREROQiyoWXhniZC2TA0gCdMHfkxmgvENO9AeHKLUFXDANTjG4TJkwQPz8\/JD+J5kseeO89jfqgEZ3FAIj5UiVIjUQWLDA9naB6mRg9\/fTTMmDAAGnYsKF4eXnJHXfcgQxhGQSqAK1WlMaNG8sbb7whL7\/8smzevFkyuB+7AkFB7ryTxBNBvJcSJ+CNfuRIYxdVZECC+JzVyiOyMDOlarmjMEt75JFHlBnXfv\/6+GNrAsR+qEXDNPymJ765B70RGojW0EUVATt\/\/FFVykC6GMnslClT5PHHH5fV8HDal4w8+OCDcsstt0ibtm3l6OnTIocPazIBLi5hvgFm+oIBDTRVE3D\/ADGCqQ1TTnxWRgYPHqzJK5+7g5HztPXRo0oQYy9DwmIk0wawBxmIVQaMCTZs2IC5m0mbNm30MKD+\/PPPShAqvXBdBHMCGmgCBqKUgSVLlAEFbWgRTMT3QaZ7yQMM+IPAXmzwIsiiaUNImPfhpaQBEwSAYA\/zWHaApF7m37JBmsPRCZKehMRTQNzTvC49gFBbONBJEONSyUCbaD6VDiBhOxA8gfOiCKNRly4knI42qVQkhoT3g+BxhCORr76yls6ff4o88ACXzjUQnlCihEGwDSY+pQS3bJHzf\/2lafIRZLd61EZopLrRbzx+r9\/BkhyOvylBxGPZvl1i4+OlPeJwFSTw3JGWML25cCFL1TDBFDO0eMAE92OiEzjVinzzjSCDkntbtoQwzp2mcuXK8iWkd1F1GsYVz7nopVgWCXLzzSJff60mDA8Pz5VPsfXs2VNSsQXi5GwTplfTxuXwvXCgl2LQMVXppk1KkAgODs5FkO3uu++WX3\/91ep05owSBtNCVaODB\/rkD3QKAqcnsa+JbNxoTWTwFbyWWYTVzdleeuml7JnEL7+IPPSQejU6TETLmzAlREdrWXz5pZnBCU7c3KraZDVmEx\/SmXLi3DnBzq+EjVfnXk740BIqtST89lszMjd4MER3zS58fHwkMDDQqdqcOH9epHNnXU6YOwS\/ThvTacDRKXUaNxK6ghUWZhDP4IzctGlT5Hq5k71scKqakStYCcJDOytBhjZkeXnhKoLAxwh9HTt2VEknT54sffr0EX9\/f5k1axYSCWQSeYGqfvRRXU4Q8FVWakaSC9aE1OVzgJkg007mwx06dNCgQKI8vD\/22GOqYtYdhg4dqt49Y8YM+eOPP8xoAzrZK6+omkFrBb2hHAi\/iodrdHUYyPQUOXnypDRp0kSJsD0Kbl9\/\/XWVMjo6WrPFuXPnyosvvqh5st3v2WefdZ4MSBBjmHeDxuc4ZtdGH+3pYTzMiqOG8I9ISZnt25OxMfR9\/\/33+v0c1MZEnSmpa5+O0MilS5e0DzgURBQS\/OySw1ED351Ab0o8ER\/TpFMnXeTXMIb1PTv1pCo7wxtZWLmM4wnLGyRqp6ps3lhCb82cKdeuYXRoqIinp0oIoSqTjluQMFqauvpvvymzTLJZ3huIIySdiQn4fBykn3\/+eenRo4eqkykqic945x0dgzOIbcN1+K1ups8bIBoCzjScUeJUcD19+nS1G48c6CLPPfectDM1GVY56WRbtm61CL75pk1wDeapqZMWBAzwAuHxShhRhYucAX348OFKhGpmTZaHKj7Te1fZ5xoShIqpUnyspBMWBSA8Tm2MtSlnz+rpfMSIEUqodevWSoyRaRN3IXopnQbfMCYSv1WtWYoB2pgT2cspCUthGE7yDArt27eXHayi2xJaBD\/Db8E2zA+YwBOEX0PLsCW+CM9dtWqVxDNdIbgOvb1tlRZfQleQMHagV0A43dWrFQgQZuGvR79qZkjJAYRDlDACuB4TnSpdjYV\/fSrNCyDgQRtjk8jkUd946dpSkdAVIGDH6ky06\/PSogCEvLGGB1wsbQlLAmC2IpjtAN8YA22NxP+84yr9A1hZgq4AwXgcCoMfnsEzfZBHoFi0CfjGfbvgbPVGBgSg27WCYPPQTnBL1zQeBxRNkhDB8Z5ngji0iejblIoxw\/8\/AKYrwFUp5FwIocd3zXOxR8q2bYJMSoO5FpYfflhru+yDvvvRJqc4HM1ueEuDQU80notYSbeErFVLS\/h6CmTpPid4zsXupUL7+lJgdW8oLBgt+3XaDQIPWLI9BFxAIdEy9UzG27odOyQzMVGOJiTI+xDqn8jBByDzGTR4sNa11+HsfT4pSZCwW5ZmRoycEALzVBKNeSdBaFq6bMtYOQEGfMEMD5yz0OLVkjwH8qoCQkhmphzDkWrKW2+Jf0AAPnNI9uaLfLMDMu\/wjz6S3yj0xYt6g64Jk9O996EFs2iM57KN3tB0+auwJCIrLZlAhqROHdELW9YQwDSPDDEHD8oLL7yglwMYlm\/jNevUqVPlrH0i45pevlzPnhQaNCn0XiiX+XLpuze48gSh1hDwXRA+QQY08NCSFNLlmoVXLjz55Tx05ddaIEKHhYUhH3RJCHnIY+Wd5y7riiYVtGPQXmNtGgNLNpBhQh\/jrvMpJJ5FatYUvbNn4DG3a67goZ6lC+br9oEwv8Y+PH9vgtLc3k1RARSa7l2pEoXOBC8HKTSUfv3ufcJakyyR0F1PYULRwMPLNVrSjZCuYE2GxYKbYX1Ml2ejoLz0fweH0JSUFDM6D9DStntb0TsDvO3FRDwc+WO+osO4q5UMgCEVknf\/DDwF3CK6gjXcvn37ZlVQ2FiA9MQR3n72BdNPYSnsQOTWI35hwFoSr9ZoaQQ58JmOxntYO3rn797o4IWOTOso5HG0zKzoylpiAZZ0BzLP4gnrUrQgT\/usV7Gaw5JCLezDLDHE8uayOGCRNDzcsrTl3rpPQxY7I8vu3nhRFR86UEhdkz4+ooU2CsnqXhEsaSMVCQRrXYcPH8b2uQIGeECFpYCsjy3F+uuEoMNy1vjx49WqDEws7hTauq5g8W7ZMis5qV7drjZFQx5Gb+57FSmoD16MRrO2EDAk991nZTWu1d4CcBZbRUxMjFqRQWbOnDlqzbp162Jay13ZaEkK98EHH0jv3r2zaurcnlgK7dWrlyqCtbuD2Lpo8ePHj+s1c6GA5EWP9A0b6h7NBqHXQr6B5KBcKo5aCERT8IIhPYMJunTtamU01FgeYDChcKyEsdJVB3sthWnQoIEWoVjxZD23e\/fu+p3veS29ZMkSiYiIkEGDBmm05iUuy3ZdQbNLly76f4sWLaR+\/fo6J+tM\/fr1k08\/\/RTZJdLLvADlyLRpgsG6N0PIy2jrIFP\/RIejDpRqAUKziNkIH3gqj0ZL1wt+VmAY\/dwIzeAzEkGLFTZrCmejyzLw8BKC1biVK1dKVFSURmhWVOmy69evl8jISNmyZYt6AsuF9bB83N2gsFEZa9esQehwiR20+L59ljWhUHS0hVxDISFT9qJpTqCDHzqy3BSHQWkqNKs\/DAQMCAanTp2Sd7GXUiAMy7Mx8g7BdrVz505kkJlmtAWWoafBGq4lZneNc9DFN2I3SLLXdHy8VRQyQoLfSxQS\/P8DrQrGFQ4Y7Gluz19Fi+ZkmqvS0osXZ1k6EclD1J49Wqinm1pDre3kPqz9sWPHykfIe2lB\/vISZvfu3XpTsBERnhlTaGiohISE6Bqm0DnTy5b33ivTZ86UOAiXSEsi6KmQd92l9T3wdwVCsuTWD0IWrlbrDpiAKWJjIzQrC5kqNNM3ZjQml00GE7sgBC8EgoKCwMdd6pZctw9hW+D6oxD85Rpn4Zn9WP+thC0jAAcFrlWu2b9366bZ1DCcf5fAm+JZnmewPHJEkEALIpkdbSkkC5n90EquEGaEDoCwdO+YLPem0IsWZXPv2Lg4GT1mjK4\/a6jVeL3GYMM1TEuy7OsNy7j2YfJBC6\/bsEFr04qffrJK+4GBtrv+BfqfgZ8epV58A5EmIDgBbQ9auu7L9po+fVr5S0YQ2rp9u4xCwmALzaDFrYiWfhj7oeshgVF3yBNPyOp16+Qcj3kEoytL0c41SSEjQb8PWv6BpyQB4h5Y001AlO4dg19rTTN94+Zu3PsqtqdvN2\/GmeFJ3ZZ4WXMPTje8RaAVKeSoUaNkO7Ywrn8F1ySFRMJBd8X8jK6f40jZF3T\/d2VUEKd709IsnR9Q90ZKCB+1hOYtP3AFQn+NSDoWgUzXI9YyrzSjkTRobLXXJAKRFuMwNebimozA\/z3RyqY4XVhAaG5ZdO8oMJmq7o3kQt2bpxUgGUIxjcy6SCQOHLDuhpz7JN11PebrW2p3DCUBMEv39kNGptGbzLOmpGua0dv1jpmBh8mAn58dXVVIjBuAcbXMlDc+wKy9TwdTaLQMTdCZhuIgIOPGWe5qCck1GYE1SXct+hXjjQSzpmnpPRAqTa2Nhmdaci2+98HzjeuuxQEsHQDBmHv\/B20Foyuey2gLcTj+C+4S68A6gGbXAAAAAElFTkSuQmCC\" \/><strong>GHS08 Pavojinga<\/strong><\/p>\n<p><strong>H<\/strong><strong>304<\/strong> Prarijus ir patekus \u012f kv\u0117pavimo takus, gali sukelti mirt\u012f.<\/p>\n<p><img decoding=\"async\" alt=\"\" src=\"data:image\/png;base64,iVBORw0KGgoAAAANSUhEUgAAAD4AAABACAYAAAE17vRjAAAAAXNSR0IArs4c6QAAAARnQU1BAACxjwv8YQUAAAAJcEhZcwAAFxEAABcRAcom8z8AABNPSURBVGhDzVsJeFRVsm71AbImZCP7AtkDYd8GUJBFIoiggiv6yaAQnuKCgwziDIyA23vD4owKCjozMghPEJ7IE2QRQXCegKzdfbuTztbpTqez7+l0p15V3Xt776Qbgt\/7+Zp77znnnjpVp6pO1Tk3CnCDVbrKcGmgGZMBZRtWg7W9XSpxaqAZmcrXjz\/5BEpfXgI2m9iIGwhDEvmB0K1XT74WPPkA2LAnha2hngtknD5zhq\/tWKlK7C\/2YKup5kLCHT178FVIi+SrfQytujzpDiuzE6Q7Ny4aL57FwaZITyJcGljMZdKdAy4NCKqUUOlOhEuD9Rs3IP820I7NkEqkBtY6kYuI2Bi+Eot5M8bzvUIzLotvCOFRImuEmv3\/5KuCBKodJY48eEA4X5uKdCDPBpOgLtWDRd4t+kK+yrAPkhq5y4DgwaYztOMyQTUoTHryDq8daEelQrulVXoCMK5bCcLwZPu4neEYIv5UwwaiHB06GZ0YD\/2jIqQngJLFj0H+lFHSkwiWkiojBtoMJWKJE7r16QnTZs6QniTgC7oHpkDBQ2I5j8BWXwfqEZ4C8oaG8+dAnewYlYsMLOUmUGfF23k996+f7KZhqS7HqYrzkINXITbrBBDSo\/jeVl8L6qEJXgVI8NqBjNpv9oFNuvcFnx1YcTbqzxyTnrzD+8s41vxpY3neLSVF\/g\/d1m6DvHvGQkHOBH5WZydCGwrVGzxeLnriAdDQNKK+y9CMSuPpdYf9ZaJYkvsUurs0NpSamhpY9OyzUi12MCIZrDWV0pMI+8tlq5aDkBnLno3wwEMPQlRiHJw4eZKfSfLCaNR9axs\/ExRExfSf60FIHuAimE927oAY1Hmr1dUva0YlI0viJCrMO\/4CqrQojzk1GowwIC5aenKACGhGi85aoZ08AoqfWcB8uiMo3NXFEagVaV6LPh8dNw5BGJmM7t4hHF+gF5UDw6Hhf0XnzgJjNzQ8Bco2vm6foQMHD7Kdy7DhP2V8ENQdPWSXjV3aVmRajbZeufVdqQRg49tv8ZWHmhEN1Z9\/ws8yXJSERiCg8Kr+vt0uA5o6FS4t5Zvf8pCLy8sEkUoU1KBVUVsNuizThj+IlW7weFmGMiEE8u4eAYY3VuC0ulKU4fNlal60YJb44AM+X\/YFeRTCxCHoddCZVpSLCuYmD3\/gN3GiSd3nTx2LxpcOhQ\/nQOVn29BHJoI6KRRayW8EOIBOicuc6nImgoCuIW9iNpZZ2QvIMK1dyauBgM7a6sV1+ILvOZOYKH7mYVwd00A9Oq1T0RpWv4gDTAE1api1toal1RE8iMuiK12xFN3wQFZV4tFZpFOnT2Pri0lMgL6h\/eHYyeNcL7szfe5CNPlBKKVh6ERr7BbpDjtxWYjGN1eh4xgIytRIsDW6Bnwy3li3FqIS4tjl9Q4JgsJC1\/BFRuGiBRxT5E0fh1OFftRNcgq5wPyX93DOYjFYGwCWMr0Lp+44ceIEezziPihM9Hze2suSKECTo6nT3X8PP8ttFeWbNoIqMwZUyGmbycCF\/kChUEBYdCSsW\/+mVNI5dPfdBZoJQ0B3zxh+VlDUaWtqBM24DFwlUkC\/9Emu6Ihzwsu\/W8EDKDN5xr52YB\/US\/2PJ0FAx6pO6A+N1y7adUCcc3yiZm211bzWk7IY16N750rvmL9gPvTo28e+RrqDTLFJeRmuxwWDOnUA1P5wVKxw6tRD2ylJITMRhiaxtpdtXCPVOHDp8mW4rWd3CImMgNQsR6wuo9VsBFVyGIeTNV\/u8slEh3ZuwaREhaMmnaj4cFOHkiBO24yloMQwm6ylcscHUo1v+CQugyTRgmkCDYLCzeovP5dqHLAY9JikJWB9PJS\/\/UfJL4h1HaFT4jKorxbhGs+fgL+6o4dZUdWjBnGEZlq\/xu4r\/IXfxBk4AnKZ9ee+B2ViMCpmKpT+7nmpzg9W3RAY8S5GwMTZh+O1cs8ODD1pdQucYxkBESfCRKru1FFWwOKnH+TyGx2A\/8TthI9x1kpbEDTn+lzJI\/L\/gcFv4iTq+nOnMOINxdQQo97vDmHUn4ouOQP0K3LFRgGiU+LEL3HVqEYzGxgB6sxoqDt0gMvopx6WwGtC6UtLqHlA6JC4SBbtW30dhKxYUKMjqd3\/hVSK0sBFqb2lBePkWHbFRgxAGH7qQCfEkbDqGvroaBCyk6Dqq91ihRNoANbqKvbl1Mb0lvcA3Rt8Erci5ZZrl0CJnWqyE6Bq7y6pxhNkBW2VFaDCJVMYEg+m99+1S6cjeCVOnZGoKUcRyF\/vFBcJeY3fd+AryH3h32Htn9ZBUVER1TCxtmozJ4oalJR522ZuK8rPO7wSby3UoQjjeYvJ\/P57UqmIi7\/8wkEExW9R8XGQlIppqgRyvW3lBlCnR+IvGir\/vk2q8Q4X4jx6QymKOZ7Xc9Pmtz3Gfe3qVejWpxcHkJEJsZA22LGbRiCTbC7QogRwFUyLhtoDnqugDDtxWjrbyjAIGJqIq1QqlG8Rc0t3kIIpbldw8DggLgYWL\/HMiGnAzdrroMRMRp0eC\/VHD4oVbmDiHL1UVSC3SHgYZsjviBrra7bu7NsbohPiISwmCj797FOp1BONl3\/GAYTwMlx3zJFRy+CtCGtdFWgwrydT0b++nCt8ESaMHj+W5zskKgLOnD1rV0RnyCX1P50GAT2iKiUSGnApZkjtFTZ0EuQmaY71K6W1uRPkPr+M57x\/ZDioVSqp1DuITN3pE8h9BFwfGAaNv5yzD0xBG0uaCdmgX\/5bqahz7NixAyLjY6EfJg7VNTVSaceglVDIigNlXBA0YChNUNQc+RpTI\/TZ6CJbhKuorZ4idAaJ+NDhbyA8Nhp69esjlfoG5wVtFkytR4EwNgNKli2E9lZxS5YVrvLTD3kfQ50Sha7S1CF5Im4ymdjWH3n8UanUE7wgSXOrnT6Gc\/qiJ+fys1zOxOnWvG0LqDA6VQ3EXK22shP+HfCmbAypOH\/2JMzT0kH3oLi969zabudUaNryNqgwSKC0xlJp9toxlV28eBF69w+GCXffBa2SCJ0h7+4WPjILlTkDdDkTRKJu3TmISzsNpo2vo+ZjihwfhFOAEvASDyelpUI0m9oAOPm9ZD4S5B2LwifmgICiLsiZyM\/eQi07cYLMqeG15aBB01Ohj7Y1N3GZM2bNncOpUs\/gvnDhwgWp1IHCR2fxzqJ22mik6jvIdCHujNKXc0HAxF47wrFwEGiALegbNm3eBMe\/d00SiUTJ0oUgjBgE2vFZYGvBgfsgTPBKXG5uePE5UJMDGpaE4vdthLLE9C8uwogmBblOA\/djLG\/wybksqpJlT4sSGJ8JVpwCdyWkQREMq54H7fBUUI9MgXZMo\/wJp30SJ8gdFD\/9MKhR\/PmTh0N7c7NDAlK98Y+v4oKEawPqCR3NSOPpFB0SZ2D\/1FfRo7MxTk+B\/JzfQHubuElO5aa1r2EEi7n84ETULauHZDpC58QRcneF82eCdmQGFMyaxM+mt97AiDaJvSMFkYHCL+IEWZK6OZN5J7JgzhRWLlV8MIZOZThA\/zmW4Tdxguy5dPdPBu2EoZgmB0FrWYlfyuUNAREniHPajllKKrSWFNwAvw4ETLwr8asQJ30gnaFf3eF9qDPJqLw50GosvinJ3QxuHePIES1wsirWH\/8W8nCduY6xpPY3Q\/jzA1VyBJQsWQit0rE3tb1B1Q0YXc44zyyOXt7mrz35HeTNnIDxUai4+Y2hRQEaat6UkewvSQACRvaGFxbzbh+B7MnXeVJXocsYF92bY7CNF\/\/FPph2jegolo7pdDmToPrgXq6npbD8nbW4VmPIRFuXI9O5Temry8BSJGkA\/3drBNBljNNM0xCblZfZ56szYzAIScEFJxryp4+HmkP7uJ2dDdIKvmAYTjHjMAxasxN4a0UYmgDG118Ga2UFf8tzK1i\/KcZJpeXDbNrEKJw3A4TMOHZemsFJkD8xG2oP7nH5XsQXbHW1UL4BV+fMaA7\/1JivalgAr9hP+CmGu5GF0xsCZpw9NNofzRah+dIFjG9mgZJmGG2YvlHKQ7ut2bcbbBLDbLN85x1cjz9Cm9kExg1r2CeQ\/WswTKEDef5Iq0YMVUjgcvsbhd+MExlxgOJzi\/IK6J97HFRpEZiSoA2nx\/IMVe75h9iWfj4GV48zaDabpScHKF2S37GYDHwuqkoIRvWnHYtE0KLpVHz0Z\/tBrShO7zQ6g\/+MSwNqRc9b8sIzoEyPQpXEGU6LwTg9GSr\/9pHPIdTX18P2j7dDVGwMp9S0kaS443a+7967F6xeswbKzeXcVqYj99VaU4FZ03N8wqkZNghNKZ73eCs+3mo\/Zu1Yn7yjQ8ZpEPZvmEpLoDh3IajQhumLMtpFIbU2b9\/C9R3h1Knv4a4pk+HOoD68cxadEMebWLyRFR3Jx7AHv\/5vqbV3WKrKkf6TvErQMqjKiAPtuCyo+uyv0N4q5i++NMwbPBnHd3kdlh5J5YxvrGCPS4kQHV7R+UL51nd4k5tABDuiWWGugCXLckHR\/d+Ycdq\/omtkXAxvJU2beS9vpvoCT4B031pcAEWLHsFgPYSzfhVqHsUEtf9zAAcuulraTexMBC6Ms9TEW2irLAfTO3\/gjx\/o2wNiWDkoBEybNvCHaNQukAxh8\/tbUb1v430zmumYpAQIj42CHv16w9o31\/HnVoSOZo0FgNXUoll5CYqemgfXaW99TAao0yIxex0FDScOY33n47IzLndorasB8\/vv8vcRlG2q0X5pho2rXwJLdQW37bxbT+zZuxeicJZDoyJFNad7VPPufXrBkSPSkbafIPryGBrOn4WCh2aCKikMtOhkyRfkz5wI9WdPurRzh4LUgmBFR2He9md0WAP5GEWNgQQdLhhezQVLhdMHAQHMsjOuXLkCcx+aB72C+\/E+caS0XZucngY\/nz\/PbUST8a9\/aubctOHnM6CbOw2UaegER6fx51QFc6dC4\/kfuZ7aOmuowmIogYrPd4r2Qo5jXCYuSwPBsGIZtBqKuRFpQyBq7Q20PUifo5GdR6G6R6CaBw8Ig8VLnwO9Xi+1Chyk1pwMSc8NJ76Fggdn8AqgQV6uxwVB0SP3QdMvP7E2y1BUbt8K+ZOGYWgZg0xn8XGQftlTmDDkS026Dnv+ay\/c3u0OtnPaNewT2h\/+sfuf0Ob2MeONgpinD7Xqjh4A3X0T+USKJxQzwuIFOdAkzT5BwfGytQ0qdu\/kTX46gqJISckp4+O4jDklDDcIWX1P\/fADZGYPgb5hIdATVb5XUF82gZsBmwdfkeHj30D+PaNBnYo8jEJ1x+iv+Jn50CxcFRs7wf4pFIG8deXOD0A7cQioBmMIOnwQn8OULl+Ey5qeCciJxY2ioLAQdn\/xBezatQsEQYC2trYb6E\/0BfJbdT8ex9R3EqiTI0Eg+06JgOIn5kDTxZ+kFvSGK+xendJEeWecTtTMW9\/jHVY6axCG4zUlHMowhLTVyvGy\/wJwbqfN08JH27bBBx99CGd+dKieXyBmaYxSd02XfkZ7vhdnNgyjOZFh3bypUH\/6ODXmNr7G6CWAwYyLCOAt7V+W\/8cGzpYEshcUxPXkAWBYuxJTRqdY23vfLjCWGeG3zy7mMJWOI4LRxm\/r0Q2mzpgOGq1WauULNB5xTPRr1FyF\/Mdmw\/WkEGQYbTgtGgrunwT1R8ToT27XETwZ9wJrbTUY\/\/R7Vn063qRDXVoBjBvXoKf0L5jZf+AriBuUBP0iwviomwKYUBTAHXd29ziTcQVFbaImNueroeixObxW02YzMZyXMwHqDu\/n+kDQKePO7FhrqsGw6kWO0WnJowMnMgX6BJs281nSkrm4w2KxYDz+NcQNTITuPbpDN2Q4LCYSDn\/7rdeTMHJWMsOtZXooeWIuCKlRYp6QHgN5U0dD9ZeYCbaKYXOg8GvGCZyDS7NqKSlGh\/csf5ZDCQPF8SpMGU3vrud6AtuWk9Scba2puYkzNg\/QK9hOZpj+RqF40XxxNwfpCEMwQRqbzh80t0tHRdTeiYzf8JtxGbQJKEd7lgId6JcvRlvrD1pUf3U2xvVjUnFgmKJKf5XAA3Ni2hvEWtmKkWGjHgwrl4EanRVt4CvRvEi45m2UijZwq8767AwBM+4MmbRFXwz6pZiyoufXjEwDIQtzZgwcqnZ\/hhlcM7fpaKC8AYFXS1kpGNe8ggyHg5pyfdp9wdC5AjNBm3Ry1VW4Ocbl2ZR4spQZoHDevXzOS6edqoxYyL8bU8b9e9gWqZksALrIpkObisbfv8QnYbTrSvtt9IFK+bpVXE9gfZDadwVuinEZNBxiQnZrzUVaXF6m4LqKPmA0LTeRoJuNGdORg3YnSCC1Nb35GmgwA6SNDbJjihgNq18BW5N4QH6zOYIvdAnjzqCBypF305ULUDgHBZAUygJQDwqHwkdnQyMGGJXbt6Cjwjx6cDx\/4K5KDIGyta9h8CT+yRN9SnIr0eWM24ETJc9Vw7mToJt1FwuA\/q5RnYXRIGVP6AeUCaFQ+upSx9+B3qIZdsetYxxh9wES6k9\/B\/n3jgd1Yhh\/DleSuxBaK8U\/q6NWXWnDneGWMm4HMiTbKv01UxUGHg2nj0F7m+VXZ1jGr8P4\/zsA\/B+KadZisAxKzwAAAABJRU5ErkJggg==\" \/><strong>GHS07<\/strong>&nbsp;<img decoding=\"async\" alt=\"\" src=\"data:image\/png;base64,iVBORw0KGgoAAAANSUhEUgAAADsAAAA9CAYAAAFkeyE4AAAAAXNSR0IArs4c6QAAAARnQU1BAACxjwv8YQUAAAAJcEhZcwAAFxEAABcRAcom8z8AAA1bSURBVFhH3ZkJdFRFFoYDqBxcBtAzOjpHx3WOIgFFWYKgCaAYQFEHBUVHEXAFBceoOKIj4kISwr4kKmhwCAoMeyRADIuExUHZEXQQRMAMJL2kl6Q76Tv3v6+q08vrTncW5sx853S\/9+pV1a1b71bVrVsJVAtBGco6t6WqH75XTwb+DJYubcnpdMq9Z91quQLJYLntJnlo07YtnT59Wu5dOTPkGiQiISGBirdsoYWLFsmzfcjA4AzNW7SgC1q1oqZnn03WfimS5s\/gq3CrOxZ5+y3qLkRE9ckTZElqp54MgjJ49+1WdwY11duscrV0bS9XYLysrqJDhw\/LLbD0SpKrv+Tdqam0Mj9fPRHZHuxLCZZuN6vHYJzp442Slq7tKLVPH2rZujWde8EFVLEoTzL4q0WfA++Ob+QK\/C+B5fYO6s4g6GUg0indO3DHJKqUcMIK+9xufxM03h3bg7peE9wsVgy8PW4cHT9+nJ4cOlSeNVBUf1wghc26K6FJE6qqqpJ7bVcadGOQ+WgjBKc4c9fu3WnxkiXkcDjorHPOIavV+LwwTHwgEKwzf2YLjwEzYPL6s2vCOgzAiDCQAAZToDEFYlpYE2qioTROYRgHjATGEgnTwtCx6pAxcUB3PZBCCSsMSwo0boBWwPJCCSqMT+EpLCB3RQVVV1erVANLF7Zx\/pSB+AvD7GB+TpeLMrOy6JPcXPWmBm2+GikMi9FTGizqq\/Xr6cZ27eihQYMkLZBAS0yAjcJWQ2nevLm6I1pdUKDuDPRYiFj4jzfcINdK1v\/AgQNyr\/EXxl9gs8Fjjz9O2Tk5VMAS0159lZo0a6behDRbXf0dlrdgAbXv0IFaXXihTFbnt2xJzc89l\/Z+DxuPMt3Kpypaq56CkXk60qfSWO64VaadQDAtBa4GmrDCIMw87Ta5D8W0MEAz0avVJ+IcGJp6jedIVB\/9SdTBD\/d1IS7B1f8uMbqCO7\/656Pyw3yJNLyLh5gE+8rt0u8Q4t0b3oVIkwZwHuSNhaiCfV4vWVI6iYbezRtUamQ8X2+Q6QZlfB6PSjUnomDrXd1kBFWuXKpSiLrx2nXy5EnKyMwkn88XNkFoUAYTprV3d5USTphgW\/87ZUy4581RKQaO8nIZ1u+9\/z4tX7GCSn79VdL\/Pn++XM1AHagLdYbiF2wbfL9MLq5pE1VKDaWlpfTtzp0iGE5fM16pW110EZ2IMtYCQZ2oGzI0CY6\/jZG1xTbwHpUUDlxQTGr\/YBcBfsYll11GS5cvpy8WLqTFixfT62+8QSUlJTQrO1tmzEhABmRBZkwaa7BuwR+G8AkZGeJdf8c9ofnk00\/VXTCmGqurn0jfWGOz2WjAwIH0O9Z6c3GxTOXoenyCP1x9Nb02ZozKGeM3DgUWGWrVseJZtVwmFWvvbiolnIiCgYzjZGMce2IYx5WbimQYWZI7StloRBWs8c9cmEj27FKpNTT4zBVK2Fx9DHP1jfJJGmWuDuWMr06BOF5\/Sd3FT52Elo8YLq4zrnUhbqGOl0eKQLhnMCJH2kj1JnbiEuoY+woLvJk1NPZy5SOHseCbJD0eYhbqGP+maGYf\/qhKMbA\/9ZihMb+PlZiEOjPfFY3sjz+kUoKx\/\/lBeY98sVCrUNf0LGMif7i\/SjHHNqi\/CHbNyFIpkYkq1D03x5hXB6SqlOjY\/pRqLCJzZqsUcyIKdS\/IlRnHdm8veZ7P663ehvvk3xzrPT2loSgfCVOhFUsXikNm7ZusUojWFRZS71RDY7gyGRMjr8nW1GSZMlGPGWFCK1evMLr0zq6skqETPAdEK27p1EmesU08duyY3JvC5VAe9aC+UIKEetavEw0tPboQqdCI5uW0NPEmQEovo8st3N3wJE3h8paeXaQ+1BuIX6hny9eGQN6G+SorVarBrNmz6d333pPt6ILPP6c+fftSzkcf0RNDhqgc5qAe1CeCuX6NCEVAAN8A0xuZBAJOnTpFw55+2u874Tp9Rs0WNyoIaSEOhnVZBR4SvPv3GgKxGEfYG2o+njOHmvKeeexbb6mUGrZt20b7QzbjGtSL+kUwy0so69iGynhsVf14SGUJ5ujPP9PnX3wh7uiQoUNFy6nTponLirTczz6T9+XstMOqV61apUoGg\/ohB\/Li0jRr0iQReuhQTQMhWDOb\/WIdEA4kTFMk1vZNNX9hC25y1ll0fZs2YrWYMDS7d++mQz\/8oJ4CMPum8s9Es17wLu91Xhw9WnxeTBQz2aK9PCzy8\/OpU1KS9MBTzzyjchtEtV5NtHGqWbFyJZ3TogU9+\/zzNHPWLBEGJxy\/pNtukziTgHHK9UDDiONUEzojWSwWemHUKOrM2rTmjRWizb\/hHwI5Lc4\/X6LtCOjgHr\/Lr7xS6ol5RtLI3AvBAXNvPFj7YO5NjH3u1YSuMrEiqwyWt\/nmGy0QUSjQ66ltQB+VEp2a9TRbpZgTVSiAJyCew6B7VYo58CxkGzpzkkqJTK1CgTPrA6kQvpAZ8J3ER5r4vkqJTkxCgd8bZO8vEHiHaFCDe4Maxxtpht\/L\/i4oH8mePjfEMTZNnmMlLqFAPHwWZO3XwxD4ygvqTezELRSc8b2M5ozv2upK1eEfyf7sECrr1EaueD6TnBFlETEoH\/2ssYhheeVRZiyziZKO92eCRlUWoRDHa6N4FmcleZCVsXLYSnu2buYBOIKfDWcJSiNfvKGTeGkUZX1lpRKdxNJjKNOWzfYJNttgZ0rM+rkn5b3k4\/woh\/KNQYMq67PZyPnB24aZ4teZlXzyYao6sE\/lMKfq4H7JJ8ExKM1lUQ\/qa0gaRFmci7qmZPgbii9le\/QBqtq5Q+WIDeS3DX7ACEGiHq7PNTmdfC6XylE\/6qWsr6KC3NnTJahuKJlItof6kXf7FpWjbni2FctxqJg36mUXHnIgrz7UTdnqaiOu3qOzMS7xJe+7iyrXF5KXvfZqFUuoL56NRVxvb+lEkZPSidy5H4v8uhCfsqyEe1GesZWAcOwO+qVQZUG+ykASKBn10kuyr508ZQodPHhQ0nHipU9DkCdwG1oblQWrDLeJ5WFjAPnuhXnSnniIWVkcclj73GH0sjqOC9zGeLxe+tfhw+qJ6J7+\/SmpWzdyqvE2dfp0msj7bRz5IJ5Srjd+cVCxdJFx6IKlDG3g9sRz+FKrspVrv+Qtk+7V9mTtlUTuvHk8m4Sb0t59+2jQI4\/QvffdRw8PHiyHawVr1sg7BBGw+Vy2bJk8a9AZZgGFiLBcyEc7\/NbF7UM7ayOisp5NPF4euNvoRVR6R0dy8XattlMhN8\/MOKjNzMqiZs2a0f0DBsgBH4KNXbvzV+FdOHCxkuPGj6c5c+fK+3hBO1xzs6VdhtI8OXJ70e5IhCnr\/WYrWXFsGTATumZO4ZkwcmQGrFm7Vr7qby++WGIV11x3HV1y6aUSQrjq2mvlELF9hw70+yuukPc3JiZKUKy+oF1onwRd1LKH9kOPUPzKend9R7bHHjTGJG9JUdCVNYF8zvjHlpd7Pf\/LLym5Rw8JOSJAg2uL886jabGGHuME7UR7RWG0H8sg6wO9NAnefXvIPuxROWUT5zy5IzknvBPzmSLweDxkt9vlSLiMzRRRJ5jppMmT\/fHVK666irZt306VlZWS115ebvz4HmMWE1ZxcTHNz8ujovXrKT0jQ0wcY35nwJl2baDdzvTxogf0gV7QD3qGK8tjwJken7IYc2gwGo7QKZRFB2RkZoqiWtkdO3b4OwaKIq+VOwjLFMKuFcppQJ7iLVtoK5s5wnl79uyR9FgwlH3HGMuhyqo8DWrGmgn8dbSyl11+OW3mLxfIsV9+oU9yc6m0NNzxR1Q2d948Ono0tu1fTGasrn7qOkFp8JV385cY+eKLdF7LloayTZtSS152rrv+ekru2ZPGvvkm5Xz4Ia1ZFxxQPcKK4VwjsV07GjJsGJWU1L7lq9MEFUpdlx6YIhqpTfLwTz\/Rxk2bZA0eOnw4TUhPpxMnTsg7jN\/nRoygVq1b+y0AHdOEl6xbO3akbO6Q48ePmy5NsvRwe+q19IQSj1OBSenIkSO0a9cuWVamTJ1Kt6ekSAhdFFGTFX6tEOnmr60VTGAFg34q3y2s9IyZM8lqNdbnRnEqQvG7i\/KlWUCAu1jOSmIywVoLHxjXtWyiXxUV0YaNG2nDhg1UxPeFhYXyQzryYKbVv\/zVq2llfr6Ux7KFiWnZ8uW0ZOlSWs112R1O8qxYYriLXbkN3I4GdxeDwEaAHfDQjYAnYCPQGKB+\/0YAMht7IxAEjyFstWSLh9mbp3ds8Ty8xWtIarZ4PFlCUZaHrWWkU6faqJuyCtm858wI3rzzptuzteacrC4Eb97ZgthBcOfw5j3KYWIs1EtZjYRlpmbyIq7DMqx0HcIy3m\/\/KeX8yx7CMlMy6q2kpkGU1fjg+iHghvGMxsJ7QcDt4H6VwxwE5IyAGyuJOBaOiz4YRz6bVeVoGBpUWY2EUsf9VWZtaTx\/KSOUGnwCUBNKhdfG+XhcSii19LTK0bA0irIa0yD5yyOMIHnaSCpDuvJ6HGNG\/28GyUPxH39oM1XjEc\/\/N8cfofx3D7aI\/gP55nU0dczHNQAAAABJRU5ErkJggg==\" \/><strong>GHS09 Atsargiai<\/strong><\/p>\n<p><strong>H302 <\/strong>Kenksminga prarijus.<\/p>\n<p><strong>H315<\/strong> Dirgina od\u0105<\/p>\n<p><strong>H319<\/strong> Sukelia smark\u0173 aki\u0173 dirginim\u0105.<\/p>\n<p><strong>H317<\/strong> Gali sukelti alergin\u0119 odos reakcij\u0105.<\/p>\n<p><strong>H411<\/strong> Toksi&scaron;ka vandens organizmams, sukelia ilgalaikius pakitimus.<\/p>\n<p>P102 Laikyti vaikams neprieinamoje vietoje.<\/p>\n<p>P261 Stengtis ne\u012fkv\u0117pti gar\u0173.<\/p>\n<p>P264 Po naudojimo kruop&scaron;\u010diai nuplaukite rankas<\/p>\n<p>P273 Saugoti, kad nepatekt\u0173 \u012f aplink\u0105.<\/p>\n<p>P280 M\u016bv\u0117ti apsaugines pir&scaron;tines\/naudoti aki\u0173 (veido) apsaugos priemones.<\/p>\n<p>P391 Surinkti i&scaron;tek\u0117jusi\u0105 med\u017eiag\u0105.<\/p>\n<p>P301+P310 PRARIJUS: nedelsiant skambinti \u012f APSINUODIJIM\u0172 KONTROL\u0116S IR INFORMACIJOS BIUR\u0104\/kreiptis \u012f gydytoj\u0105.<\/p>\n<p>P330 I&scaron;skalauti burn\u0105.<\/p>\n<p>P331 NESKATINTI v\u0117mimo.<\/p>\n<p>P303+P361+P353 PATEKUS ANT ODOS (arba plauk\u0173): nedelsiant nuvilkti visus u\u017eter&scaron;tus drabu\u017eius. Od\u0105 nuplauti vandeniu [arba \u010diurk&scaron;le].<\/p>\n<p>P333+P313 Jeigu sudirginama oda arba j\u0105 i&scaron;beria: kreiptis \u012f gydytoj\u0105.<\/p>\n<p>P305+P351+P338 PATEKUS \u012e AKIS: Kelias minutes atsargiai plauti vandeniu. I&scaron;imti kontaktinius l\u0119&scaron;ius, jeigu jie yra ir jeigu lengvai galima tai padaryti. Toliau plauti akis.<\/p>\n<p>P337+P313 Jei aki\u0173 dirginimas nepraeina: kreiptis \u012f gydytoj\u0105.<\/p>\n<p>P321 Specialus gydymas (nuplaukite kontakto vietas muilu ir vandeniu).<\/p>\n<p>P405 Laikyti u\u017erakint\u0105.<\/p>\n<p>P501 Turin\u012f\/talpykl\u0105 i&scaron;pilti (i&scaron;mesti) &#8211; sunaudot\u0105&nbsp; pakuot\u0117 utilizuoti&nbsp; kaip buitines atliekas.<\/p>\n","protected":false},"excerpt":{"rendered":"<p>Gvazdik\u0117li\u0173 eterinis aliejus tonizuoja, skatina protin\u0119 veikl\u0105, gerina imunitet\u0105. Atkuria od\u0105, normalizuoja hidrolipidin\u012f barjer\u0105 ir didina elastingum\u0105. Nat\u016bralus repelentas. Afrodiziakas. Ne vaistas. Kontraindikacijos: nerekomenduojama asmenims, kurie netoleruoja eterinio aliejaus sudedam\u0173j\u0173 dali\u0173. Nevartoti esant n\u0117&scaron;tumui Nenaudoti esant didesniam nerviniam jautrumui, auk&scaron;tam spaudimui. Didesn\u0117s doz\u0117s gali stipriai sudirginti od\u0105 ir erzinti. Naudojimo ir dozavimo instrukcijos: 1. Garinimas [&#8230;]\n","protected":false},"featured_media":98707,"template":"","meta":[],"product_cat":[2181],"product_tag":[],"class_list":{"0":"post-60994","1":"product","2":"type-product","3":"status-publish","4":"has-post-thumbnail","6":"product_brand-green-pharm-cosmetic_ua-lt","7":"product_cat-bez-kategorijas-lt","9":"first","10":"instock","11":"taxable","12":"shipping-taxable","13":"product-type-simple"},"_links":{"self":[{"href":"https:\/\/e.kosmolat.eu\/lt\/wp-json\/wp\/v2\/product\/60994","targetHints":{"allow":["GET"]}}],"collection":[{"href":"https:\/\/e.kosmolat.eu\/lt\/wp-json\/wp\/v2\/product"}],"about":[{"href":"https:\/\/e.kosmolat.eu\/lt\/wp-json\/wp\/v2\/types\/product"}],"wp:featuredmedia":[{"embeddable":true,"href":"https:\/\/e.kosmolat.eu\/lt\/wp-json\/wp\/v2\/media\/98707"}],"wp:attachment":[{"href":"https:\/\/e.kosmolat.eu\/lt\/wp-json\/wp\/v2\/media?parent=60994"}],"wp:term":[{"taxonomy":"product_cat","embeddable":true,"href":"https:\/\/e.kosmolat.eu\/lt\/wp-json\/wp\/v2\/product_cat?post=60994"},{"taxonomy":"product_tag","embeddable":true,"href":"https:\/\/e.kosmolat.eu\/lt\/wp-json\/wp\/v2\/product_tag?post=60994"}],"curies":[{"name":"wp","href":"https:\/\/api.w.org\/{rel}","templated":true}]}}