{"id":60898,"date":"2025-01-08T05:04:57","date_gmt":"2025-01-08T05:04:57","guid":{"rendered":"https:\/\/e.kosmolat.eu\/product\/eci-prof-shine-care-matu-serums-125-ml\/"},"modified":"2026-04-22T09:48:23","modified_gmt":"2026-04-22T09:48:23","slug":"eci-prof-shine-care-matu-serums-125-ml","status":"publish","type":"product","link":"https:\/\/e.kosmolat.eu\/lt\/produktas\/eci-prof-shine-care-matu-serums-125-ml\/","title":{"rendered":"ECI Professional Shine &#038; Care plauk\u0173 serumas, 125 ml"},"content":{"rendered":"<p>Plauk\u0173 serumas atgaivina l\u016b\u017ein\u0117jan\u010dius galiukus, neleid\u017eia jiems elektrintis, suteikia apimties ir maitina juos i\u0161 vidaus.<\/p>\n<p>Naudojimas: kelis la\u0161us serumo u\u017ela\u0161inkite ant rank\u0173, \u012ftrinkite \u012f plauk\u0173 galiukus. Galima naudoti ant saus\u0173 ir dr\u0117gn\u0173 plauk\u0173.<\/p>\n<p>Atsargumo priemon\u0117s: Tik i\u0161oriniam naudojimui. Vengti patekimo \u012f akis. Patekus \u012f akis, plauti dideliu kiekiu vandens. Laikyti vaikams nepasiekiamoje vietoje kambario temperat\u016broje. Nenaudoti vaikams iki 3 met\u0173 am\u017eiaus.<\/p>\n","protected":false},"excerpt":{"rendered":"<p>Plauk\u0173 serumas atgaivina l\u016b\u017ein\u0117jan\u010dius galiukus, neleid\u017eia jiems elektrintis, suteikia apimties ir maitina juos i\u0161 vidaus. Naudojimas: kelis la\u0161us serumo u\u017ela\u0161inkite ant rank\u0173, \u012ftrinkite \u012f plauk\u0173 galiukus. Galima naudoti ant saus\u0173 ir dr\u0117gn\u0173 plauk\u0173. Atsargumo priemon\u0117s: Tik i\u0161oriniam naudojimui. Vengti patekimo \u012f akis. Patekus \u012f akis, plauti dideliu kiekiu vandens. Laikyti vaikams nepasiekiamoje vietoje kambario temperat\u016broje. [&#8230;]\n","protected":false},"featured_media":102559,"template":"","meta":[],"product_cat":[2181],"product_tag":[],"class_list":{"0":"post-60898","1":"product","2":"type-product","3":"status-publish","4":"has-post-thumbnail","6":"product_brand-sora_tr-lt","7":"product_cat-bez-kategorijas-lt","9":"first","10":"instock","11":"taxable","12":"shipping-taxable","13":"product-type-simple"},"_links":{"self":[{"href":"https:\/\/e.kosmolat.eu\/lt\/wp-json\/wp\/v2\/product\/60898","targetHints":{"allow":["GET"]}}],"collection":[{"href":"https:\/\/e.kosmolat.eu\/lt\/wp-json\/wp\/v2\/product"}],"about":[{"href":"https:\/\/e.kosmolat.eu\/lt\/wp-json\/wp\/v2\/types\/product"}],"wp:featuredmedia":[{"embeddable":true,"href":"https:\/\/e.kosmolat.eu\/lt\/wp-json\/wp\/v2\/media\/102559"}],"wp:attachment":[{"href":"https:\/\/e.kosmolat.eu\/lt\/wp-json\/wp\/v2\/media?parent=60898"}],"wp:term":[{"taxonomy":"product_cat","embeddable":true,"href":"https:\/\/e.kosmolat.eu\/lt\/wp-json\/wp\/v2\/product_cat?post=60898"},{"taxonomy":"product_tag","embeddable":true,"href":"https:\/\/e.kosmolat.eu\/lt\/wp-json\/wp\/v2\/product_tag?post=60898"}],"curies":[{"name":"wp","href":"https:\/\/api.w.org\/{rel}","templated":true}]}}