{"id":60890,"date":"2025-01-08T05:04:32","date_gmt":"2025-01-08T05:04:32","guid":{"rendered":"https:\/\/e.kosmolat.eu\/product\/wow-sejas-skrubis-ar-gurka-ekstraktu-500-ml\/"},"modified":"2025-09-22T09:12:59","modified_gmt":"2025-09-22T09:12:59","slug":"wow-sejas-skrubis-ar-gurka-ekstraktu-500-ml","status":"publish","type":"product","link":"https:\/\/e.kosmolat.eu\/lt\/produktas\/wow-sejas-skrubis-ar-gurka-ekstraktu-500-ml\/","title":{"rendered":"WOW Veido \u0161veitiklis su agurk\u0173 ekstraktu, 500 ml"},"content":{"rendered":"<p>Sud\u0117tyje yra multivitamin\u0173 kompleksas. Tinka visiems odos tipams. \u0160velnios formul\u0117s veido \u0161veitiklis pa\u0161alina negyvas odos l\u0105steles ir palieka od\u0105 gaivi\u0105, \u0161velni\u0105 ir \u0161vari\u0105. Jis praturtintas 100% abrikos\u0173 kauliukais.<\/p>\n<p>Naudojimas: \u0160velniai u\u017etepkite \u0161veitikl\u012f ant dr\u0117gnos arba sausos odos, masa\u017euodami sukamaisiais judesiais vien\u0105 minut\u0119. Kruop\u0161\u010diai nuplaukite vandeniu.<\/p>\n<p>Atsargumo priemon\u0117s: Tik i\u0161oriniam naudojimui. Vengti patekimo \u012f akis. Patekus \u012f akis, plauti dideliu kiekiu vandens. Laikyti vaikams nepasiekiamoje vietoje kambario temperat\u016broje. Nenaudoti vaikams iki 3 met\u0173 am\u017eiaus.<\/p>\n","protected":false},"excerpt":{"rendered":"<p>Sud\u0117tyje yra multivitamin\u0173 kompleksas. Tinka visiems odos tipams. \u0160velnios formul\u0117s veido \u0161veitiklis pa\u0161alina negyvas odos l\u0105steles ir palieka od\u0105 gaivi\u0105, \u0161velni\u0105 ir \u0161vari\u0105. Jis praturtintas 100% abrikos\u0173 kauliukais. Naudojimas: \u0160velniai u\u017etepkite \u0161veitikl\u012f ant dr\u0117gnos arba sausos odos, masa\u017euodami sukamaisiais judesiais vien\u0105 minut\u0119. Kruop\u0161\u010diai nuplaukite vandeniu. Atsargumo priemon\u0117s: Tik i\u0161oriniam naudojimui. Vengti patekimo \u012f akis. Patekus [&#8230;]\n","protected":false},"featured_media":96420,"template":"","meta":[],"product_cat":[1396],"product_tag":[],"class_list":{"0":"post-60890","1":"product","2":"type-product","3":"status-publish","4":"has-post-thumbnail","6":"product_brand-sora_tr-lt","7":"product_cat-veido-sveitikliai-ir-pilingai","9":"first","10":"outofstock","11":"taxable","12":"shipping-taxable","13":"product-type-simple"},"_links":{"self":[{"href":"https:\/\/e.kosmolat.eu\/lt\/wp-json\/wp\/v2\/product\/60890","targetHints":{"allow":["GET"]}}],"collection":[{"href":"https:\/\/e.kosmolat.eu\/lt\/wp-json\/wp\/v2\/product"}],"about":[{"href":"https:\/\/e.kosmolat.eu\/lt\/wp-json\/wp\/v2\/types\/product"}],"wp:featuredmedia":[{"embeddable":true,"href":"https:\/\/e.kosmolat.eu\/lt\/wp-json\/wp\/v2\/media\/96420"}],"wp:attachment":[{"href":"https:\/\/e.kosmolat.eu\/lt\/wp-json\/wp\/v2\/media?parent=60890"}],"wp:term":[{"taxonomy":"product_cat","embeddable":true,"href":"https:\/\/e.kosmolat.eu\/lt\/wp-json\/wp\/v2\/product_cat?post=60890"},{"taxonomy":"product_tag","embeddable":true,"href":"https:\/\/e.kosmolat.eu\/lt\/wp-json\/wp\/v2\/product_tag?post=60890"}],"curies":[{"name":"wp","href":"https:\/\/api.w.org\/{rel}","templated":true}]}}