{"id":60846,"date":"2025-01-07T07:20:31","date_gmt":"2025-01-07T07:20:31","guid":{"rendered":"https:\/\/e.kosmolat.eu\/product\/eci-barber-series-ultra-strong-matu-zeleja-300-ml\/"},"modified":"2025-08-04T11:11:29","modified_gmt":"2025-08-04T11:11:29","slug":"eci-barber-series-ultra-strong-matu-zeleja-300-ml","status":"publish","type":"product","link":"https:\/\/e.kosmolat.eu\/lt\/produktas\/eci-barber-series-ultra-strong-matu-zeleja-300-ml\/","title":{"rendered":"ECI Barber Series Ultra Strong Gelis  plaukams, 150 ml"},"content":{"rendered":"<p>Itin stiprios fiksacijos gelis plaukams, suteikia plaukams gyvybingumo.<\/p>\n<p>Naudojimas: Pir\u0161tais paimkite nedidel\u012f kiek\u012f gelio ir u\u017etepkite ant plauk\u0173.<\/p>\n<p>Atsargumo priemon\u0117s: Tik i\u0161oriniam naudojimui. Vengti patekimo \u012f akis. Patekus \u012f akis, gerai i\u0161plauti dideliu kiekiu vandens. Laikyti vaikams nepasiekiamoje vietoje kambario temperat\u016broje. Nenaudoti vaikams iki 3 met\u0173.<\/p>\n","protected":false},"excerpt":{"rendered":"<p>Itin stiprios fiksacijos gelis plaukams, suteikia plaukams gyvybingumo. Naudojimas: Pir\u0161tais paimkite nedidel\u012f kiek\u012f gelio ir u\u017etepkite ant plauk\u0173. Atsargumo priemon\u0117s: Tik i\u0161oriniam naudojimui. Vengti patekimo \u012f akis. Patekus \u012f akis, gerai i\u0161plauti dideliu kiekiu vandens. Laikyti vaikams nepasiekiamoje vietoje kambario temperat\u016broje. Nenaudoti vaikams iki 3 met\u0173.<\/p>\n","protected":false},"featured_media":60988,"template":"","meta":[],"product_cat":[1688],"product_tag":[],"class_list":{"0":"post-60846","1":"product","2":"type-product","3":"status-publish","4":"has-post-thumbnail","6":"product_brand-sora_tr-lt","7":"product_cat-plauku-prieziura-vyrams-2","9":"first","10":"outofstock","11":"taxable","12":"shipping-taxable","13":"product-type-simple"},"_links":{"self":[{"href":"https:\/\/e.kosmolat.eu\/lt\/wp-json\/wp\/v2\/product\/60846","targetHints":{"allow":["GET"]}}],"collection":[{"href":"https:\/\/e.kosmolat.eu\/lt\/wp-json\/wp\/v2\/product"}],"about":[{"href":"https:\/\/e.kosmolat.eu\/lt\/wp-json\/wp\/v2\/types\/product"}],"wp:featuredmedia":[{"embeddable":true,"href":"https:\/\/e.kosmolat.eu\/lt\/wp-json\/wp\/v2\/media\/60988"}],"wp:attachment":[{"href":"https:\/\/e.kosmolat.eu\/lt\/wp-json\/wp\/v2\/media?parent=60846"}],"wp:term":[{"taxonomy":"product_cat","embeddable":true,"href":"https:\/\/e.kosmolat.eu\/lt\/wp-json\/wp\/v2\/product_cat?post=60846"},{"taxonomy":"product_tag","embeddable":true,"href":"https:\/\/e.kosmolat.eu\/lt\/wp-json\/wp\/v2\/product_tag?post=60846"}],"curies":[{"name":"wp","href":"https:\/\/api.w.org\/{rel}","templated":true}]}}